{"id":740,"date":"2026-04-16T12:19:10","date_gmt":"2026-04-16T12:19:10","guid":{"rendered":"https:\/\/n1thnltmdt21c.azdigi.shop\/?post_type=product&#038;p=740"},"modified":"2026-04-17T03:10:00","modified_gmt":"2026-04-17T03:10:00","slug":"balo-cau-long-yonex-bag525b1212z","status":"publish","type":"product","link":"https:\/\/n1thnltmdt21c.azdigi.shop\/index.php\/product\/balo-cau-long-yonex-bag525b1212z\/","title":{"rendered":"Balo c\u1ea7u l\u00f4ng Yonex BAG525B1212Z"},"content":{"rendered":"<h2><strong>1. Gi\u1edbi thi\u1ec7u Balo c\u1ea7u l\u00f4ng Yonex BAG525B1212Z<\/strong><\/h2>\n<p>&#8211;\u00a0<a href=\"https:\/\/shopvnb.com\/balo-cau-long-yonex-bag525b1212z.html\">Balo c\u1ea7u l\u00f4ng Yonex BAG525B1212Z<\/a>\u00a0thu\u1ed9c d\u00f2ng All Day 2026, \u0111\u01b0\u1ee3c \u0111\u1ecbnh h\u01b0\u1edbng l\u00e0 gi\u1ea3i ph\u00e1p mang theo to\u00e0n di\u1ec7n d\u00e0nh cho ng\u01b0\u1eddi ch\u01a1i th\u01b0\u1eddng xuy\u00ean di chuy\u1ec3n gi\u1eefa t\u1eadp luy\u1ec7n v\u00e0 thi \u0111\u1ea5u. S\u1ea3n ph\u1ea9m n\u1ed5i b\u1eadt v\u1edbi kh\u1ea3 n\u0103ng b\u1ea3o v\u1ec7 thi\u1ebft b\u1ecb t\u1ed1i \u01b0u nh\u1edd h\u1ec7 th\u1ed1ng \u0111\u1ec7m ch\u1ed1ng s\u1ed1c \u0111\u01b0\u1ee3c gia c\u1ed1 \u1edf c\u1ea3 ng\u0103n v\u1ee3t v\u00e0 ng\u0103n ch\u00ednh, gi\u00fap h\u1ea1n ch\u1ebf t\u00e1c \u0111\u1ed9ng khi va ch\u1ea1m ho\u1eb7c di chuy\u1ec3n li\u00ean t\u1ee5c.<\/p>\n<p>&#8211; B\u00ean c\u1ea1nh \u0111\u00f3, thi\u1ebft k\u1ebf c\u00f4ng th\u00e1i h\u1ecdc hi\u1ec7n \u0111\u1ea1i v\u1edbi quai \u0111eo 3D gi\u00fap ph\u00e2n b\u1ed5 l\u1ef1c \u0111\u1ec1u tr\u00ean vai v\u00e0 l\u01b0ng, mang l\u1ea1i c\u1ea3m gi\u00e1c \u0111eo \u1ed5n \u0111\u1ecbnh, gi\u1ea3m \u00e1p l\u1ef1c khi s\u1eed d\u1ee5ng trong th\u1eddi gian d\u00e0i. \u0110i\u1ec3m c\u1ed9ng l\u1edbn c\u1ee7a m\u1eabu balo n\u00e0y c\u00f2n n\u1eb1m \u1edf c\u00e1ch t\u1ed5 ch\u1ee9c kh\u00f4ng gian th\u00f4ng minh: ng\u0103n gi\u00e0y t\u00e1ch bi\u1ec7t ti\u1ec7n l\u1ee3i, c\u00e1c ng\u0103n ph\u1ee5 \u0111\u01b0\u1ee3c b\u1ed1 tr\u00ed khoa h\u1ecdc gi\u00fap ng\u01b0\u1eddi d\u00f9ng d\u1ec5 d\u00e0ng qu\u1ea3n l\u00fd \u0111\u1ed3 d\u00f9ng c\u00e1 nh\u00e2n, t\u1eeb v\u1ee3t, qu\u1ea7n \u00e1o \u0111\u1ebfn ph\u1ee5 ki\u1ec7n nh\u1ecf. T\u1ed5ng th\u1ec3, \u0111\u00e2y l\u00e0 l\u1ef1a ch\u1ecdn ph\u00f9 h\u1ee3p cho ng\u01b0\u1eddi ch\u01a1i c\u1ea7u l\u00f4ng c\u1ea7n m\u1ed9t chi\u1ebfc balo v\u1eeba b\u1ec1n b\u1ec9, v\u1eeba linh ho\u1ea1t cho nhu c\u1ea7u s\u1eed d\u1ee5ng h\u00e0ng ng\u00e0y.<\/p>\n<p><img decoding=\"async\" src=\"https:\/\/cdn.shopvnb.com\/uploads\/gallery\/balo-cau-long-yonex-bag525b1212z-bright-white-chinh-hang_1775610694.webp\" alt=\"Balo c\u1ea7u l\u00f4ng Yonex BAG525B1212Z - Bright White ch\u00ednh h\u00e3ng\" \/><\/p>\n<p><em>Balo c\u1ea7u l\u00f4ng Yonex BAG525B1212Z &#8211; Bright White ch\u00ednh h\u00e3ng<\/em><\/p>\n<p><img decoding=\"async\" src=\"https:\/\/cdn.shopvnb.com\/uploads\/gallery\/balo-cau-long-yonex-bag525b1212z-riviera-chinh-hang_1775610865.webp\" alt=\"Balo c\u1ea7u l\u00f4ng Yonex BAG525B1212Z - Riviera ch\u00ednh h\u00e3ng\" \/><\/p>\n<p><em>Balo c\u1ea7u l\u00f4ng Yonex BAG525B1212Z &#8211; Riviera ch\u00ednh h\u00e3ng<\/em><\/p>\n<h2><strong>2. Th\u00f4ng s\u1ed1 chi ti\u1ebft c\u1ee7a Balo c\u1ea7u l\u00f4ng Yonex BAG525B1212Z<\/strong><\/h2>\n<p>&#8211; Th\u01b0\u01a1ng hi\u1ec7u: Yonex<\/p>\n<p>&#8211; Ch\u1ea5t li\u1ec7u: PU Leather<\/p>\n<p>&#8211; K\u00edch th\u01b0\u1edbc: 31 x 14 x 48 cm<\/p>\n<p>&#8211; Th\u1ec3 t\u00edch Balo c\u1ea7u l\u00f4ng Yonex BAG525B1212Z: 17L<\/p>\n<p>Ngo\u00e0i ra, c\u00e1c b\u1ea1n c\u00f3 th\u1ec3 xem th\u00eam nh\u1eefng m\u1eabu\u00a0<a href=\"https:\/\/shopvnb.com\/balo-cau-long-yonex.html\">balo c\u1ea7u l\u00f4ng Yonex<\/a>\u00a0kh\u00e1c v\u1edbi nhi\u1ec1u m\u1eabu m\u00e3 \u0111a d\u1ea1ng \u0111\u01b0\u1ee3c c\u1eadp nh\u1eadt li\u00ean t\u1ee5c t\u1ea1i \u0111\u00e2y.<\/p>\n<h2><strong>3. \u01afu \u0111i\u1ec3m c\u1ee7a Balo c\u1ea7u l\u00f4ng Yonex BAG525B1212Z<\/strong><\/h2>\n<p>&#8211; B\u1ea3o v\u1ec7 v\u01b0\u1ee3t tr\u1ed9i: Ng\u0103n v\u1ee3t (2\u20133 c\u00e2y) v\u00e0 ng\u0103n ch\u00ednh \u0111\u1ec1u \u0111\u01b0\u1ee3c trang b\u1ecb l\u1edbp \u0111\u1ec7m d\u00e0y, gi\u00fap gi\u1ea3m rung ch\u1ea5n hi\u1ec7u qu\u1ea3, b\u1ea3o v\u1ec7 t\u1ed1t v\u1ee3t v\u00e0 c\u00e1c v\u1eadt d\u1ee5ng d\u1ec5 h\u01b0 h\u1ecfng.<\/p>\n<p>&#8211; Thi\u1ebft k\u1ebf c\u00f4ng th\u00e1i h\u1ecdc: Quai \u0111eo 3D k\u1ebft h\u1ee3p l\u1edbp \u0111\u1ec7m \u00eam gi\u00fap gi\u1ea3m \u00e1p l\u1ef1c l\u00ean vai, h\u1ed7 tr\u1ee3 mang v\u00e1c tho\u1ea3i m\u00e1i trong th\u1eddi gian d\u00e0i.<\/p>\n<p>&#8211; Ng\u0103n gi\u00e0y t\u00e1ch bi\u1ec7t ti\u1ec7n l\u1ee3i: Balo c\u1ea7u l\u00f4ng Yonex BAG525B1212Z c\u00f3 kh\u00f4ng gian ri\u00eang cho gi\u00e0y gi\u00fap gi\u1eef v\u1ec7 sinh v\u00e0 d\u1ec5 d\u00e0ng thao t\u00e1c khi s\u1eed d\u1ee5ng.<\/p>\n<p>&#8211; T\u1ed1i \u01b0u l\u01b0u tr\u1eef: B\u1ed1 tr\u00ed nhi\u1ec1u ng\u0103n ch\u1ee9c n\u0103ng nh\u01b0 ng\u0103n b\u00ecnh n\u01b0\u1edbc, ng\u0103n ph\u1ee5 ki\u1ec7n nh\u1ecf, h\u1ed7 tr\u1ee3 s\u1eafp x\u1ebfp \u0111\u1ed3 d\u00f9ng g\u1ecdn g\u00e0ng v\u00e0 khoa h\u1ecdc.<\/p>\n<p>&#8211; Ch\u1ea5t li\u1ec7u b\u1ec1n b\u1ec9, th\u1ea9m m\u1ef9 cao: L\u1edbp PU Leather gi\u00fap t\u0103ng \u0111\u1ed9 b\u1ec1n, ch\u1ed1ng b\u00e1m b\u1ea9n t\u1ed1t, k\u1ebft h\u1ee3p thi\u1ebft k\u1ebf hi\u1ec7n \u0111\u1ea1i ph\u00f9 h\u1ee3p c\u1ea3 khi \u0111i t\u1eadp l\u1eabn s\u1eed d\u1ee5ng h\u00e0ng ng\u00e0y.<\/p>\n","protected":false},"excerpt":{"rendered":"<p>1. Gi\u1edbi thi\u1ec7u Balo c\u1ea7u l\u00f4ng Yonex BAG525B1212Z &#8211;\u00a0Balo c\u1ea7u l\u00f4ng Yonex BAG525B1212Z\u00a0thu\u1ed9c d\u00f2ng All Day 2026, \u0111\u01b0\u1ee3c \u0111\u1ecbnh h\u01b0\u1edbng l\u00e0 gi\u1ea3i ph\u00e1p mang theo to\u00e0n di\u1ec7n d\u00e0nh cho ng\u01b0\u1eddi ch\u01a1i th\u01b0\u1eddng xuy\u00ean di chuy\u1ec3n gi\u1eefa t\u1eadp luy\u1ec7n v\u00e0 thi \u0111\u1ea5u. S\u1ea3n ph\u1ea9m n\u1ed5i b\u1eadt v\u1edbi kh\u1ea3 n\u0103ng b\u1ea3o v\u1ec7 thi\u1ebft b\u1ecb t\u1ed1i \u01b0u nh\u1edd&#8230;<\/p>\n","protected":false},"featured_media":746,"comment_status":"open","ping_status":"closed","template":"","meta":[],"product_brand":[36],"product_cat":[72],"product_tag":[],"class_list":{"0":"post-740","1":"product","2":"type-product","3":"status-publish","4":"has-post-thumbnail","6":"product_brand-yonex","7":"product_cat-balo-cau-long","9":"first","10":"instock","11":"shipping-taxable","12":"purchasable","13":"product-type-variable"},"yoast_head":"<!-- This site is optimized with the Yoast SEO plugin v27.3 - https:\/\/yoast.com\/product\/yoast-seo-wordpress\/ -->\n<title>Balo c\u1ea7u l\u00f4ng Yonex BAG525B1212Z - one<\/title>\n<meta name=\"robots\" content=\"index, follow, max-snippet:-1, max-image-preview:large, max-video-preview:-1\" \/>\n<link rel=\"canonical\" href=\"https:\/\/n1thnltmdt21c.azdigi.shop\/index.php\/product\/balo-cau-long-yonex-bag525b1212z\/\" \/>\n<meta property=\"og:locale\" content=\"vi_VN\" \/>\n<meta property=\"og:type\" content=\"article\" \/>\n<meta property=\"og:title\" content=\"Balo c\u1ea7u l\u00f4ng Yonex BAG525B1212Z - one\" \/>\n<meta property=\"og:description\" content=\"1. Gi\u1edbi thi\u1ec7u Balo c\u1ea7u l\u00f4ng Yonex BAG525B1212Z &#8211;\u00a0Balo c\u1ea7u l\u00f4ng Yonex BAG525B1212Z\u00a0thu\u1ed9c d\u00f2ng All Day 2026, \u0111\u01b0\u1ee3c \u0111\u1ecbnh h\u01b0\u1edbng l\u00e0 gi\u1ea3i ph\u00e1p mang theo to\u00e0n di\u1ec7n d\u00e0nh cho ng\u01b0\u1eddi ch\u01a1i th\u01b0\u1eddng xuy\u00ean di chuy\u1ec3n gi\u1eefa t\u1eadp luy\u1ec7n v\u00e0 thi \u0111\u1ea5u. S\u1ea3n ph\u1ea9m n\u1ed5i b\u1eadt v\u1edbi kh\u1ea3 n\u0103ng b\u1ea3o v\u1ec7 thi\u1ebft b\u1ecb t\u1ed1i \u01b0u nh\u1edd...\" \/>\n<meta property=\"og:url\" content=\"https:\/\/n1thnltmdt21c.azdigi.shop\/index.php\/product\/balo-cau-long-yonex-bag525b1212z\/\" \/>\n<meta property=\"og:site_name\" content=\"one\" \/>\n<meta property=\"article:modified_time\" content=\"2026-04-17T03:10:00+00:00\" \/>\n<meta property=\"og:image\" content=\"https:\/\/n1thnltmdt21c.azdigi.shop\/wp-content\/uploads\/2026\/04\/577.webp\" \/>\n\t<meta property=\"og:image:width\" content=\"300\" \/>\n\t<meta property=\"og:image:height\" content=\"300\" \/>\n\t<meta property=\"og:image:type\" content=\"image\/webp\" \/>\n<meta name=\"twitter:card\" content=\"summary_large_image\" \/>\n<meta name=\"twitter:label1\" content=\"\u01af\u1edbc t\u00ednh th\u1eddi gian \u0111\u1ecdc\" \/>\n\t<meta name=\"twitter:data1\" content=\"4 ph\u00fat\" \/>\n<script type=\"application\/ld+json\" class=\"yoast-schema-graph\">{\"@context\":\"https:\\\/\\\/schema.org\",\"@graph\":[{\"@type\":\"WebPage\",\"@id\":\"https:\\\/\\\/n1thnltmdt21c.azdigi.shop\\\/index.php\\\/product\\\/balo-cau-long-yonex-bag525b1212z\\\/\",\"url\":\"https:\\\/\\\/n1thnltmdt21c.azdigi.shop\\\/index.php\\\/product\\\/balo-cau-long-yonex-bag525b1212z\\\/\",\"name\":\"Balo c\u1ea7u l\u00f4ng Yonex BAG525B1212Z - one\",\"isPartOf\":{\"@id\":\"https:\\\/\\\/n1thnltmdt21c.azdigi.shop\\\/#website\"},\"primaryImageOfPage\":{\"@id\":\"https:\\\/\\\/n1thnltmdt21c.azdigi.shop\\\/index.php\\\/product\\\/balo-cau-long-yonex-bag525b1212z\\\/#primaryimage\"},\"image\":{\"@id\":\"https:\\\/\\\/n1thnltmdt21c.azdigi.shop\\\/index.php\\\/product\\\/balo-cau-long-yonex-bag525b1212z\\\/#primaryimage\"},\"thumbnailUrl\":\"https:\\\/\\\/n1thnltmdt21c.azdigi.shop\\\/wp-content\\\/uploads\\\/2026\\\/04\\\/577.webp\",\"datePublished\":\"2026-04-16T12:19:10+00:00\",\"dateModified\":\"2026-04-17T03:10:00+00:00\",\"breadcrumb\":{\"@id\":\"https:\\\/\\\/n1thnltmdt21c.azdigi.shop\\\/index.php\\\/product\\\/balo-cau-long-yonex-bag525b1212z\\\/#breadcrumb\"},\"inLanguage\":\"vi\",\"potentialAction\":[{\"@type\":\"ReadAction\",\"target\":[\"https:\\\/\\\/n1thnltmdt21c.azdigi.shop\\\/index.php\\\/product\\\/balo-cau-long-yonex-bag525b1212z\\\/\"]}]},{\"@type\":\"ImageObject\",\"inLanguage\":\"vi\",\"@id\":\"https:\\\/\\\/n1thnltmdt21c.azdigi.shop\\\/index.php\\\/product\\\/balo-cau-long-yonex-bag525b1212z\\\/#primaryimage\",\"url\":\"https:\\\/\\\/n1thnltmdt21c.azdigi.shop\\\/wp-content\\\/uploads\\\/2026\\\/04\\\/577.webp\",\"contentUrl\":\"https:\\\/\\\/n1thnltmdt21c.azdigi.shop\\\/wp-content\\\/uploads\\\/2026\\\/04\\\/577.webp\",\"width\":300,\"height\":300},{\"@type\":\"BreadcrumbList\",\"@id\":\"https:\\\/\\\/n1thnltmdt21c.azdigi.shop\\\/index.php\\\/product\\\/balo-cau-long-yonex-bag525b1212z\\\/#breadcrumb\",\"itemListElement\":[{\"@type\":\"ListItem\",\"position\":1,\"name\":\"Home\",\"item\":\"https:\\\/\\\/n1thnltmdt21c.azdigi.shop\\\/\"},{\"@type\":\"ListItem\",\"position\":2,\"name\":\"C\u1eeda h\u00e0ng\",\"item\":\"https:\\\/\\\/n1thnltmdt21c.azdigi.shop\\\/index.php\\\/cua-hang\\\/\"},{\"@type\":\"ListItem\",\"position\":3,\"name\":\"Balo c\u1ea7u l\u00f4ng Yonex BAG525B1212Z\"}]},{\"@type\":\"WebSite\",\"@id\":\"https:\\\/\\\/n1thnltmdt21c.azdigi.shop\\\/#website\",\"url\":\"https:\\\/\\\/n1thnltmdt21c.azdigi.shop\\\/\",\"name\":\"one\",\"description\":\"\",\"publisher\":{\"@id\":\"https:\\\/\\\/n1thnltmdt21c.azdigi.shop\\\/#\\\/schema\\\/person\\\/f9c8d72cb37e057ca75fcb301f24775b\"},\"potentialAction\":[{\"@type\":\"SearchAction\",\"target\":{\"@type\":\"EntryPoint\",\"urlTemplate\":\"https:\\\/\\\/n1thnltmdt21c.azdigi.shop\\\/?s={search_term_string}\"},\"query-input\":{\"@type\":\"PropertyValueSpecification\",\"valueRequired\":true,\"valueName\":\"search_term_string\"}}],\"inLanguage\":\"vi\"},{\"@type\":[\"Person\",\"Organization\"],\"@id\":\"https:\\\/\\\/n1thnltmdt21c.azdigi.shop\\\/#\\\/schema\\\/person\\\/f9c8d72cb37e057ca75fcb301f24775b\",\"name\":\"avycvsxw\",\"image\":{\"@type\":\"ImageObject\",\"inLanguage\":\"vi\",\"@id\":\"https:\\\/\\\/secure.gravatar.com\\\/avatar\\\/c56eb1032dab3a3f203620cbf35d45b422a782950bfc8d85494eb01f8e118853?s=96&d=mm&r=g\",\"url\":\"https:\\\/\\\/secure.gravatar.com\\\/avatar\\\/c56eb1032dab3a3f203620cbf35d45b422a782950bfc8d85494eb01f8e118853?s=96&d=mm&r=g\",\"contentUrl\":\"https:\\\/\\\/secure.gravatar.com\\\/avatar\\\/c56eb1032dab3a3f203620cbf35d45b422a782950bfc8d85494eb01f8e118853?s=96&d=mm&r=g\",\"caption\":\"avycvsxw\"},\"logo\":{\"@id\":\"https:\\\/\\\/secure.gravatar.com\\\/avatar\\\/c56eb1032dab3a3f203620cbf35d45b422a782950bfc8d85494eb01f8e118853?s=96&d=mm&r=g\"},\"sameAs\":[\"https:\\\/\\\/n1thnltmdt21c.azdigi.shop\"]}]}<\/script>\n<!-- \/ Yoast SEO plugin. -->","yoast_head_json":{"title":"Balo c\u1ea7u l\u00f4ng Yonex BAG525B1212Z - one","robots":{"index":"index","follow":"follow","max-snippet":"max-snippet:-1","max-image-preview":"max-image-preview:large","max-video-preview":"max-video-preview:-1"},"canonical":"https:\/\/n1thnltmdt21c.azdigi.shop\/index.php\/product\/balo-cau-long-yonex-bag525b1212z\/","og_locale":"vi_VN","og_type":"article","og_title":"Balo c\u1ea7u l\u00f4ng Yonex BAG525B1212Z - one","og_description":"1. Gi\u1edbi thi\u1ec7u Balo c\u1ea7u l\u00f4ng Yonex BAG525B1212Z &#8211;\u00a0Balo c\u1ea7u l\u00f4ng Yonex BAG525B1212Z\u00a0thu\u1ed9c d\u00f2ng All Day 2026, \u0111\u01b0\u1ee3c \u0111\u1ecbnh h\u01b0\u1edbng l\u00e0 gi\u1ea3i ph\u00e1p mang theo to\u00e0n di\u1ec7n d\u00e0nh cho ng\u01b0\u1eddi ch\u01a1i th\u01b0\u1eddng xuy\u00ean di chuy\u1ec3n gi\u1eefa t\u1eadp luy\u1ec7n v\u00e0 thi \u0111\u1ea5u. S\u1ea3n ph\u1ea9m n\u1ed5i b\u1eadt v\u1edbi kh\u1ea3 n\u0103ng b\u1ea3o v\u1ec7 thi\u1ebft b\u1ecb t\u1ed1i \u01b0u nh\u1edd...","og_url":"https:\/\/n1thnltmdt21c.azdigi.shop\/index.php\/product\/balo-cau-long-yonex-bag525b1212z\/","og_site_name":"one","article_modified_time":"2026-04-17T03:10:00+00:00","og_image":[{"width":300,"height":300,"url":"https:\/\/n1thnltmdt21c.azdigi.shop\/wp-content\/uploads\/2026\/04\/577.webp","type":"image\/webp"}],"twitter_card":"summary_large_image","twitter_misc":{"\u01af\u1edbc t\u00ednh th\u1eddi gian \u0111\u1ecdc":"4 ph\u00fat"},"schema":{"@context":"https:\/\/schema.org","@graph":[{"@type":"WebPage","@id":"https:\/\/n1thnltmdt21c.azdigi.shop\/index.php\/product\/balo-cau-long-yonex-bag525b1212z\/","url":"https:\/\/n1thnltmdt21c.azdigi.shop\/index.php\/product\/balo-cau-long-yonex-bag525b1212z\/","name":"Balo c\u1ea7u l\u00f4ng Yonex BAG525B1212Z - one","isPartOf":{"@id":"https:\/\/n1thnltmdt21c.azdigi.shop\/#website"},"primaryImageOfPage":{"@id":"https:\/\/n1thnltmdt21c.azdigi.shop\/index.php\/product\/balo-cau-long-yonex-bag525b1212z\/#primaryimage"},"image":{"@id":"https:\/\/n1thnltmdt21c.azdigi.shop\/index.php\/product\/balo-cau-long-yonex-bag525b1212z\/#primaryimage"},"thumbnailUrl":"https:\/\/n1thnltmdt21c.azdigi.shop\/wp-content\/uploads\/2026\/04\/577.webp","datePublished":"2026-04-16T12:19:10+00:00","dateModified":"2026-04-17T03:10:00+00:00","breadcrumb":{"@id":"https:\/\/n1thnltmdt21c.azdigi.shop\/index.php\/product\/balo-cau-long-yonex-bag525b1212z\/#breadcrumb"},"inLanguage":"vi","potentialAction":[{"@type":"ReadAction","target":["https:\/\/n1thnltmdt21c.azdigi.shop\/index.php\/product\/balo-cau-long-yonex-bag525b1212z\/"]}]},{"@type":"ImageObject","inLanguage":"vi","@id":"https:\/\/n1thnltmdt21c.azdigi.shop\/index.php\/product\/balo-cau-long-yonex-bag525b1212z\/#primaryimage","url":"https:\/\/n1thnltmdt21c.azdigi.shop\/wp-content\/uploads\/2026\/04\/577.webp","contentUrl":"https:\/\/n1thnltmdt21c.azdigi.shop\/wp-content\/uploads\/2026\/04\/577.webp","width":300,"height":300},{"@type":"BreadcrumbList","@id":"https:\/\/n1thnltmdt21c.azdigi.shop\/index.php\/product\/balo-cau-long-yonex-bag525b1212z\/#breadcrumb","itemListElement":[{"@type":"ListItem","position":1,"name":"Home","item":"https:\/\/n1thnltmdt21c.azdigi.shop\/"},{"@type":"ListItem","position":2,"name":"C\u1eeda h\u00e0ng","item":"https:\/\/n1thnltmdt21c.azdigi.shop\/index.php\/cua-hang\/"},{"@type":"ListItem","position":3,"name":"Balo c\u1ea7u l\u00f4ng Yonex BAG525B1212Z"}]},{"@type":"WebSite","@id":"https:\/\/n1thnltmdt21c.azdigi.shop\/#website","url":"https:\/\/n1thnltmdt21c.azdigi.shop\/","name":"one","description":"","publisher":{"@id":"https:\/\/n1thnltmdt21c.azdigi.shop\/#\/schema\/person\/f9c8d72cb37e057ca75fcb301f24775b"},"potentialAction":[{"@type":"SearchAction","target":{"@type":"EntryPoint","urlTemplate":"https:\/\/n1thnltmdt21c.azdigi.shop\/?s={search_term_string}"},"query-input":{"@type":"PropertyValueSpecification","valueRequired":true,"valueName":"search_term_string"}}],"inLanguage":"vi"},{"@type":["Person","Organization"],"@id":"https:\/\/n1thnltmdt21c.azdigi.shop\/#\/schema\/person\/f9c8d72cb37e057ca75fcb301f24775b","name":"avycvsxw","image":{"@type":"ImageObject","inLanguage":"vi","@id":"https:\/\/secure.gravatar.com\/avatar\/c56eb1032dab3a3f203620cbf35d45b422a782950bfc8d85494eb01f8e118853?s=96&d=mm&r=g","url":"https:\/\/secure.gravatar.com\/avatar\/c56eb1032dab3a3f203620cbf35d45b422a782950bfc8d85494eb01f8e118853?s=96&d=mm&r=g","contentUrl":"https:\/\/secure.gravatar.com\/avatar\/c56eb1032dab3a3f203620cbf35d45b422a782950bfc8d85494eb01f8e118853?s=96&d=mm&r=g","caption":"avycvsxw"},"logo":{"@id":"https:\/\/secure.gravatar.com\/avatar\/c56eb1032dab3a3f203620cbf35d45b422a782950bfc8d85494eb01f8e118853?s=96&d=mm&r=g"},"sameAs":["https:\/\/n1thnltmdt21c.azdigi.shop"]}]}},"_links":{"self":[{"href":"https:\/\/n1thnltmdt21c.azdigi.shop\/index.php\/wp-json\/wp\/v2\/product\/740","targetHints":{"allow":["GET"]}}],"collection":[{"href":"https:\/\/n1thnltmdt21c.azdigi.shop\/index.php\/wp-json\/wp\/v2\/product"}],"about":[{"href":"https:\/\/n1thnltmdt21c.azdigi.shop\/index.php\/wp-json\/wp\/v2\/types\/product"}],"replies":[{"embeddable":true,"href":"https:\/\/n1thnltmdt21c.azdigi.shop\/index.php\/wp-json\/wp\/v2\/comments?post=740"}],"wp:featuredmedia":[{"embeddable":true,"href":"https:\/\/n1thnltmdt21c.azdigi.shop\/index.php\/wp-json\/wp\/v2\/media\/746"}],"wp:attachment":[{"href":"https:\/\/n1thnltmdt21c.azdigi.shop\/index.php\/wp-json\/wp\/v2\/media?parent=740"}],"wp:term":[{"taxonomy":"product_brand","embeddable":true,"href":"https:\/\/n1thnltmdt21c.azdigi.shop\/index.php\/wp-json\/wp\/v2\/product_brand?post=740"},{"taxonomy":"product_cat","embeddable":true,"href":"https:\/\/n1thnltmdt21c.azdigi.shop\/index.php\/wp-json\/wp\/v2\/product_cat?post=740"},{"taxonomy":"product_tag","embeddable":true,"href":"https:\/\/n1thnltmdt21c.azdigi.shop\/index.php\/wp-json\/wp\/v2\/product_tag?post=740"}],"curies":[{"name":"wp","href":"https:\/\/api.w.org\/{rel}","templated":true}]}}