{"id":724,"date":"2026-04-16T12:05:06","date_gmt":"2026-04-16T12:05:06","guid":{"rendered":"https:\/\/n1thnltmdt21c.azdigi.shop\/?post_type=product&#038;p=724"},"modified":"2026-04-17T03:22:36","modified_gmt":"2026-04-17T03:22:36","slug":"tui-cau-long-yonex-bag324b1129","status":"publish","type":"product","link":"https:\/\/n1thnltmdt21c.azdigi.shop\/index.php\/product\/tui-cau-long-yonex-bag324b1129\/","title":{"rendered":"T\u00fai c\u1ea7u l\u00f4ng Yonex BAG324B1129"},"content":{"rendered":"<h2><strong>1. Gi\u1edbi thi\u1ec7u T\u00fai c\u1ea7u l\u00f4ng Yonex BAG324B1129<\/strong><\/h2>\n<p>&#8211;\u00a0<a href=\"https:\/\/shopvnb.com\/tui-cau-long-yonex-bag324b1129.html\">T\u00fai c\u1ea7u l\u00f4ng Yonex BAG324B1129<\/a>\u00a0ch\u00ednh l\u00e0 l\u1ef1a ch\u1ecdn tuy\u1ec7t v\u1eddi d\u00e0nh cho b\u1ea1n. S\u1ea3n ph\u1ea9m thu\u1ed9c d\u00f2ng t\u00fai cao c\u1ea5p v\u1edbi thi\u1ebft k\u1ebf 3 ng\u0103n l\u1edbn, c\u00f3 th\u1ec3 \u0111\u1ef1ng \u0111\u1ebfn 9 c\u00e2y v\u1ee3t, k\u00e8m ng\u0103n gi\u00e0y ri\u00eang bi\u1ec7t v\u00e0 nhi\u1ec1u ng\u0103n ph\u1ee5 ki\u1ec7n ti\u1ec7n l\u1ee3i. Ch\u1ea5t li\u1ec7u v\u1ea3i polyester cao c\u1ea5p, b\u1ec1n b\u1ec9, ch\u1ed1ng th\u1ea5m nh\u1eb9, d\u1ec5 lau ch\u00f9i v\u00e0 gi\u1eef form t\u00fai t\u1ed1t.<\/p>\n<p>&#8211; D\u00f9 b\u1ea1n \u0111ang luy\u1ec7n t\u1eadp hay thi \u0111\u1ea5u \u1edf c\u1ea5p qu\u1ed1c gia, chi\u1ebfc t\u00fai Yonex BAG324B1129 s\u1ebd n\u00e2ng t\u1ea7m phong \u0111\u1ed9 c\u1ee7a b\u1ea1n v\u1edbi s\u1ef1 ti\u1ec7n l\u1ee3i v\u00e0 \u0111\u1ed9 tin c\u1eady ch\u01b0a t\u1eebng c\u00f3. Nh\u1eb9, ti\u1ec7n d\u1ee5ng v\u00e0 \u0111\u01b0\u1ee3c thi\u1ebft k\u1ebf \u0111\u1ec3 gi\u1ea3m m\u1ec7t m\u1ecfi, \u0111\u00e2y l\u00e0 m\u1ed9t trong nh\u1eefng t\u00fai \u0111\u1ef1ng d\u1ee5ng c\u1ee5 thi \u0111\u1ea5u c\u1ea7u l\u00f4ng t\u1ed1t nh\u1ea5t.<\/p>\n<p><img decoding=\"async\" src=\"https:\/\/cdn.shopvnb.com\/uploads\/gallery\/tui-cau-long-yonex-bag324b1129-brilliant-white_1753298148.webp\" alt=\"T\u00fai c\u1ea7u l\u00f4ng Yonex BAG324B1129 - Brilliant White\" \/><\/p>\n<p><em>T\u00fai c\u1ea7u l\u00f4ng Yonex BAG324B1129 &#8211; Brilliant White<\/em><\/p>\n<p><em><img decoding=\"async\" src=\"https:\/\/cdn.shopvnb.com\/uploads\/gallery\/tui-cau-long-yonex-bag324b1129-jet-black-deep-lichen-green_1753298050.webp\" alt=\"T\u00fai c\u1ea7u l\u00f4ng Yonex BAG324B1129 - Jet Black\/Deep Lichen Green\" \/><\/em><\/p>\n<p><em>T\u00fai c\u1ea7u l\u00f4ng Yonex BAG324B1129 &#8211; Jet Black\/Deep Lichen Green<\/em><\/p>\n<p><em><img decoding=\"async\" src=\"https:\/\/cdn.shopvnb.com\/uploads\/gallery\/tui-cau-long-yonex-bag324b1129-jet-black-pacific-coast_1753298106.webp\" alt=\"T\u00fai c\u1ea7u l\u00f4ng Yonex BAG324B1129 - Jet Black\/Pacific Coast\" \/><\/em><\/p>\n<p><em>T\u00fai c\u1ea7u l\u00f4ng Yonex BAG324B1129 &#8211; Jet Black\/Pacific Coast<\/em><\/p>\n<p><em><img decoding=\"async\" src=\"https:\/\/cdn.shopvnb.com\/uploads\/gallery\/tui-cau-long-yonex-bag324b1129-twilight-blue_1753298191.webp\" alt=\"T\u00fai c\u1ea7u l\u00f4ng Yonex BAG324B1129 - Twilight Blue\" \/><\/em><\/p>\n<p><em>T\u00fai c\u1ea7u l\u00f4ng Yonex BAG324B1129 &#8211; Twilight Blue<\/em><\/p>\n<p>&#8211; Ngo\u00e0i ra, c\u00e1c b\u1ea1n c\u00f3 th\u1ec3 tham kh\u1ea3o th\u00eam nhi\u1ec1u m\u1eabu\u00a0<a title=\"T\u00fai v\u1ee3t c\u1ea7u l\u00f4ng Yonex\" href=\"https:\/\/shopvnb.com\/tui-vot-cau-long-yonex.html\">t\u00fai v\u1ee3t c\u1ea7u l\u00f4ng Yonex<\/a>\u00a0kh\u00e1c \u0111ang \u0111\u01b0\u1ee3c b\u00e1n t\u1ea1i\u00a0<strong>ShopVNB<\/strong>\u00a0\u0111\u1ec3 c\u00f3 th\u00eam nhi\u1ec1u s\u1ef1 l\u1ef1a ch\u1ecdn h\u01a1n.<\/p>\n<h2><strong>2. Th\u00f4ng s\u1ed1 c\u1ee7a T\u00fai c\u1ea7u l\u00f4ng Yonex BAG324B1129<\/strong><\/h2>\n<p>&#8211; Th\u01b0\u01a1ng hi\u1ec7u: Yonex<\/p>\n<p>&#8211; K\u00edch th\u01b0\u1edbc: 74 x 36 x 30 cm<\/p>\n<p>&#8211; Ch\u1ea5t li\u1ec7u: Polyester<\/p>\n<h2><strong>3. \u01afu \u0111i\u1ec3m c\u1ee7a T\u00fai c\u1ea7u l\u00f4ng Yonex BAG324B1129<\/strong><\/h2>\n<p>&#8211; L\u1edbp c\u00e1ch nhi\u1ec7t: Ng\u0103n \u0111\u01b0\u1ee3c l\u00f3t b\u1eb1ng m\u00fat x\u1ed1p gi\u1eef nhi\u1ec7t, \u0111\u01b0\u1ee3c thi\u1ebft k\u1ebf \u0111\u1ec3 ch\u1ee9a m\u1ed9t s\u1ed1 l\u01b0\u1ee3ng v\u1ee3t \u0111\u1ed3ng th\u1eddi b\u1ea3o v\u1ec7 ch\u00fang kh\u1ecfi nhi\u1ec7t \u0111\u1ed9 qu\u00e1 n\u00f3ng ho\u1eb7c qu\u00e1 l\u1ea1nh.<\/p>\n<p>&#8211; Ng\u0103n \u0111\u1ef1ng v\u1ee3t: Ng\u0103n l\u00f3t m\u00fat x\u1ed1p \u0111\u01b0\u1ee3c thi\u1ebft k\u1ebf \u0111\u1ec3 gi\u1eef 2-3 v\u1ee3t m\u1ed9t c\u00e1ch an to\u00e0n.<\/p>\n<p>&#8211; Ng\u0103n ph\u1ee5 ki\u1ec7n: Ng\u0103n ch\u1ee9a d\u1ec5 d\u00e0ng \u0111\u1ef1ng th\u00eam qu\u1ea5n c\u00e1n, d\u00e2y c\u01b0\u1edbc, b\u0103ng th\u1ea5m m\u1ed3 h\u00f4i v\u00e0 c\u00e1c ph\u1ee5 ki\u1ec7n kh\u00e1c.<\/p>\n<p>&#8211; Ng\u0103n \u0111\u1ef1ng gi\u00e0y r\u1ed9ng h\u01a1n: T\u00fai n\u00e0y c\u00f3 c\u00e1c ng\u0103n r\u1ed9ng r\u00e3i \u0111\u01b0\u1ee3c thi\u1ebft k\u1ebf \u0111\u1ec3 ch\u1ee9a nhi\u1ec1u k\u00edch c\u1ee1 gi\u00e0y kh\u00e1c nhau.<\/p>\n<p>&#8211; C\u00f3 th\u1ec3 d\u00f9ng nh\u01b0 ba l\u00f4: D\u00e2y \u0111eo vai c\u00f3 l\u1edbp \u0111\u1ec7m gi\u00fap gi\u1ea3m thi\u1ec3u c\u0103ng th\u1eb3ng v\u00e0 mang l\u1ea1i c\u1ea3m gi\u00e1c v\u1eeba v\u1eb7n ch\u1eafc ch\u1eafn.<\/p>\n<p>&#8211; X\u00e1ch tay: D\u00e2y \u0111eo t\u00fai cho ph\u00e9p x\u00e1ch t\u00fai tho\u1ea3i m\u00e1i b\u1eb1ng tay.<\/p>\n<p>&#8211; D\u00e2y \u0111eo thi\u1ebft k\u1ebf c\u00f4ng th\u00e1i h\u1ecdc: D\u00e2y \u0111eo vai 3D c\u00f4ng th\u00e1i h\u1ecdc gi\u00fap gi\u1ea3m \u00e1p l\u1ef1c l\u00ean c\u1ed9t s\u1ed1ng v\u00e0 vai.<\/p>\n","protected":false},"excerpt":{"rendered":"<p>1. Gi\u1edbi thi\u1ec7u T\u00fai c\u1ea7u l\u00f4ng Yonex BAG324B1129 &#8211;\u00a0T\u00fai c\u1ea7u l\u00f4ng Yonex BAG324B1129\u00a0ch\u00ednh l\u00e0 l\u1ef1a ch\u1ecdn tuy\u1ec7t v\u1eddi d\u00e0nh cho b\u1ea1n. S\u1ea3n ph\u1ea9m thu\u1ed9c d\u00f2ng t\u00fai cao c\u1ea5p v\u1edbi thi\u1ebft k\u1ebf 3 ng\u0103n l\u1edbn, c\u00f3 th\u1ec3 \u0111\u1ef1ng \u0111\u1ebfn 9 c\u00e2y v\u1ee3t, k\u00e8m ng\u0103n gi\u00e0y ri\u00eang bi\u1ec7t v\u00e0 nhi\u1ec1u ng\u0103n ph\u1ee5 ki\u1ec7n ti\u1ec7n l\u1ee3i. Ch\u1ea5t li\u1ec7u&#8230;<\/p>\n","protected":false},"featured_media":714,"comment_status":"open","ping_status":"closed","template":"","meta":[],"product_brand":[36],"product_cat":[71],"product_tag":[],"class_list":{"0":"post-724","1":"product","2":"type-product","3":"status-publish","4":"has-post-thumbnail","6":"product_brand-yonex","7":"product_cat-tui-vot-cau-long","9":"first","10":"instock","11":"shipping-taxable","12":"purchasable","13":"product-type-variable"},"yoast_head":"<!-- This site is optimized with the Yoast SEO plugin v27.3 - https:\/\/yoast.com\/product\/yoast-seo-wordpress\/ -->\n<title>T\u00fai c\u1ea7u l\u00f4ng Yonex BAG324B1129 - one<\/title>\n<meta name=\"robots\" content=\"index, follow, max-snippet:-1, max-image-preview:large, max-video-preview:-1\" \/>\n<link rel=\"canonical\" href=\"https:\/\/n1thnltmdt21c.azdigi.shop\/index.php\/product\/tui-cau-long-yonex-bag324b1129\/\" \/>\n<meta property=\"og:locale\" content=\"vi_VN\" \/>\n<meta property=\"og:type\" content=\"article\" \/>\n<meta property=\"og:title\" content=\"T\u00fai c\u1ea7u l\u00f4ng Yonex BAG324B1129 - one\" \/>\n<meta property=\"og:description\" content=\"1. Gi\u1edbi thi\u1ec7u T\u00fai c\u1ea7u l\u00f4ng Yonex BAG324B1129 &#8211;\u00a0T\u00fai c\u1ea7u l\u00f4ng Yonex BAG324B1129\u00a0ch\u00ednh l\u00e0 l\u1ef1a ch\u1ecdn tuy\u1ec7t v\u1eddi d\u00e0nh cho b\u1ea1n. S\u1ea3n ph\u1ea9m thu\u1ed9c d\u00f2ng t\u00fai cao c\u1ea5p v\u1edbi thi\u1ebft k\u1ebf 3 ng\u0103n l\u1edbn, c\u00f3 th\u1ec3 \u0111\u1ef1ng \u0111\u1ebfn 9 c\u00e2y v\u1ee3t, k\u00e8m ng\u0103n gi\u00e0y ri\u00eang bi\u1ec7t v\u00e0 nhi\u1ec1u ng\u0103n ph\u1ee5 ki\u1ec7n ti\u1ec7n l\u1ee3i. Ch\u1ea5t li\u1ec7u...\" \/>\n<meta property=\"og:url\" content=\"https:\/\/n1thnltmdt21c.azdigi.shop\/index.php\/product\/tui-cau-long-yonex-bag324b1129\/\" \/>\n<meta property=\"og:site_name\" content=\"one\" \/>\n<meta property=\"article:modified_time\" content=\"2026-04-17T03:22:36+00:00\" \/>\n<meta property=\"og:image\" content=\"https:\/\/n1thnltmdt21c.azdigi.shop\/wp-content\/uploads\/2026\/04\/561.webp\" \/>\n\t<meta property=\"og:image:width\" content=\"300\" \/>\n\t<meta property=\"og:image:height\" content=\"300\" \/>\n\t<meta property=\"og:image:type\" content=\"image\/webp\" \/>\n<meta name=\"twitter:card\" content=\"summary_large_image\" \/>\n<meta name=\"twitter:label1\" content=\"\u01af\u1edbc t\u00ednh th\u1eddi gian \u0111\u1ecdc\" \/>\n\t<meta name=\"twitter:data1\" content=\"4 ph\u00fat\" \/>\n<script type=\"application\/ld+json\" class=\"yoast-schema-graph\">{\"@context\":\"https:\\\/\\\/schema.org\",\"@graph\":[{\"@type\":\"WebPage\",\"@id\":\"https:\\\/\\\/n1thnltmdt21c.azdigi.shop\\\/index.php\\\/product\\\/tui-cau-long-yonex-bag324b1129\\\/\",\"url\":\"https:\\\/\\\/n1thnltmdt21c.azdigi.shop\\\/index.php\\\/product\\\/tui-cau-long-yonex-bag324b1129\\\/\",\"name\":\"T\u00fai c\u1ea7u l\u00f4ng Yonex BAG324B1129 - one\",\"isPartOf\":{\"@id\":\"https:\\\/\\\/n1thnltmdt21c.azdigi.shop\\\/#website\"},\"primaryImageOfPage\":{\"@id\":\"https:\\\/\\\/n1thnltmdt21c.azdigi.shop\\\/index.php\\\/product\\\/tui-cau-long-yonex-bag324b1129\\\/#primaryimage\"},\"image\":{\"@id\":\"https:\\\/\\\/n1thnltmdt21c.azdigi.shop\\\/index.php\\\/product\\\/tui-cau-long-yonex-bag324b1129\\\/#primaryimage\"},\"thumbnailUrl\":\"https:\\\/\\\/n1thnltmdt21c.azdigi.shop\\\/wp-content\\\/uploads\\\/2026\\\/04\\\/561.webp\",\"datePublished\":\"2026-04-16T12:05:06+00:00\",\"dateModified\":\"2026-04-17T03:22:36+00:00\",\"breadcrumb\":{\"@id\":\"https:\\\/\\\/n1thnltmdt21c.azdigi.shop\\\/index.php\\\/product\\\/tui-cau-long-yonex-bag324b1129\\\/#breadcrumb\"},\"inLanguage\":\"vi\",\"potentialAction\":[{\"@type\":\"ReadAction\",\"target\":[\"https:\\\/\\\/n1thnltmdt21c.azdigi.shop\\\/index.php\\\/product\\\/tui-cau-long-yonex-bag324b1129\\\/\"]}]},{\"@type\":\"ImageObject\",\"inLanguage\":\"vi\",\"@id\":\"https:\\\/\\\/n1thnltmdt21c.azdigi.shop\\\/index.php\\\/product\\\/tui-cau-long-yonex-bag324b1129\\\/#primaryimage\",\"url\":\"https:\\\/\\\/n1thnltmdt21c.azdigi.shop\\\/wp-content\\\/uploads\\\/2026\\\/04\\\/561.webp\",\"contentUrl\":\"https:\\\/\\\/n1thnltmdt21c.azdigi.shop\\\/wp-content\\\/uploads\\\/2026\\\/04\\\/561.webp\",\"width\":300,\"height\":300},{\"@type\":\"BreadcrumbList\",\"@id\":\"https:\\\/\\\/n1thnltmdt21c.azdigi.shop\\\/index.php\\\/product\\\/tui-cau-long-yonex-bag324b1129\\\/#breadcrumb\",\"itemListElement\":[{\"@type\":\"ListItem\",\"position\":1,\"name\":\"Home\",\"item\":\"https:\\\/\\\/n1thnltmdt21c.azdigi.shop\\\/\"},{\"@type\":\"ListItem\",\"position\":2,\"name\":\"C\u1eeda h\u00e0ng\",\"item\":\"https:\\\/\\\/n1thnltmdt21c.azdigi.shop\\\/index.php\\\/cua-hang\\\/\"},{\"@type\":\"ListItem\",\"position\":3,\"name\":\"T\u00fai c\u1ea7u l\u00f4ng Yonex BAG324B1129\"}]},{\"@type\":\"WebSite\",\"@id\":\"https:\\\/\\\/n1thnltmdt21c.azdigi.shop\\\/#website\",\"url\":\"https:\\\/\\\/n1thnltmdt21c.azdigi.shop\\\/\",\"name\":\"one\",\"description\":\"\",\"publisher\":{\"@id\":\"https:\\\/\\\/n1thnltmdt21c.azdigi.shop\\\/#\\\/schema\\\/person\\\/f9c8d72cb37e057ca75fcb301f24775b\"},\"potentialAction\":[{\"@type\":\"SearchAction\",\"target\":{\"@type\":\"EntryPoint\",\"urlTemplate\":\"https:\\\/\\\/n1thnltmdt21c.azdigi.shop\\\/?s={search_term_string}\"},\"query-input\":{\"@type\":\"PropertyValueSpecification\",\"valueRequired\":true,\"valueName\":\"search_term_string\"}}],\"inLanguage\":\"vi\"},{\"@type\":[\"Person\",\"Organization\"],\"@id\":\"https:\\\/\\\/n1thnltmdt21c.azdigi.shop\\\/#\\\/schema\\\/person\\\/f9c8d72cb37e057ca75fcb301f24775b\",\"name\":\"avycvsxw\",\"image\":{\"@type\":\"ImageObject\",\"inLanguage\":\"vi\",\"@id\":\"https:\\\/\\\/secure.gravatar.com\\\/avatar\\\/c56eb1032dab3a3f203620cbf35d45b422a782950bfc8d85494eb01f8e118853?s=96&d=mm&r=g\",\"url\":\"https:\\\/\\\/secure.gravatar.com\\\/avatar\\\/c56eb1032dab3a3f203620cbf35d45b422a782950bfc8d85494eb01f8e118853?s=96&d=mm&r=g\",\"contentUrl\":\"https:\\\/\\\/secure.gravatar.com\\\/avatar\\\/c56eb1032dab3a3f203620cbf35d45b422a782950bfc8d85494eb01f8e118853?s=96&d=mm&r=g\",\"caption\":\"avycvsxw\"},\"logo\":{\"@id\":\"https:\\\/\\\/secure.gravatar.com\\\/avatar\\\/c56eb1032dab3a3f203620cbf35d45b422a782950bfc8d85494eb01f8e118853?s=96&d=mm&r=g\"},\"sameAs\":[\"https:\\\/\\\/n1thnltmdt21c.azdigi.shop\"]}]}<\/script>\n<!-- \/ Yoast SEO plugin. -->","yoast_head_json":{"title":"T\u00fai c\u1ea7u l\u00f4ng Yonex BAG324B1129 - one","robots":{"index":"index","follow":"follow","max-snippet":"max-snippet:-1","max-image-preview":"max-image-preview:large","max-video-preview":"max-video-preview:-1"},"canonical":"https:\/\/n1thnltmdt21c.azdigi.shop\/index.php\/product\/tui-cau-long-yonex-bag324b1129\/","og_locale":"vi_VN","og_type":"article","og_title":"T\u00fai c\u1ea7u l\u00f4ng Yonex BAG324B1129 - one","og_description":"1. Gi\u1edbi thi\u1ec7u T\u00fai c\u1ea7u l\u00f4ng Yonex BAG324B1129 &#8211;\u00a0T\u00fai c\u1ea7u l\u00f4ng Yonex BAG324B1129\u00a0ch\u00ednh l\u00e0 l\u1ef1a ch\u1ecdn tuy\u1ec7t v\u1eddi d\u00e0nh cho b\u1ea1n. S\u1ea3n ph\u1ea9m thu\u1ed9c d\u00f2ng t\u00fai cao c\u1ea5p v\u1edbi thi\u1ebft k\u1ebf 3 ng\u0103n l\u1edbn, c\u00f3 th\u1ec3 \u0111\u1ef1ng \u0111\u1ebfn 9 c\u00e2y v\u1ee3t, k\u00e8m ng\u0103n gi\u00e0y ri\u00eang bi\u1ec7t v\u00e0 nhi\u1ec1u ng\u0103n ph\u1ee5 ki\u1ec7n ti\u1ec7n l\u1ee3i. Ch\u1ea5t li\u1ec7u...","og_url":"https:\/\/n1thnltmdt21c.azdigi.shop\/index.php\/product\/tui-cau-long-yonex-bag324b1129\/","og_site_name":"one","article_modified_time":"2026-04-17T03:22:36+00:00","og_image":[{"width":300,"height":300,"url":"https:\/\/n1thnltmdt21c.azdigi.shop\/wp-content\/uploads\/2026\/04\/561.webp","type":"image\/webp"}],"twitter_card":"summary_large_image","twitter_misc":{"\u01af\u1edbc t\u00ednh th\u1eddi gian \u0111\u1ecdc":"4 ph\u00fat"},"schema":{"@context":"https:\/\/schema.org","@graph":[{"@type":"WebPage","@id":"https:\/\/n1thnltmdt21c.azdigi.shop\/index.php\/product\/tui-cau-long-yonex-bag324b1129\/","url":"https:\/\/n1thnltmdt21c.azdigi.shop\/index.php\/product\/tui-cau-long-yonex-bag324b1129\/","name":"T\u00fai c\u1ea7u l\u00f4ng Yonex BAG324B1129 - one","isPartOf":{"@id":"https:\/\/n1thnltmdt21c.azdigi.shop\/#website"},"primaryImageOfPage":{"@id":"https:\/\/n1thnltmdt21c.azdigi.shop\/index.php\/product\/tui-cau-long-yonex-bag324b1129\/#primaryimage"},"image":{"@id":"https:\/\/n1thnltmdt21c.azdigi.shop\/index.php\/product\/tui-cau-long-yonex-bag324b1129\/#primaryimage"},"thumbnailUrl":"https:\/\/n1thnltmdt21c.azdigi.shop\/wp-content\/uploads\/2026\/04\/561.webp","datePublished":"2026-04-16T12:05:06+00:00","dateModified":"2026-04-17T03:22:36+00:00","breadcrumb":{"@id":"https:\/\/n1thnltmdt21c.azdigi.shop\/index.php\/product\/tui-cau-long-yonex-bag324b1129\/#breadcrumb"},"inLanguage":"vi","potentialAction":[{"@type":"ReadAction","target":["https:\/\/n1thnltmdt21c.azdigi.shop\/index.php\/product\/tui-cau-long-yonex-bag324b1129\/"]}]},{"@type":"ImageObject","inLanguage":"vi","@id":"https:\/\/n1thnltmdt21c.azdigi.shop\/index.php\/product\/tui-cau-long-yonex-bag324b1129\/#primaryimage","url":"https:\/\/n1thnltmdt21c.azdigi.shop\/wp-content\/uploads\/2026\/04\/561.webp","contentUrl":"https:\/\/n1thnltmdt21c.azdigi.shop\/wp-content\/uploads\/2026\/04\/561.webp","width":300,"height":300},{"@type":"BreadcrumbList","@id":"https:\/\/n1thnltmdt21c.azdigi.shop\/index.php\/product\/tui-cau-long-yonex-bag324b1129\/#breadcrumb","itemListElement":[{"@type":"ListItem","position":1,"name":"Home","item":"https:\/\/n1thnltmdt21c.azdigi.shop\/"},{"@type":"ListItem","position":2,"name":"C\u1eeda h\u00e0ng","item":"https:\/\/n1thnltmdt21c.azdigi.shop\/index.php\/cua-hang\/"},{"@type":"ListItem","position":3,"name":"T\u00fai c\u1ea7u l\u00f4ng Yonex BAG324B1129"}]},{"@type":"WebSite","@id":"https:\/\/n1thnltmdt21c.azdigi.shop\/#website","url":"https:\/\/n1thnltmdt21c.azdigi.shop\/","name":"one","description":"","publisher":{"@id":"https:\/\/n1thnltmdt21c.azdigi.shop\/#\/schema\/person\/f9c8d72cb37e057ca75fcb301f24775b"},"potentialAction":[{"@type":"SearchAction","target":{"@type":"EntryPoint","urlTemplate":"https:\/\/n1thnltmdt21c.azdigi.shop\/?s={search_term_string}"},"query-input":{"@type":"PropertyValueSpecification","valueRequired":true,"valueName":"search_term_string"}}],"inLanguage":"vi"},{"@type":["Person","Organization"],"@id":"https:\/\/n1thnltmdt21c.azdigi.shop\/#\/schema\/person\/f9c8d72cb37e057ca75fcb301f24775b","name":"avycvsxw","image":{"@type":"ImageObject","inLanguage":"vi","@id":"https:\/\/secure.gravatar.com\/avatar\/c56eb1032dab3a3f203620cbf35d45b422a782950bfc8d85494eb01f8e118853?s=96&d=mm&r=g","url":"https:\/\/secure.gravatar.com\/avatar\/c56eb1032dab3a3f203620cbf35d45b422a782950bfc8d85494eb01f8e118853?s=96&d=mm&r=g","contentUrl":"https:\/\/secure.gravatar.com\/avatar\/c56eb1032dab3a3f203620cbf35d45b422a782950bfc8d85494eb01f8e118853?s=96&d=mm&r=g","caption":"avycvsxw"},"logo":{"@id":"https:\/\/secure.gravatar.com\/avatar\/c56eb1032dab3a3f203620cbf35d45b422a782950bfc8d85494eb01f8e118853?s=96&d=mm&r=g"},"sameAs":["https:\/\/n1thnltmdt21c.azdigi.shop"]}]}},"_links":{"self":[{"href":"https:\/\/n1thnltmdt21c.azdigi.shop\/index.php\/wp-json\/wp\/v2\/product\/724","targetHints":{"allow":["GET"]}}],"collection":[{"href":"https:\/\/n1thnltmdt21c.azdigi.shop\/index.php\/wp-json\/wp\/v2\/product"}],"about":[{"href":"https:\/\/n1thnltmdt21c.azdigi.shop\/index.php\/wp-json\/wp\/v2\/types\/product"}],"replies":[{"embeddable":true,"href":"https:\/\/n1thnltmdt21c.azdigi.shop\/index.php\/wp-json\/wp\/v2\/comments?post=724"}],"wp:featuredmedia":[{"embeddable":true,"href":"https:\/\/n1thnltmdt21c.azdigi.shop\/index.php\/wp-json\/wp\/v2\/media\/714"}],"wp:attachment":[{"href":"https:\/\/n1thnltmdt21c.azdigi.shop\/index.php\/wp-json\/wp\/v2\/media?parent=724"}],"wp:term":[{"taxonomy":"product_brand","embeddable":true,"href":"https:\/\/n1thnltmdt21c.azdigi.shop\/index.php\/wp-json\/wp\/v2\/product_brand?post=724"},{"taxonomy":"product_cat","embeddable":true,"href":"https:\/\/n1thnltmdt21c.azdigi.shop\/index.php\/wp-json\/wp\/v2\/product_cat?post=724"},{"taxonomy":"product_tag","embeddable":true,"href":"https:\/\/n1thnltmdt21c.azdigi.shop\/index.php\/wp-json\/wp\/v2\/product_tag?post=724"}],"curies":[{"name":"wp","href":"https:\/\/api.w.org\/{rel}","templated":true}]}}