{"id":518,"date":"2026-04-15T15:26:22","date_gmt":"2026-04-15T15:26:22","guid":{"rendered":"https:\/\/n1thnltmdt21c.azdigi.shop\/?post_type=product&#038;p=518"},"modified":"2026-04-18T10:54:30","modified_gmt":"2026-04-18T10:54:30","slug":"ao-cau-long-lining-p-atsub09-1-nam-chinh-hang","status":"publish","type":"product","link":"https:\/\/n1thnltmdt21c.azdigi.shop\/index.php\/product\/ao-cau-long-lining-p-atsub09-1-nam-chinh-hang\/","title":{"rendered":"\u00c1o c\u1ea7u l\u00f4ng Lining P-ATSUB09-1 nam ch\u00ednh h\u00e3ng"},"content":{"rendered":"<p><strong>\u00c1o c\u1ea7u l\u00f4ng Lining P-ATSUB09-1 nam ch\u00ednh h\u00e3ng &#8211; Form \u00c1o \u0110\u1eb9p, M\u00e1t M\u1ebb, Th\u1ea5m H\u00fat T\u1ed1t Nh\u1ea5t Th\u1ecb Tr\u01b0\u1eddng<\/strong><\/p>\n<h2><strong>1. Gi\u1edbi thi\u1ec7u \u00c1o c\u1ea7u l\u00f4ng Lining P-ATSUB09-1 nam ch\u00ednh h\u00e3ng, gi\u00e1 t\u1ed1t<\/strong><\/h2>\n<p>&#8211;\u00a0\u00c1o c\u1ea7u l\u00f4ng Lining P-ATSUB09-1 nam ch\u00ednh h\u00e3ng l\u00e0 m\u1ed9t trong nh\u1eefng m\u1eabu\u00a0<strong>\u00e1o c\u1ea7u l\u00f4ng\u00a0ch\u00ednh h\u00e3ng<\/strong>\u00a0n\u1ed5i tr\u1ed9i v\u1edbi ch\u1ea5t li\u1ec7u v\u1ea3i th\u1ea5m h\u00fat t\u1ed1t, m\u00e1t m\u1ebb, form \u00e1o \u0111\u1eb9p, nhi\u1ec1u m\u00e0u s\u1eafc v\u00e0 \u0111\u1eb7c bi\u1ec7t l\u00e0 c\u00f3 gi\u00e1 th\u00e0nh ph\u1ea3i ch\u0103ng \u0111\u1ea3m b\u1ea3o s\u1ebd l\u00e0m c\u00e1c l\u00f4ng th\u1ee7 c\u1ef1c \u01b0ng \u00fd ngay t\u1eeb l\u1ea7n \u0111\u1ea7u ti\u00ean s\u1eed d\u1ee5ng.<\/p>\n<p>&#8211;\u00a0<em>\u00c1o c\u1ea7u l\u00f4ng Lining P-ATSUB09-1 nam ch\u00ednh h\u00e3ng x\u1ecbn<\/em>\u00a0v\u1edbi m\u00e0u s\u1eafc b\u1eaft m\u1eaft, n\u1ed5i tr\u1ed9i khi s\u1eed d\u1ee5ng\u00a0tr\u00ean s\u00e2n \u0111\u1ea5u.\u00a0\u0110\u1eb7c bi\u1ec7t m\u1eabu \u00e1o th\u1ec3 thao c\u1ea7u l\u00f4ng n\u00e0y ch\u1ec9 \u0111\u01b0\u1ee3c s\u1ea3n xu\u1ea5t v\u1edbi nhi\u1ec1u size \u0111\u1ec3 kh\u00e1ch h\u00e0ng c\u00f3 th\u1ec3 l\u1ef1a ch\u1ecdn.<\/p>\n<p>&#8211; N\u1ebfu l\u00f4ng th\u1ee7 n\u00e0o \u0111ang t\u00ecm ki\u1ebfm cho m\u00ecnh 1 m\u1eabu\u00a0<strong>\u00e1o c\u1ea7u l\u00f4ng<\/strong>\u00a0th\u00ec s\u1ea3n ph\u1ea9m\u00a0\u00c1o c\u1ea7u l\u00f4ng Lining P-ATSUB09-1 nam ch\u00ednh h\u00e3ng l\u00e0 m\u1ed9t s\u1ef1 l\u1ef1a ch\u1ecdn v\u00f4 c\u00f9ng h\u1ee3p l\u00fd. M\u1eabu \u00e1o c\u1ea7u l\u00f4ng ch\u00ednh h\u00e3ng n\u00e0y\u00a0c\u00f3 ch\u1ea5t l\u01b0\u1ee3ng c\u1ef1c t\u1ed1t \u0111\u01b0\u1ee3c l\u00e0m t\u1eeb 100% Polyester kh\u00f4ng nh\u1eefng cho ng\u01b0\u1eddi ch\u01a1i khi m\u1eb7c v\u00e0o c\u00f3 c\u1ea3m gi\u00e1c m\u00e1t m\u1ebb, d\u1ec5 ch\u1ecbu, th\u1ea5m h\u00fat m\u1ed3 h\u00f4i t\u1ed1t trong su\u1ed1t qu\u00e1 tr\u00ecnh ch\u01a1i m\u00e0\u00a0chi\u1ebfc \u00e1o c\u1ea7u l\u00f4ng\u00a0n\u00e0y c\u00f2n c\u00f3 \u0111\u1ed9 b\u1ec1n b\u1ec9 r\u1ea5t cao d\u00f9 b\u1ea1n c\u00f3 gi\u1eb7t gi\u0169 m\u1ea1nh c\u1ee1 n\u00e0o th\u00ec \u0111\u1ea3m b\u1ea3o m\u00e0u c\u1ee7a \u00e1o c\u0169ng s\u1ebd kh\u00f4ng b\u1ecb phai theo n\u0103m th\u00e1ng.<\/p>\n<p>&#8211; \u0110\u1eb7c bi\u1ec7t khi\u00a0so v\u1edbi c\u00e1c m\u1eabu \u00e1o hi\u1ec7n c\u00f3 tr\u00ean th\u1ecb tr\u01b0\u1eddng th\u00ec\u00a0<strong>\u00e1o c\u1ea7u l\u00f4ng ch\u00ednh h\u00e3ng<\/strong>\u00a0s\u1ebd c\u00f3 ch\u1ea5t l\u01b0\u1ee3ng v\u1ea3i c\u00f9ng thi\u1ebft k\u1ebf form \u00e1o \u0111\u1ea3m b\u1ea3o cao c\u1ea5p h\u01a1n r\u1ea5t nhi\u1ec1u, ch\u1eafc ch\u1eafn khi c\u00e1c l\u00f4ng th\u1ee7 m\u1eb7c v\u00e0o l\u00e0 c\u00f3 th\u1ec3 c\u1ea3m nh\u1eadn \u0111\u01b0\u1ee3c ngay.<\/p>\n<p>&#8211; Ch\u00ednh v\u00ec v\u1eady, n\u1ebfu b\u1ea1n \u0111ang t\u00ecm ki\u1ebfm cho m\u00ecnh m\u1ed9t chi\u1ebfc\u00a0<strong>\u00e1o c\u1ea7u l\u00f4ng<\/strong>\u00a0c\u00f3 ch\u1ea5t l\u01b0\u1ee3ng t\u1ed1t nh\u1ea5t\u00a0tr\u00ean th\u1ecb tr\u01b0\u1eddng th\u00ec \u0111\u1ea3m b\u1ea3o\u00a0\u00c1o c\u1ea7u l\u00f4ng Lining P-ATSUB09-1 nam ch\u00ednh h\u00e3ng<strong>\u00a0<\/strong>s\u1ebd l\u00e0 m\u1ed9t trong nh\u1eefng g\u1ee3i \u00fd ho\u00e0n h\u1ea3o nh\u1ea5t.<\/p>\n<p>&nbsp;<\/p>\n<p><img decoding=\"async\" src=\"https:\/\/cdn.shopvnb.com\/uploads\/gallery\/ao-cau-long-lining-p-atsub09-1-nam-chinh-hang_1763759162.webp\" alt=\"\" \/><\/p>\n<p>&nbsp;<\/p>\n<p><strong>Xem th\u00eam<\/strong>: Nh\u1eefng m\u1eabu\u00a0<a href=\"https:\/\/shopvnb.com\/ao-cau-long.html\">\u00e1o c\u1ea7u l\u00f4ng<\/a>\u00a0\u0111\u1eb9p, ch\u1ea5t l\u01b0\u1ee3ng kh\u00e1c.<\/p>\n<h2><strong>2. K\u1ebft c\u1ea5u t\u1ed5ng th\u1ec3 c\u1ee7a \u00e1o c\u1ea7u l\u00f4ng ch\u00ednh h\u00e3ng<\/strong><\/h2>\n<p>&#8211; Size: XS, S, M, L, XL, XXL<\/p>\n<p>&#8211; Ch\u1ea5t li\u1ec7u v\u1ea3i: 100% Polyester<\/p>\n<p>&#8211; Lo\u1ea1i \u00e1o: \u00c1o ch\u00ednh h\u00e3ng<\/p>\n<p>&#8211; T\u00ednh n\u0103ng:<\/p>\n<p>+ Th\u1ea5m h\u00fat m\u1ed3 h\u00f4i t\u1ed1t.<\/p>\n<p>+ Kh\u00f4 nhanh.<\/p>\n<p>+ L\u00e0m m\u00e1t nhanh.<\/p>\n<p>+ Ch\u1ed1ng t\u0129nh \u0111i\u1ec7n<\/p>\n<p>+ Ch\u1ed1ng nh\u0103n.<\/p>\n<p>+ Si\u00eau b\u1ec1n b\u1ec9.<\/p>\n<h2><strong>3. \u01afu \u0111i\u1ec3m c\u1ee7a \u00c1o c\u1ea7u l\u00f4ng Lining P-ATSUB09-1 nam ch\u00ednh h\u00e3ng, cao c\u1ea5p<\/strong><\/h2>\n<p>&#8211; C\u00f3 nhi\u1ec1u size\u00a0ph\u00f9 h\u1ee3p v\u1edbi nhi\u1ec1u \u0111\u1ed1i t\u01b0\u1ee3ng ng\u01b0\u1eddi ch\u01a1i.<\/p>\n<p>&#8211; Ph\u1ea7n logo\u00a0\u0111\u01b0\u1ee3c in nhi\u1ec7t c\u1ef1c b\u1ec1n b\u1ec9\u00a0d\u00f9 cho c\u00f3 gi\u1eb7t gi\u0169 li\u00ean t\u1ee5c v\u00e0 s\u1eed d\u1ee5ng trong th\u1eddi gian d\u00e0i c\u0169ng \u0111\u1ea3m b\u1ea3o ch\u1eb3ng bong tr\u00f3c.<\/p>\n<p>&#8211; \u0110\u1eb7c bi\u1ec7t, chi\u1ebfc\u00a0<u>\u00c1o c\u1ea7u l\u00f4ng Lining P-ATSUB09-1 nam ch\u00ednh h\u00e3ng ch\u1ea5t l\u01b0\u1ee3ng<\/u>\u00a0\u0111\u01b0\u1ee3c s\u1ea3n xu\u1ea5t 100% b\u1eb1ng ch\u1ea5t li\u1ec7u Polyester kh\u00f4ng nh\u1eefng cho kh\u1ea3 n\u0103ng th\u1ea5m h\u00fat t\u1ed1t m\u00e0 c\u00f2n c\u00f3 \u0111\u1ed9 tho\u00e1ng kh\u00ed cao gi\u00fap ng\u01b0\u1eddi ch\u01a1i lu\u00f4n m\u00e1t m\u1ebb trong nh\u1eefng tr\u1eadn c\u1ea7u gay c\u1ea5n tr\u00ean s\u00e2n \u0111\u1ea5u.<\/p>\n<h2><strong>4. Ch\u00ednh s\u00e1ch \u0111\u1ed5i tr\u1ea3 sau khi mua h\u00e0ng<\/strong><\/h2>\n<p>&#8211; Ng\u01b0\u1eddi mua c\u00f3 th\u1ec3 tr\u1ea3 c\u00e1c s\u1ea3n ph\u1ea9m \u00e1o qu\u1ea7n\u00a0c\u1ea7u l\u00f4ng\u00a0khi kh\u00f4ng v\u1eeba \u00fd trong v\u00f2ng 1h k\u1ec3 t\u1eeb khi nh\u1eadn h\u00e0ng,\u00a0<a href=\"https:\/\/shopvnb.com\/\">shopvnb.com<\/a><strong>\u00a0<\/strong>s\u1ebd \u0111\u1ed5i s\u1ea3n ph\u1ea9m cho kh\u00e1ch. S\u1ea3n ph\u1ea9m mu\u1ed1n \u0111\u1ed5i ho\u1eb7c tr\u1ea3 c\u1ea7n gi\u1eef s\u1ea3n ph\u1ea9m\u00a0ch\u01b0a khui b\u1ecbch, ch\u01b0a s\u1eed d\u1ee5ng.<\/p>\n<p>S\u1ea3n ph\u1ea9m mua b\u1ecb l\u1ed7i \u2013 Qu\u00e1 h\u1ea1n s\u1eed d\u1ee5ng<\/p>\n<p>&#8211; Qu\u00fd kh\u00e1ch vui l\u00f2ng ki\u1ec3m tra s\u1ea3n ph\u1ea9m\u00a0<strong>qu\u1ea7n \u00e1o c\u1ea7u l\u00f4ng gi\u00e1 r\u1ebb<\/strong>\u00a0tr\u01b0\u1edbc khi thanh to\u00e1n. Trong tr\u01b0\u1eddng h\u1ee3p s\u1ea3n ph\u1ea9m b\u1ecb h\u01b0 h\u1ea1i trong qu\u00e1 tr\u00ecnh v\u1eadn chuy\u1ec3n, qu\u00fd kh\u00e1ch vui l\u00f2ng t\u1eeb ch\u1ed1i v\u00e0 g\u1eedi l\u1ea1i s\u1ea3n ph\u1ea9m cho ch\u00fang t\u00f4i.<\/p>\n<p>S\u1ea3n ph\u1ea9m kh\u00f4ng s\u1eed d\u1ee5ng \u0111\u01b0\u1ee3c ngay khi \u0111\u01b0\u1ee3c giao<\/p>\n<p>&#8211; C\u00e1c m\u1eabu\u00a0<strong>qu\u1ea7n \u00e1o c\u1ea7u l\u00f4ng \u0111\u1eb9p<\/strong>\u00a0giao kh\u00f4ng \u0111\u00fang theo \u0111\u01a1n \u0111\u1eb7t h\u00e0ng.<\/p>\n<p>&#8211; B\u1ea1n ngh\u0129 r\u1eb1ng s\u1ea3n ph\u1ea9m giao cho b\u1ea1n kh\u00f4ng \u0111\u00fang v\u1edbi \u0111\u01a1n \u0111\u1eb7t h\u00e0ng? H\u00e3y li\u00ean h\u1ec7 v\u1edbi ch\u00fang t\u00f4i c\u00e0ng s\u1edbm c\u00e0ng t\u1ed1t, h\u1ec7 th\u1ed1ng c\u1ee7a ch\u00fang t\u00f4i s\u1ebd ki\u1ec3m tra n\u1ebfu h\u00e0ng c\u1ee7a b\u1ea1n b\u1ecb g\u1eedi nh\u1ea7m. Trong tr\u01b0\u1eddng h\u1ee3p \u0111\u00f3, ch\u00fang t\u00f4i s\u1ebd thay th\u1ebf \u0111\u00fang m\u1eb7t h\u00e0ng b\u1ea1n y\u00eau c\u1ea7u (khi c\u00f3 h\u00e0ng).<\/p>\n<p>\u0110i\u1ec1u ki\u1ec7n \u0111\u1ed5i tr\u1ea3 h\u00e0ng<\/p>\n<p>&#8211; \u0110i\u1ec1u ki\u1ec7n v\u1ec1 th\u1eddi gian \u0111\u1ed5i tr\u1ea3:\u00a0trong v\u00f2ng 01 ng\u00e0y\u00a0k\u1ec3 t\u1eeb khi nh\u1eadn \u0111\u01b0\u1ee3c h\u00e0ng v\u00e0 ph\u1ea3i li\u00ean h\u1ec7 g\u1ecdi ngay cho ch\u00fang t\u00f4i theo s\u1ed1 \u0111i\u1ec7n tho\u1ea1i tr\u00ean \u0111\u1ec3 \u0111\u01b0\u1ee3c x\u00e1c nh\u1eadn \u0111\u1ed5i tr\u1ea3 h\u00e0ng.<\/p>\n<p>&#8211; S\u1ea3n ph\u1ea9m\u00a0<strong>qu\u1ea7n \u00e1o ch\u01a1i c\u1ea7u l\u00f4ng<\/strong>\u00a0g\u1eedi l\u1ea1i ph\u1ea3i c\u00f2n nguy\u00ean tem v\u00e0 \u1edf nguy\u00ean v\u1eb9n trong b\u1ecbch.<\/p>\n<p>&#8211; Qu\u00fd kh\u00e1ch ch\u1ecbu chi ph\u00ed v\u1eadn chuy\u1ec3n, \u0111\u00f3ng g\u00f3i, thu h\u1ed9 ti\u1ec1n, chi ph\u00ed li\u00ean l\u1ea1c t\u1ed1i \u0111a t\u01b0\u01a1ng \u0111\u01b0\u01a1ng 20% gi\u00e1 tr\u1ecb \u0111\u01a1n h\u00e0ng.<\/p>\n<p>Quy tr\u00ecnh \u0111\u1ed5i tr\u1ea3 h\u00e0ng<\/p>\n<p>&#8211; B\u01b0\u1edbc 1: Sau khi nh\u1eadn \u0111\u01b0\u1ee3c h\u00e0ng. Y\u00eau c\u1ea7u qu\u00fd v\u1ecb ki\u1ec3m tra k\u1ef9 1 l\u1ea7n tr\u01b0\u1edbc khi nh\u1eadn h\u00e0ng. N\u1ebfu c\u00f3 v\u1ea5n \u0111\u1ec1 xin vui l\u00f2ng li\u00ean h\u1ec7 Trung t\u00e2m h\u1ed7 tr\u1ee3 kh\u00e1ch h\u00e0ng t\u1ea1i th\u1eddi \u0111i\u1ec3m nh\u00e2n vi\u00ean giao h\u00e0ng c\u00f2n \u1edf \u0111\u00f3.Tr\u01b0\u1eddng h\u1ee3p sau khi nh\u00e2n vi\u00ean giao h\u00e0ng \u0111\u00e3 \u0111i \u2013 N\u1ebfu mu\u1ed1n \u0111\u1ed5i tr\u1ea3 h\u00e0ng c\u00f3 th\u1ec3 li\u00ean h\u1ec7 v\u1edbi ch\u00fang t\u00f4i \u0111\u1ec3 \u0111\u01b0\u1ee3c x\u1eed l\u00fd v\u00e0 h\u1eb9n l\u1ecbch \u0111\u1ed5i tr\u1ea3 h\u00e0ng.<\/p>\n<p>&#8211; B\u01b0\u1edbc 2:\u00a0Sau khi Trung t\u00e2m h\u1ed7 tr\u1ee3 kh\u00e1ch h\u00e0ng th\u00f4ng b\u00e1o l\u1ecbch h\u1eb9n nh\u1eadn h\u00e0ng tr\u1ea3.<\/p>\n","protected":false},"excerpt":{"rendered":"<p>\u00c1o c\u1ea7u l\u00f4ng Lining P-ATSUB09-1 nam ch\u00ednh h\u00e3ng &#8211; Form \u00c1o \u0110\u1eb9p, M\u00e1t M\u1ebb, Th\u1ea5m H\u00fat T\u1ed1t Nh\u1ea5t Th\u1ecb Tr\u01b0\u1eddng 1. Gi\u1edbi thi\u1ec7u \u00c1o c\u1ea7u l\u00f4ng Lining P-ATSUB09-1 nam ch\u00ednh h\u00e3ng, gi\u00e1 t\u1ed1t &#8211;\u00a0\u00c1o c\u1ea7u l\u00f4ng Lining P-ATSUB09-1 nam ch\u00ednh h\u00e3ng l\u00e0 m\u1ed9t trong nh\u1eefng m\u1eabu\u00a0\u00e1o c\u1ea7u l\u00f4ng\u00a0ch\u00ednh h\u00e3ng\u00a0n\u1ed5i tr\u1ed9i v\u1edbi ch\u1ea5t li\u1ec7u v\u1ea3i th\u1ea5m&#8230;<\/p>\n","protected":false},"featured_media":492,"comment_status":"open","ping_status":"closed","template":"","meta":[],"product_brand":[38],"product_cat":[65,68],"product_tag":[],"class_list":{"0":"post-518","1":"product","2":"type-product","3":"status-publish","4":"has-post-thumbnail","6":"product_brand-lining","7":"product_cat-ao-cau-long","8":"product_cat-ao-cau-long-lining","10":"first","11":"instock","12":"sale","13":"shipping-taxable","14":"purchasable","15":"product-type-variable"},"yoast_head":"<!-- This site is optimized with the Yoast SEO plugin v27.3 - https:\/\/yoast.com\/product\/yoast-seo-wordpress\/ -->\n<title>\u00c1o c\u1ea7u l\u00f4ng Lining P-ATSUB09-1 nam ch\u00ednh h\u00e3ng - one<\/title>\n<meta name=\"robots\" content=\"index, follow, max-snippet:-1, max-image-preview:large, max-video-preview:-1\" \/>\n<link rel=\"canonical\" href=\"https:\/\/n1thnltmdt21c.azdigi.shop\/index.php\/product\/ao-cau-long-lining-p-atsub09-1-nam-chinh-hang\/\" \/>\n<meta property=\"og:locale\" content=\"vi_VN\" \/>\n<meta property=\"og:type\" content=\"article\" \/>\n<meta property=\"og:title\" content=\"\u00c1o c\u1ea7u l\u00f4ng Lining P-ATSUB09-1 nam ch\u00ednh h\u00e3ng - one\" \/>\n<meta property=\"og:description\" content=\"\u00c1o c\u1ea7u l\u00f4ng Lining P-ATSUB09-1 nam ch\u00ednh h\u00e3ng &#8211; Form \u00c1o \u0110\u1eb9p, M\u00e1t M\u1ebb, Th\u1ea5m H\u00fat T\u1ed1t Nh\u1ea5t Th\u1ecb Tr\u01b0\u1eddng 1. Gi\u1edbi thi\u1ec7u \u00c1o c\u1ea7u l\u00f4ng Lining P-ATSUB09-1 nam ch\u00ednh h\u00e3ng, gi\u00e1 t\u1ed1t &#8211;\u00a0\u00c1o c\u1ea7u l\u00f4ng Lining P-ATSUB09-1 nam ch\u00ednh h\u00e3ng l\u00e0 m\u1ed9t trong nh\u1eefng m\u1eabu\u00a0\u00e1o c\u1ea7u l\u00f4ng\u00a0ch\u00ednh h\u00e3ng\u00a0n\u1ed5i tr\u1ed9i v\u1edbi ch\u1ea5t li\u1ec7u v\u1ea3i th\u1ea5m...\" \/>\n<meta property=\"og:url\" content=\"https:\/\/n1thnltmdt21c.azdigi.shop\/index.php\/product\/ao-cau-long-lining-p-atsub09-1-nam-chinh-hang\/\" \/>\n<meta property=\"og:site_name\" content=\"one\" \/>\n<meta property=\"article:modified_time\" content=\"2026-04-18T10:54:30+00:00\" \/>\n<meta property=\"og:image\" content=\"https:\/\/n1thnltmdt21c.azdigi.shop\/wp-content\/uploads\/2026\/04\/519.webp\" \/>\n\t<meta property=\"og:image:width\" content=\"300\" \/>\n\t<meta property=\"og:image:height\" content=\"300\" \/>\n\t<meta property=\"og:image:type\" content=\"image\/webp\" \/>\n<meta name=\"twitter:card\" content=\"summary_large_image\" \/>\n<meta name=\"twitter:label1\" content=\"\u01af\u1edbc t\u00ednh th\u1eddi gian \u0111\u1ecdc\" \/>\n\t<meta name=\"twitter:data1\" content=\"6 ph\u00fat\" \/>\n<script type=\"application\/ld+json\" class=\"yoast-schema-graph\">{\"@context\":\"https:\\\/\\\/schema.org\",\"@graph\":[{\"@type\":\"WebPage\",\"@id\":\"https:\\\/\\\/n1thnltmdt21c.azdigi.shop\\\/index.php\\\/product\\\/ao-cau-long-lining-p-atsub09-1-nam-chinh-hang\\\/\",\"url\":\"https:\\\/\\\/n1thnltmdt21c.azdigi.shop\\\/index.php\\\/product\\\/ao-cau-long-lining-p-atsub09-1-nam-chinh-hang\\\/\",\"name\":\"\u00c1o c\u1ea7u l\u00f4ng Lining P-ATSUB09-1 nam ch\u00ednh h\u00e3ng - one\",\"isPartOf\":{\"@id\":\"https:\\\/\\\/n1thnltmdt21c.azdigi.shop\\\/#website\"},\"primaryImageOfPage\":{\"@id\":\"https:\\\/\\\/n1thnltmdt21c.azdigi.shop\\\/index.php\\\/product\\\/ao-cau-long-lining-p-atsub09-1-nam-chinh-hang\\\/#primaryimage\"},\"image\":{\"@id\":\"https:\\\/\\\/n1thnltmdt21c.azdigi.shop\\\/index.php\\\/product\\\/ao-cau-long-lining-p-atsub09-1-nam-chinh-hang\\\/#primaryimage\"},\"thumbnailUrl\":\"https:\\\/\\\/n1thnltmdt21c.azdigi.shop\\\/wp-content\\\/uploads\\\/2026\\\/04\\\/519.webp\",\"datePublished\":\"2026-04-15T15:26:22+00:00\",\"dateModified\":\"2026-04-18T10:54:30+00:00\",\"breadcrumb\":{\"@id\":\"https:\\\/\\\/n1thnltmdt21c.azdigi.shop\\\/index.php\\\/product\\\/ao-cau-long-lining-p-atsub09-1-nam-chinh-hang\\\/#breadcrumb\"},\"inLanguage\":\"vi\",\"potentialAction\":[{\"@type\":\"ReadAction\",\"target\":[\"https:\\\/\\\/n1thnltmdt21c.azdigi.shop\\\/index.php\\\/product\\\/ao-cau-long-lining-p-atsub09-1-nam-chinh-hang\\\/\"]}]},{\"@type\":\"ImageObject\",\"inLanguage\":\"vi\",\"@id\":\"https:\\\/\\\/n1thnltmdt21c.azdigi.shop\\\/index.php\\\/product\\\/ao-cau-long-lining-p-atsub09-1-nam-chinh-hang\\\/#primaryimage\",\"url\":\"https:\\\/\\\/n1thnltmdt21c.azdigi.shop\\\/wp-content\\\/uploads\\\/2026\\\/04\\\/519.webp\",\"contentUrl\":\"https:\\\/\\\/n1thnltmdt21c.azdigi.shop\\\/wp-content\\\/uploads\\\/2026\\\/04\\\/519.webp\",\"width\":300,\"height\":300},{\"@type\":\"BreadcrumbList\",\"@id\":\"https:\\\/\\\/n1thnltmdt21c.azdigi.shop\\\/index.php\\\/product\\\/ao-cau-long-lining-p-atsub09-1-nam-chinh-hang\\\/#breadcrumb\",\"itemListElement\":[{\"@type\":\"ListItem\",\"position\":1,\"name\":\"Home\",\"item\":\"https:\\\/\\\/n1thnltmdt21c.azdigi.shop\\\/\"},{\"@type\":\"ListItem\",\"position\":2,\"name\":\"C\u1eeda h\u00e0ng\",\"item\":\"https:\\\/\\\/n1thnltmdt21c.azdigi.shop\\\/index.php\\\/cua-hang\\\/\"},{\"@type\":\"ListItem\",\"position\":3,\"name\":\"\u00c1o c\u1ea7u l\u00f4ng Lining P-ATSUB09-1 nam ch\u00ednh h\u00e3ng\"}]},{\"@type\":\"WebSite\",\"@id\":\"https:\\\/\\\/n1thnltmdt21c.azdigi.shop\\\/#website\",\"url\":\"https:\\\/\\\/n1thnltmdt21c.azdigi.shop\\\/\",\"name\":\"one\",\"description\":\"\",\"publisher\":{\"@id\":\"https:\\\/\\\/n1thnltmdt21c.azdigi.shop\\\/#\\\/schema\\\/person\\\/f9c8d72cb37e057ca75fcb301f24775b\"},\"potentialAction\":[{\"@type\":\"SearchAction\",\"target\":{\"@type\":\"EntryPoint\",\"urlTemplate\":\"https:\\\/\\\/n1thnltmdt21c.azdigi.shop\\\/?s={search_term_string}\"},\"query-input\":{\"@type\":\"PropertyValueSpecification\",\"valueRequired\":true,\"valueName\":\"search_term_string\"}}],\"inLanguage\":\"vi\"},{\"@type\":[\"Person\",\"Organization\"],\"@id\":\"https:\\\/\\\/n1thnltmdt21c.azdigi.shop\\\/#\\\/schema\\\/person\\\/f9c8d72cb37e057ca75fcb301f24775b\",\"name\":\"avycvsxw\",\"image\":{\"@type\":\"ImageObject\",\"inLanguage\":\"vi\",\"@id\":\"https:\\\/\\\/secure.gravatar.com\\\/avatar\\\/c56eb1032dab3a3f203620cbf35d45b422a782950bfc8d85494eb01f8e118853?s=96&d=mm&r=g\",\"url\":\"https:\\\/\\\/secure.gravatar.com\\\/avatar\\\/c56eb1032dab3a3f203620cbf35d45b422a782950bfc8d85494eb01f8e118853?s=96&d=mm&r=g\",\"contentUrl\":\"https:\\\/\\\/secure.gravatar.com\\\/avatar\\\/c56eb1032dab3a3f203620cbf35d45b422a782950bfc8d85494eb01f8e118853?s=96&d=mm&r=g\",\"caption\":\"avycvsxw\"},\"logo\":{\"@id\":\"https:\\\/\\\/secure.gravatar.com\\\/avatar\\\/c56eb1032dab3a3f203620cbf35d45b422a782950bfc8d85494eb01f8e118853?s=96&d=mm&r=g\"},\"sameAs\":[\"https:\\\/\\\/n1thnltmdt21c.azdigi.shop\"]}]}<\/script>\n<!-- \/ Yoast SEO plugin. -->","yoast_head_json":{"title":"\u00c1o c\u1ea7u l\u00f4ng Lining P-ATSUB09-1 nam ch\u00ednh h\u00e3ng - one","robots":{"index":"index","follow":"follow","max-snippet":"max-snippet:-1","max-image-preview":"max-image-preview:large","max-video-preview":"max-video-preview:-1"},"canonical":"https:\/\/n1thnltmdt21c.azdigi.shop\/index.php\/product\/ao-cau-long-lining-p-atsub09-1-nam-chinh-hang\/","og_locale":"vi_VN","og_type":"article","og_title":"\u00c1o c\u1ea7u l\u00f4ng Lining P-ATSUB09-1 nam ch\u00ednh h\u00e3ng - one","og_description":"\u00c1o c\u1ea7u l\u00f4ng Lining P-ATSUB09-1 nam ch\u00ednh h\u00e3ng &#8211; Form \u00c1o \u0110\u1eb9p, M\u00e1t M\u1ebb, Th\u1ea5m H\u00fat T\u1ed1t Nh\u1ea5t Th\u1ecb Tr\u01b0\u1eddng 1. Gi\u1edbi thi\u1ec7u \u00c1o c\u1ea7u l\u00f4ng Lining P-ATSUB09-1 nam ch\u00ednh h\u00e3ng, gi\u00e1 t\u1ed1t &#8211;\u00a0\u00c1o c\u1ea7u l\u00f4ng Lining P-ATSUB09-1 nam ch\u00ednh h\u00e3ng l\u00e0 m\u1ed9t trong nh\u1eefng m\u1eabu\u00a0\u00e1o c\u1ea7u l\u00f4ng\u00a0ch\u00ednh h\u00e3ng\u00a0n\u1ed5i tr\u1ed9i v\u1edbi ch\u1ea5t li\u1ec7u v\u1ea3i th\u1ea5m...","og_url":"https:\/\/n1thnltmdt21c.azdigi.shop\/index.php\/product\/ao-cau-long-lining-p-atsub09-1-nam-chinh-hang\/","og_site_name":"one","article_modified_time":"2026-04-18T10:54:30+00:00","og_image":[{"width":300,"height":300,"url":"https:\/\/n1thnltmdt21c.azdigi.shop\/wp-content\/uploads\/2026\/04\/519.webp","type":"image\/webp"}],"twitter_card":"summary_large_image","twitter_misc":{"\u01af\u1edbc t\u00ednh th\u1eddi gian \u0111\u1ecdc":"6 ph\u00fat"},"schema":{"@context":"https:\/\/schema.org","@graph":[{"@type":"WebPage","@id":"https:\/\/n1thnltmdt21c.azdigi.shop\/index.php\/product\/ao-cau-long-lining-p-atsub09-1-nam-chinh-hang\/","url":"https:\/\/n1thnltmdt21c.azdigi.shop\/index.php\/product\/ao-cau-long-lining-p-atsub09-1-nam-chinh-hang\/","name":"\u00c1o c\u1ea7u l\u00f4ng Lining P-ATSUB09-1 nam ch\u00ednh h\u00e3ng - one","isPartOf":{"@id":"https:\/\/n1thnltmdt21c.azdigi.shop\/#website"},"primaryImageOfPage":{"@id":"https:\/\/n1thnltmdt21c.azdigi.shop\/index.php\/product\/ao-cau-long-lining-p-atsub09-1-nam-chinh-hang\/#primaryimage"},"image":{"@id":"https:\/\/n1thnltmdt21c.azdigi.shop\/index.php\/product\/ao-cau-long-lining-p-atsub09-1-nam-chinh-hang\/#primaryimage"},"thumbnailUrl":"https:\/\/n1thnltmdt21c.azdigi.shop\/wp-content\/uploads\/2026\/04\/519.webp","datePublished":"2026-04-15T15:26:22+00:00","dateModified":"2026-04-18T10:54:30+00:00","breadcrumb":{"@id":"https:\/\/n1thnltmdt21c.azdigi.shop\/index.php\/product\/ao-cau-long-lining-p-atsub09-1-nam-chinh-hang\/#breadcrumb"},"inLanguage":"vi","potentialAction":[{"@type":"ReadAction","target":["https:\/\/n1thnltmdt21c.azdigi.shop\/index.php\/product\/ao-cau-long-lining-p-atsub09-1-nam-chinh-hang\/"]}]},{"@type":"ImageObject","inLanguage":"vi","@id":"https:\/\/n1thnltmdt21c.azdigi.shop\/index.php\/product\/ao-cau-long-lining-p-atsub09-1-nam-chinh-hang\/#primaryimage","url":"https:\/\/n1thnltmdt21c.azdigi.shop\/wp-content\/uploads\/2026\/04\/519.webp","contentUrl":"https:\/\/n1thnltmdt21c.azdigi.shop\/wp-content\/uploads\/2026\/04\/519.webp","width":300,"height":300},{"@type":"BreadcrumbList","@id":"https:\/\/n1thnltmdt21c.azdigi.shop\/index.php\/product\/ao-cau-long-lining-p-atsub09-1-nam-chinh-hang\/#breadcrumb","itemListElement":[{"@type":"ListItem","position":1,"name":"Home","item":"https:\/\/n1thnltmdt21c.azdigi.shop\/"},{"@type":"ListItem","position":2,"name":"C\u1eeda h\u00e0ng","item":"https:\/\/n1thnltmdt21c.azdigi.shop\/index.php\/cua-hang\/"},{"@type":"ListItem","position":3,"name":"\u00c1o c\u1ea7u l\u00f4ng Lining P-ATSUB09-1 nam ch\u00ednh h\u00e3ng"}]},{"@type":"WebSite","@id":"https:\/\/n1thnltmdt21c.azdigi.shop\/#website","url":"https:\/\/n1thnltmdt21c.azdigi.shop\/","name":"one","description":"","publisher":{"@id":"https:\/\/n1thnltmdt21c.azdigi.shop\/#\/schema\/person\/f9c8d72cb37e057ca75fcb301f24775b"},"potentialAction":[{"@type":"SearchAction","target":{"@type":"EntryPoint","urlTemplate":"https:\/\/n1thnltmdt21c.azdigi.shop\/?s={search_term_string}"},"query-input":{"@type":"PropertyValueSpecification","valueRequired":true,"valueName":"search_term_string"}}],"inLanguage":"vi"},{"@type":["Person","Organization"],"@id":"https:\/\/n1thnltmdt21c.azdigi.shop\/#\/schema\/person\/f9c8d72cb37e057ca75fcb301f24775b","name":"avycvsxw","image":{"@type":"ImageObject","inLanguage":"vi","@id":"https:\/\/secure.gravatar.com\/avatar\/c56eb1032dab3a3f203620cbf35d45b422a782950bfc8d85494eb01f8e118853?s=96&d=mm&r=g","url":"https:\/\/secure.gravatar.com\/avatar\/c56eb1032dab3a3f203620cbf35d45b422a782950bfc8d85494eb01f8e118853?s=96&d=mm&r=g","contentUrl":"https:\/\/secure.gravatar.com\/avatar\/c56eb1032dab3a3f203620cbf35d45b422a782950bfc8d85494eb01f8e118853?s=96&d=mm&r=g","caption":"avycvsxw"},"logo":{"@id":"https:\/\/secure.gravatar.com\/avatar\/c56eb1032dab3a3f203620cbf35d45b422a782950bfc8d85494eb01f8e118853?s=96&d=mm&r=g"},"sameAs":["https:\/\/n1thnltmdt21c.azdigi.shop"]}]}},"_links":{"self":[{"href":"https:\/\/n1thnltmdt21c.azdigi.shop\/index.php\/wp-json\/wp\/v2\/product\/518","targetHints":{"allow":["GET"]}}],"collection":[{"href":"https:\/\/n1thnltmdt21c.azdigi.shop\/index.php\/wp-json\/wp\/v2\/product"}],"about":[{"href":"https:\/\/n1thnltmdt21c.azdigi.shop\/index.php\/wp-json\/wp\/v2\/types\/product"}],"replies":[{"embeddable":true,"href":"https:\/\/n1thnltmdt21c.azdigi.shop\/index.php\/wp-json\/wp\/v2\/comments?post=518"}],"wp:featuredmedia":[{"embeddable":true,"href":"https:\/\/n1thnltmdt21c.azdigi.shop\/index.php\/wp-json\/wp\/v2\/media\/492"}],"wp:attachment":[{"href":"https:\/\/n1thnltmdt21c.azdigi.shop\/index.php\/wp-json\/wp\/v2\/media?parent=518"}],"wp:term":[{"taxonomy":"product_brand","embeddable":true,"href":"https:\/\/n1thnltmdt21c.azdigi.shop\/index.php\/wp-json\/wp\/v2\/product_brand?post=518"},{"taxonomy":"product_cat","embeddable":true,"href":"https:\/\/n1thnltmdt21c.azdigi.shop\/index.php\/wp-json\/wp\/v2\/product_cat?post=518"},{"taxonomy":"product_tag","embeddable":true,"href":"https:\/\/n1thnltmdt21c.azdigi.shop\/index.php\/wp-json\/wp\/v2\/product_tag?post=518"}],"curies":[{"name":"wp","href":"https:\/\/api.w.org\/{rel}","templated":true}]}}