{"id":219,"date":"2026-04-14T16:41:06","date_gmt":"2026-04-14T16:41:06","guid":{"rendered":"https:\/\/n1thnltmdt21c.azdigi.shop\/?post_type=product&#038;p=219"},"modified":"2026-04-15T13:40:15","modified_gmt":"2026-04-15T13:40:15","slug":"giay-cau-long-yonex-court-flow","status":"publish","type":"product","link":"https:\/\/n1thnltmdt21c.azdigi.shop\/index.php\/product\/giay-cau-long-yonex-court-flow\/","title":{"rendered":"Gi\u00e0y c\u1ea7u l\u00f4ng Yonex Court Flow"},"content":{"rendered":"<h2><strong>1. Gi\u1edbi thi\u1ec7u Gi\u00e0y c\u1ea7u l\u00f4ng Yonex Court Flow<\/strong><\/h2>\n<p>&#8211;\u00a0<a href=\"https:\/\/shopvnb.com\/giay-cau-long-yonex-court-flow.html\">Gi\u00e0y c\u1ea7u l\u00f4ng Yonex Court Flow<\/a>\u00a0l\u00e0 m\u1eabu gi\u00e0y thu\u1ed9c ph\u00e2n kh\u00fac gi\u00e1 r\u1ebb m\u1edbi \u0111\u01b0\u1ee3c Yonex ra m\u1eaft, h\u01b0\u1edbng \u0111\u1ebfn nh\u00f3m ng\u01b0\u1eddi ch\u01a1i phong tr\u00e0o v\u00e0 ng\u01b0\u1eddi m\u1edbi t\u1eadp luy\u1ec7n c\u1ea7n m\u1ed9t \u0111\u00f4i gi\u00e0y \u1ed5n \u0111\u1ecbnh, b\u1ec1n b\u1ec9 v\u00e0 d\u1ec5 l\u00e0m quen. Gi\u00e0y c\u1ea7u l\u00f4ng Yonex Court Flow t\u1eadp trung v\u00e0o s\u1ef1 c\u00e2n b\u1eb1ng gi\u1eefa \u0111\u1ed9 \u00eam \u00e1i, \u0111\u1ed9 \u1ed5n \u0111\u1ecbnh v\u00e0 kh\u1ea3 n\u0103ng b\u1ea3o v\u1ec7 b\u00e0n ch\u00e2n trong su\u1ed1t qu\u00e1 tr\u00ecnh di chuy\u1ec3n.<\/p>\n<p>&#8211; Thi\u1ebft k\u1ebf c\u1ee7a gi\u00e0y mang form d\u00e1ng c\u1ee9ng c\u00e1p, \u00f4m ch\u00e2n t\u1ed1t, gi\u00fap c\u1ed1 \u0111\u1ecbnh b\u00e0n ch\u00e2n khi th\u1ef1c hi\u1ec7n c\u00e1c \u0111\u1ed9ng t\u00e1c di chuy\u1ec3n ngang, b\u1eadt nh\u1ea3y ho\u1eb7c phanh g\u1ea5p. Ph\u1ea7n th\u00e2n tr\u00ean k\u1ebft h\u1ee3p gi\u1eefa s\u1ee3i t\u1ed5ng h\u1ee3p v\u00e0 l\u1edbp l\u01b0\u1edbi tho\u00e1ng kh\u00ed, mang l\u1ea1i c\u1ea3m gi\u00e1c nh\u1eb9 nh\u00e0ng nh\u01b0ng v\u1eabn \u0111\u1ea3m b\u1ea3o \u0111\u1ed9 b\u1ec1n. Khu v\u1ef1c m\u0169i gi\u00e0y \u0111\u01b0\u1ee3c gia c\u1ed1 b\u1eb1ng l\u1edbp da PU gi\u00fap t\u0103ng \u0111\u1ed9 ch\u1eafc ch\u1eafn, h\u1ea1n ch\u1ebf bi\u1ebfn d\u1ea1ng trong qu\u00e1 tr\u00ecnh s\u1eed d\u1ee5ng l\u00e2u d\u00e0i.<\/p>\n<p>&#8211; \u0110i\u1ec3m n\u1ed5i b\u1eadt c\u1ee7a Court Flow n\u1eb1m \u1edf kh\u1ea3 n\u0103ng mang l\u1ea1i c\u1ea3m gi\u00e1c \u00eam \u00e1i v\u00e0 d\u1ec5 ch\u1ecbu nh\u1edd l\u1edbp \u0111\u1ec7m Tru Cushion, gi\u00fap gi\u1ea3m ch\u1ea5n hi\u1ec7u qu\u1ea3 khi ti\u1ebfp \u0111\u1ea5t. K\u1ebft h\u1ee3p c\u00f9ng \u0111\u1ebf ngo\u00e0i cao su non-marking b\u00e1m s\u00e2n t\u1ed1t, \u0111\u00f4i gi\u00e0y mang l\u1ea1i s\u1ef1 t\u1ef1 tin trong t\u1eebng b\u01b0\u1edbc di chuy\u1ec3n, \u0111\u1eb7c bi\u1ec7t tr\u00ean m\u1eb7t s\u00e2n th\u1ea3m trong nh\u00e0.<\/p>\n<p><img decoding=\"async\" src=\"https:\/\/cdn.shopvnb.com\/uploads\/gallery\/giay-cau-long-yonex-court-flow-white-black-chinh-hang_1774991534.webp\" alt=\"Gi\u00e0y c\u1ea7u l\u00f4ng Yonex Court Flow - White\/Black\" \/><\/p>\n<p><em>Gi\u00e0y c\u1ea7u l\u00f4ng Yonex Court Flow &#8211; White\/Black<\/em><\/p>\n<p><em><img decoding=\"async\" src=\"https:\/\/cdn.shopvnb.com\/uploads\/gallery\/giay-cau-long-yonex-court-flow-black-volcanish-ash-chinh-hang_1774991657.webp\" alt=\"Gi\u00e0y c\u1ea7u l\u00f4ng Yonex Court Flow - Black\/Volcanish Ash\" \/><\/em><\/p>\n<p><em>Gi\u00e0y c\u1ea7u l\u00f4ng Yonex Court Flow &#8211; Black\/Volcanish Ash<\/em><\/p>\n<p><img decoding=\"async\" src=\"https:\/\/cdn.shopvnb.com\/uploads\/gallery\/giay-cau-long-yonex-court-flow-vivid-blue-consair-chinh-hang_1774991624.webp\" alt=\"Gi\u00e0y c\u1ea7u l\u00f4ng Yonex Court Flow - Vivid Blue\/Consair ch\u00ednh h\u00e3ng\" \/><\/p>\n<p><em>Gi\u00e0y c\u1ea7u l\u00f4ng Yonex Court Flow &#8211; Vivid Blue\/Consair ch\u00ednh h\u00e3ng<\/em><\/p>\n<p><em><img decoding=\"async\" src=\"https:\/\/cdn.shopvnb.com\/uploads\/gallery\/giay-cau-long-yonex-court-flow-monument-oyster-mushroom-chinh-hang_1774991579.webp\" alt=\"Gi\u00e0y c\u1ea7u l\u00f4ng Yonex Court Flow - Monument\/Oyster Mushroom ch\u00ednh h\u00e3ng\" \/><\/em><\/p>\n<p><em>Gi\u00e0y c\u1ea7u l\u00f4ng Yonex Court Flow &#8211; Monument\/Oyster Mushroom ch\u00ednh h\u00e3ng<\/em><\/p>\n<p>B\u00ean c\u1ea1nh \u0111\u00f3, c\u00e1c b\u1ea1n c\u00f3 th\u1ec3 tham kh\u1ea3o th\u00eam nh\u1eefng m\u1eabu\u00a0<a href=\"https:\/\/shopvnb.com\/giay-cau-long-yonex.html\">Gi\u00e0y c\u1ea7u l\u00f4ng Yonex<\/a>\u00a0kh\u00e1c v\u1edbi nhi\u1ec1u m\u1eabu m\u00e3 \u0111a d\u1ea1ng, ch\u1ea5t l\u01b0\u1ee3ng hi\u1ec7n \u0111ang c\u00f3 t\u1ea1i ShopVNB<\/p>\n<h2><strong>2. Th\u00f4ng s\u1ed1 c\u1ee7a Gi\u00e0y c\u1ea7u l\u00f4ng Yonex Court Flow<\/strong><\/h2>\n<p>&#8211; Th\u01b0\u01a1ng hi\u1ec7u: Yonex<\/p>\n<p>&#8211; Ch\u1ea5t li\u1ec7u th\u00e2n: Synthetic Fiber k\u1ebft h\u1ee3p l\u01b0\u1edbi Mesh tho\u00e1ng kh\u00ed<\/p>\n<p>&#8211; \u0110\u1ebf gi\u1eefa: Synthetic Resin Cushion (\u0111\u1ec7m Tru Cushion)<\/p>\n<p>&#8211; \u0110\u1ebf ngo\u00e0i: Cao su Non-Marking ch\u1ed1ng tr\u01b0\u1ee3t<\/p>\n<p>&#8211; Size: 36 &#8211; 44.5<\/p>\n<p>&#8211; Size gi\u00e0y c\u1ea7u l\u00f4ng Yonex Court Flow:<\/p>\n<p><img decoding=\"async\" src=\"https:\/\/cdn.shopvnb.com\/uploads\/images\/bang-size-giay-cau-long-yonex-mach-nightshadow-honey-mustard-chinh-hang.webp\" alt=\"Size Gi\u00e0y c\u1ea7u l\u00f4ng Yonex \" \/><\/p>\n<h2><strong>3. C\u00f4ng ngh\u1ec7 t\u00edch h\u1ee3p tr\u00ean Gi\u00e0y c\u1ea7u l\u00f4ng Yonex\u00a0<\/strong><\/h2>\n<p><strong>&#8211; Tru Shape<\/strong>: C\u00f4ng ngh\u1ec7 gi\u00fap t\u1ed1i \u01b0u \u0111\u1ed9 \u00f4m \u1edf ph\u1ea7n m\u0169i gi\u00e0y, gi\u1ea3m \u00e1p l\u1ef1c l\u00ean c\u00e1c ng\u00f3n ch\u00e2n v\u00e0 c\u1ea3i thi\u1ec7n s\u1ef1 v\u1eeba v\u1eb7n. Tr\u1ecdng t\u00e2m \u0111\u01b0\u1ee3c ph\u00e2n b\u1ed5 h\u1ee3p l\u00fd v\u1ec1 ng\u00f3n ch\u00e2n c\u00e1i, h\u1ed7 tr\u1ee3 c\u00e1c b\u01b0\u1edbc di chuy\u1ec3n linh ho\u1ea1t v\u00e0 m\u01b0\u1ee3t m\u00e0 h\u01a1n.<\/p>\n<p><strong>&#8211; Tru Cushion<\/strong>: Gi\u00e0y c\u1ea7u l\u00f4ng Yonex Court Flow c\u00f3 l\u1edbp \u0111\u1ec7m gi\u1ea3m ch\u1ea5n \u0111\u1eb7c tr\u01b0ng c\u1ee7a Yonex gi\u00fap h\u1ea5p th\u1ee5 l\u1ef1c t\u00e1c \u0111\u1ed9ng khi ti\u1ebfp \u0111\u1ea5t, gi\u1ea3m \u00e1p l\u1ef1c l\u00ean kh\u1edbp c\u1ed5 ch\u00e2n v\u00e0 \u0111\u1ea7u g\u1ed1i. \u0110\u1ed3ng th\u1eddi v\u1eabn gi\u1eef \u0111\u01b0\u1ee3c \u0111\u1ed9 ph\u1ea3n h\u1ed3i t\u1ed1t, kh\u00f4ng g\u00e2y c\u1ea3m gi\u00e1c l\u00fan khi di chuy\u1ec3n nhanh.<\/p>\n<p><strong>&#8211; Double Russel Mesh<\/strong>: V\u1eadt li\u1ec7u l\u01b0\u1edbi cao c\u1ea5p gi\u00fap t\u0103ng c\u01b0\u1eddng kh\u1ea3 n\u0103ng tho\u00e1ng kh\u00ed, gi\u1eef cho b\u00e0n ch\u00e2n lu\u00f4n kh\u00f4 r\u00e1o v\u00e0 tho\u1ea3i m\u00e1i trong su\u1ed1t qu\u00e1 tr\u00ecnh v\u1eadn \u0111\u1ed9ng c\u01b0\u1eddng \u0111\u1ed9 trung b\u00ecnh \u0111\u1ebfn cao.<\/p>\n<p><strong>&#8211; Non-Marking Sole<\/strong>: \u0110\u1ebf cao su chuy\u00ean d\u1ee5ng cho s\u00e2n trong nh\u00e0 v\u1edbi kh\u1ea3 n\u0103ng b\u00e1m s\u00e2n t\u1ed1t, h\u1ed7 tr\u1ee3 c\u00e1c pha phanh g\u1ea5p v\u00e0 \u0111\u1ed5i h\u01b0\u1edbng nhanh. \u0110\u1ed3ng th\u1eddi kh\u00f4ng \u0111\u1ec3 l\u1ea1i v\u1ebft \u0111en, b\u1ea3o v\u1ec7 b\u1ec1 m\u1eb7t s\u00e2n thi \u0111\u1ea5u.<\/p>\n","protected":false},"excerpt":{"rendered":"<p>1. Gi\u1edbi thi\u1ec7u Gi\u00e0y c\u1ea7u l\u00f4ng Yonex Court Flow &#8211;\u00a0Gi\u00e0y c\u1ea7u l\u00f4ng Yonex Court Flow\u00a0l\u00e0 m\u1eabu gi\u00e0y thu\u1ed9c ph\u00e2n kh\u00fac gi\u00e1 r\u1ebb m\u1edbi \u0111\u01b0\u1ee3c Yonex ra m\u1eaft, h\u01b0\u1edbng \u0111\u1ebfn nh\u00f3m ng\u01b0\u1eddi ch\u01a1i phong tr\u00e0o v\u00e0 ng\u01b0\u1eddi m\u1edbi t\u1eadp luy\u1ec7n c\u1ea7n m\u1ed9t \u0111\u00f4i gi\u00e0y \u1ed5n \u0111\u1ecbnh, b\u1ec1n b\u1ec9 v\u00e0 d\u1ec5 l\u00e0m quen. Gi\u00e0y c\u1ea7u l\u00f4ng Yonex&#8230;<\/p>\n","protected":false},"featured_media":220,"comment_status":"open","ping_status":"closed","template":"","meta":[],"product_brand":[36],"product_cat":[33,34],"product_tag":[],"class_list":{"0":"post-219","1":"product","2":"type-product","3":"status-publish","4":"has-post-thumbnail","6":"product_brand-yonex","7":"product_cat-giay-cau-long","8":"product_cat-giay-cau-long-yonex","10":"first","11":"instock","12":"shipping-taxable","13":"purchasable","14":"product-type-variable"},"yoast_head":"<!-- This site is optimized with the Yoast SEO plugin v27.3 - https:\/\/yoast.com\/product\/yoast-seo-wordpress\/ -->\n<title>Gi\u00e0y c\u1ea7u l\u00f4ng Yonex Court Flow - one<\/title>\n<meta name=\"robots\" content=\"index, follow, max-snippet:-1, max-image-preview:large, max-video-preview:-1\" \/>\n<link rel=\"canonical\" href=\"https:\/\/n1thnltmdt21c.azdigi.shop\/index.php\/product\/giay-cau-long-yonex-court-flow\/\" \/>\n<meta property=\"og:locale\" content=\"vi_VN\" \/>\n<meta property=\"og:type\" content=\"article\" \/>\n<meta property=\"og:title\" content=\"Gi\u00e0y c\u1ea7u l\u00f4ng Yonex Court Flow - one\" \/>\n<meta property=\"og:description\" content=\"1. Gi\u1edbi thi\u1ec7u Gi\u00e0y c\u1ea7u l\u00f4ng Yonex Court Flow &#8211;\u00a0Gi\u00e0y c\u1ea7u l\u00f4ng Yonex Court Flow\u00a0l\u00e0 m\u1eabu gi\u00e0y thu\u1ed9c ph\u00e2n kh\u00fac gi\u00e1 r\u1ebb m\u1edbi \u0111\u01b0\u1ee3c Yonex ra m\u1eaft, h\u01b0\u1edbng \u0111\u1ebfn nh\u00f3m ng\u01b0\u1eddi ch\u01a1i phong tr\u00e0o v\u00e0 ng\u01b0\u1eddi m\u1edbi t\u1eadp luy\u1ec7n c\u1ea7n m\u1ed9t \u0111\u00f4i gi\u00e0y \u1ed5n \u0111\u1ecbnh, b\u1ec1n b\u1ec9 v\u00e0 d\u1ec5 l\u00e0m quen. Gi\u00e0y c\u1ea7u l\u00f4ng Yonex...\" \/>\n<meta property=\"og:url\" content=\"https:\/\/n1thnltmdt21c.azdigi.shop\/index.php\/product\/giay-cau-long-yonex-court-flow\/\" \/>\n<meta property=\"og:site_name\" content=\"one\" \/>\n<meta property=\"article:modified_time\" content=\"2026-04-15T13:40:15+00:00\" \/>\n<meta property=\"og:image\" content=\"https:\/\/n1thnltmdt21c.azdigi.shop\/wp-content\/uploads\/2026\/04\/240.webp\" \/>\n\t<meta property=\"og:image:width\" content=\"300\" \/>\n\t<meta property=\"og:image:height\" content=\"300\" \/>\n\t<meta property=\"og:image:type\" content=\"image\/webp\" \/>\n<meta name=\"twitter:card\" content=\"summary_large_image\" \/>\n<meta name=\"twitter:label1\" content=\"\u01af\u1edbc t\u00ednh th\u1eddi gian \u0111\u1ecdc\" \/>\n\t<meta name=\"twitter:data1\" content=\"5 ph\u00fat\" \/>\n<script type=\"application\/ld+json\" class=\"yoast-schema-graph\">{\"@context\":\"https:\\\/\\\/schema.org\",\"@graph\":[{\"@type\":\"WebPage\",\"@id\":\"https:\\\/\\\/n1thnltmdt21c.azdigi.shop\\\/index.php\\\/product\\\/giay-cau-long-yonex-court-flow\\\/\",\"url\":\"https:\\\/\\\/n1thnltmdt21c.azdigi.shop\\\/index.php\\\/product\\\/giay-cau-long-yonex-court-flow\\\/\",\"name\":\"Gi\u00e0y c\u1ea7u l\u00f4ng Yonex Court Flow - one\",\"isPartOf\":{\"@id\":\"https:\\\/\\\/n1thnltmdt21c.azdigi.shop\\\/#website\"},\"primaryImageOfPage\":{\"@id\":\"https:\\\/\\\/n1thnltmdt21c.azdigi.shop\\\/index.php\\\/product\\\/giay-cau-long-yonex-court-flow\\\/#primaryimage\"},\"image\":{\"@id\":\"https:\\\/\\\/n1thnltmdt21c.azdigi.shop\\\/index.php\\\/product\\\/giay-cau-long-yonex-court-flow\\\/#primaryimage\"},\"thumbnailUrl\":\"https:\\\/\\\/n1thnltmdt21c.azdigi.shop\\\/wp-content\\\/uploads\\\/2026\\\/04\\\/240.webp\",\"datePublished\":\"2026-04-14T16:41:06+00:00\",\"dateModified\":\"2026-04-15T13:40:15+00:00\",\"breadcrumb\":{\"@id\":\"https:\\\/\\\/n1thnltmdt21c.azdigi.shop\\\/index.php\\\/product\\\/giay-cau-long-yonex-court-flow\\\/#breadcrumb\"},\"inLanguage\":\"vi\",\"potentialAction\":[{\"@type\":\"ReadAction\",\"target\":[\"https:\\\/\\\/n1thnltmdt21c.azdigi.shop\\\/index.php\\\/product\\\/giay-cau-long-yonex-court-flow\\\/\"]}]},{\"@type\":\"ImageObject\",\"inLanguage\":\"vi\",\"@id\":\"https:\\\/\\\/n1thnltmdt21c.azdigi.shop\\\/index.php\\\/product\\\/giay-cau-long-yonex-court-flow\\\/#primaryimage\",\"url\":\"https:\\\/\\\/n1thnltmdt21c.azdigi.shop\\\/wp-content\\\/uploads\\\/2026\\\/04\\\/240.webp\",\"contentUrl\":\"https:\\\/\\\/n1thnltmdt21c.azdigi.shop\\\/wp-content\\\/uploads\\\/2026\\\/04\\\/240.webp\",\"width\":300,\"height\":300},{\"@type\":\"BreadcrumbList\",\"@id\":\"https:\\\/\\\/n1thnltmdt21c.azdigi.shop\\\/index.php\\\/product\\\/giay-cau-long-yonex-court-flow\\\/#breadcrumb\",\"itemListElement\":[{\"@type\":\"ListItem\",\"position\":1,\"name\":\"Home\",\"item\":\"https:\\\/\\\/n1thnltmdt21c.azdigi.shop\\\/\"},{\"@type\":\"ListItem\",\"position\":2,\"name\":\"C\u1eeda h\u00e0ng\",\"item\":\"https:\\\/\\\/n1thnltmdt21c.azdigi.shop\\\/index.php\\\/cua-hang\\\/\"},{\"@type\":\"ListItem\",\"position\":3,\"name\":\"Gi\u00e0y c\u1ea7u l\u00f4ng Yonex Court Flow\"}]},{\"@type\":\"WebSite\",\"@id\":\"https:\\\/\\\/n1thnltmdt21c.azdigi.shop\\\/#website\",\"url\":\"https:\\\/\\\/n1thnltmdt21c.azdigi.shop\\\/\",\"name\":\"one\",\"description\":\"\",\"publisher\":{\"@id\":\"https:\\\/\\\/n1thnltmdt21c.azdigi.shop\\\/#\\\/schema\\\/person\\\/f9c8d72cb37e057ca75fcb301f24775b\"},\"potentialAction\":[{\"@type\":\"SearchAction\",\"target\":{\"@type\":\"EntryPoint\",\"urlTemplate\":\"https:\\\/\\\/n1thnltmdt21c.azdigi.shop\\\/?s={search_term_string}\"},\"query-input\":{\"@type\":\"PropertyValueSpecification\",\"valueRequired\":true,\"valueName\":\"search_term_string\"}}],\"inLanguage\":\"vi\"},{\"@type\":[\"Person\",\"Organization\"],\"@id\":\"https:\\\/\\\/n1thnltmdt21c.azdigi.shop\\\/#\\\/schema\\\/person\\\/f9c8d72cb37e057ca75fcb301f24775b\",\"name\":\"avycvsxw\",\"image\":{\"@type\":\"ImageObject\",\"inLanguage\":\"vi\",\"@id\":\"https:\\\/\\\/secure.gravatar.com\\\/avatar\\\/c56eb1032dab3a3f203620cbf35d45b422a782950bfc8d85494eb01f8e118853?s=96&d=mm&r=g\",\"url\":\"https:\\\/\\\/secure.gravatar.com\\\/avatar\\\/c56eb1032dab3a3f203620cbf35d45b422a782950bfc8d85494eb01f8e118853?s=96&d=mm&r=g\",\"contentUrl\":\"https:\\\/\\\/secure.gravatar.com\\\/avatar\\\/c56eb1032dab3a3f203620cbf35d45b422a782950bfc8d85494eb01f8e118853?s=96&d=mm&r=g\",\"caption\":\"avycvsxw\"},\"logo\":{\"@id\":\"https:\\\/\\\/secure.gravatar.com\\\/avatar\\\/c56eb1032dab3a3f203620cbf35d45b422a782950bfc8d85494eb01f8e118853?s=96&d=mm&r=g\"},\"sameAs\":[\"https:\\\/\\\/n1thnltmdt21c.azdigi.shop\"]}]}<\/script>\n<!-- \/ Yoast SEO plugin. -->","yoast_head_json":{"title":"Gi\u00e0y c\u1ea7u l\u00f4ng Yonex Court Flow - one","robots":{"index":"index","follow":"follow","max-snippet":"max-snippet:-1","max-image-preview":"max-image-preview:large","max-video-preview":"max-video-preview:-1"},"canonical":"https:\/\/n1thnltmdt21c.azdigi.shop\/index.php\/product\/giay-cau-long-yonex-court-flow\/","og_locale":"vi_VN","og_type":"article","og_title":"Gi\u00e0y c\u1ea7u l\u00f4ng Yonex Court Flow - one","og_description":"1. Gi\u1edbi thi\u1ec7u Gi\u00e0y c\u1ea7u l\u00f4ng Yonex Court Flow &#8211;\u00a0Gi\u00e0y c\u1ea7u l\u00f4ng Yonex Court Flow\u00a0l\u00e0 m\u1eabu gi\u00e0y thu\u1ed9c ph\u00e2n kh\u00fac gi\u00e1 r\u1ebb m\u1edbi \u0111\u01b0\u1ee3c Yonex ra m\u1eaft, h\u01b0\u1edbng \u0111\u1ebfn nh\u00f3m ng\u01b0\u1eddi ch\u01a1i phong tr\u00e0o v\u00e0 ng\u01b0\u1eddi m\u1edbi t\u1eadp luy\u1ec7n c\u1ea7n m\u1ed9t \u0111\u00f4i gi\u00e0y \u1ed5n \u0111\u1ecbnh, b\u1ec1n b\u1ec9 v\u00e0 d\u1ec5 l\u00e0m quen. Gi\u00e0y c\u1ea7u l\u00f4ng Yonex...","og_url":"https:\/\/n1thnltmdt21c.azdigi.shop\/index.php\/product\/giay-cau-long-yonex-court-flow\/","og_site_name":"one","article_modified_time":"2026-04-15T13:40:15+00:00","og_image":[{"width":300,"height":300,"url":"https:\/\/n1thnltmdt21c.azdigi.shop\/wp-content\/uploads\/2026\/04\/240.webp","type":"image\/webp"}],"twitter_card":"summary_large_image","twitter_misc":{"\u01af\u1edbc t\u00ednh th\u1eddi gian \u0111\u1ecdc":"5 ph\u00fat"},"schema":{"@context":"https:\/\/schema.org","@graph":[{"@type":"WebPage","@id":"https:\/\/n1thnltmdt21c.azdigi.shop\/index.php\/product\/giay-cau-long-yonex-court-flow\/","url":"https:\/\/n1thnltmdt21c.azdigi.shop\/index.php\/product\/giay-cau-long-yonex-court-flow\/","name":"Gi\u00e0y c\u1ea7u l\u00f4ng Yonex Court Flow - one","isPartOf":{"@id":"https:\/\/n1thnltmdt21c.azdigi.shop\/#website"},"primaryImageOfPage":{"@id":"https:\/\/n1thnltmdt21c.azdigi.shop\/index.php\/product\/giay-cau-long-yonex-court-flow\/#primaryimage"},"image":{"@id":"https:\/\/n1thnltmdt21c.azdigi.shop\/index.php\/product\/giay-cau-long-yonex-court-flow\/#primaryimage"},"thumbnailUrl":"https:\/\/n1thnltmdt21c.azdigi.shop\/wp-content\/uploads\/2026\/04\/240.webp","datePublished":"2026-04-14T16:41:06+00:00","dateModified":"2026-04-15T13:40:15+00:00","breadcrumb":{"@id":"https:\/\/n1thnltmdt21c.azdigi.shop\/index.php\/product\/giay-cau-long-yonex-court-flow\/#breadcrumb"},"inLanguage":"vi","potentialAction":[{"@type":"ReadAction","target":["https:\/\/n1thnltmdt21c.azdigi.shop\/index.php\/product\/giay-cau-long-yonex-court-flow\/"]}]},{"@type":"ImageObject","inLanguage":"vi","@id":"https:\/\/n1thnltmdt21c.azdigi.shop\/index.php\/product\/giay-cau-long-yonex-court-flow\/#primaryimage","url":"https:\/\/n1thnltmdt21c.azdigi.shop\/wp-content\/uploads\/2026\/04\/240.webp","contentUrl":"https:\/\/n1thnltmdt21c.azdigi.shop\/wp-content\/uploads\/2026\/04\/240.webp","width":300,"height":300},{"@type":"BreadcrumbList","@id":"https:\/\/n1thnltmdt21c.azdigi.shop\/index.php\/product\/giay-cau-long-yonex-court-flow\/#breadcrumb","itemListElement":[{"@type":"ListItem","position":1,"name":"Home","item":"https:\/\/n1thnltmdt21c.azdigi.shop\/"},{"@type":"ListItem","position":2,"name":"C\u1eeda h\u00e0ng","item":"https:\/\/n1thnltmdt21c.azdigi.shop\/index.php\/cua-hang\/"},{"@type":"ListItem","position":3,"name":"Gi\u00e0y c\u1ea7u l\u00f4ng Yonex Court Flow"}]},{"@type":"WebSite","@id":"https:\/\/n1thnltmdt21c.azdigi.shop\/#website","url":"https:\/\/n1thnltmdt21c.azdigi.shop\/","name":"one","description":"","publisher":{"@id":"https:\/\/n1thnltmdt21c.azdigi.shop\/#\/schema\/person\/f9c8d72cb37e057ca75fcb301f24775b"},"potentialAction":[{"@type":"SearchAction","target":{"@type":"EntryPoint","urlTemplate":"https:\/\/n1thnltmdt21c.azdigi.shop\/?s={search_term_string}"},"query-input":{"@type":"PropertyValueSpecification","valueRequired":true,"valueName":"search_term_string"}}],"inLanguage":"vi"},{"@type":["Person","Organization"],"@id":"https:\/\/n1thnltmdt21c.azdigi.shop\/#\/schema\/person\/f9c8d72cb37e057ca75fcb301f24775b","name":"avycvsxw","image":{"@type":"ImageObject","inLanguage":"vi","@id":"https:\/\/secure.gravatar.com\/avatar\/c56eb1032dab3a3f203620cbf35d45b422a782950bfc8d85494eb01f8e118853?s=96&d=mm&r=g","url":"https:\/\/secure.gravatar.com\/avatar\/c56eb1032dab3a3f203620cbf35d45b422a782950bfc8d85494eb01f8e118853?s=96&d=mm&r=g","contentUrl":"https:\/\/secure.gravatar.com\/avatar\/c56eb1032dab3a3f203620cbf35d45b422a782950bfc8d85494eb01f8e118853?s=96&d=mm&r=g","caption":"avycvsxw"},"logo":{"@id":"https:\/\/secure.gravatar.com\/avatar\/c56eb1032dab3a3f203620cbf35d45b422a782950bfc8d85494eb01f8e118853?s=96&d=mm&r=g"},"sameAs":["https:\/\/n1thnltmdt21c.azdigi.shop"]}]}},"_links":{"self":[{"href":"https:\/\/n1thnltmdt21c.azdigi.shop\/index.php\/wp-json\/wp\/v2\/product\/219","targetHints":{"allow":["GET"]}}],"collection":[{"href":"https:\/\/n1thnltmdt21c.azdigi.shop\/index.php\/wp-json\/wp\/v2\/product"}],"about":[{"href":"https:\/\/n1thnltmdt21c.azdigi.shop\/index.php\/wp-json\/wp\/v2\/types\/product"}],"replies":[{"embeddable":true,"href":"https:\/\/n1thnltmdt21c.azdigi.shop\/index.php\/wp-json\/wp\/v2\/comments?post=219"}],"wp:featuredmedia":[{"embeddable":true,"href":"https:\/\/n1thnltmdt21c.azdigi.shop\/index.php\/wp-json\/wp\/v2\/media\/220"}],"wp:attachment":[{"href":"https:\/\/n1thnltmdt21c.azdigi.shop\/index.php\/wp-json\/wp\/v2\/media?parent=219"}],"wp:term":[{"taxonomy":"product_brand","embeddable":true,"href":"https:\/\/n1thnltmdt21c.azdigi.shop\/index.php\/wp-json\/wp\/v2\/product_brand?post=219"},{"taxonomy":"product_cat","embeddable":true,"href":"https:\/\/n1thnltmdt21c.azdigi.shop\/index.php\/wp-json\/wp\/v2\/product_cat?post=219"},{"taxonomy":"product_tag","embeddable":true,"href":"https:\/\/n1thnltmdt21c.azdigi.shop\/index.php\/wp-json\/wp\/v2\/product_tag?post=219"}],"curies":[{"name":"wp","href":"https:\/\/api.w.org\/{rel}","templated":true}]}}