{"id":137,"date":"2026-04-14T09:29:45","date_gmt":"2026-04-14T09:29:45","guid":{"rendered":"https:\/\/n1thnltmdt21c.azdigi.shop\/?post_type=product&#038;p=137"},"modified":"2026-04-17T05:08:26","modified_gmt":"2026-04-17T05:08:26","slug":"vot-cau-long-yonex-astrox-77-tour-limited-light-beige-chinh-hang","status":"publish","type":"product","link":"https:\/\/n1thnltmdt21c.azdigi.shop\/index.php\/product\/vot-cau-long-yonex-astrox-77-tour-limited-light-beige-chinh-hang\/","title":{"rendered":"V\u1ee3t c\u1ea7u l\u00f4ng Yonex Astrox 77 Tour Limited &#8211; Light Beige ch\u00ednh h\u00e3ng"},"content":{"rendered":"<h2><strong>1. Gi\u1edbi thi\u1ec7u s\u1ea3n ph\u1ea9m V\u1ee3t c\u1ea7u l\u00f4ng Yonex Astrox 77 Tour Limited &#8211; Light Beige<\/strong><\/h2>\n<p>&#8211;\u00a0<a href=\"https:\/\/shopvnb.com\/vot-cau-long-yonex-astrox-77-tour-limited-light-beige-chinh-hang.html\">V\u1ee3t c\u1ea7u l\u00f4ng Yonex Astrox 77 Tour Limited &#8211; Light Beige<\/a>\u00a0l\u00e0 phi\u00ean b\u1ea3n gi\u1edbi h\u1ea1n \u0111\u01b0\u1ee3c ph\u00e1t tri\u1ec3n d\u00e0nh cho ng\u01b0\u1eddi ch\u01a1i y\u00eau th\u00edch l\u1ed1i \u0111\u00e1nh t\u1ea5n c\u00f4ng to\u00e0n di\u1ec7n, \u0111\u1ed3ng th\u1eddi \u0111\u1ec1 cao y\u1ebfu t\u1ed1 th\u1ea9m m\u1ef9 v\u00e0 c\u00e1 t\u00ednh tr\u00ean s\u00e2n.<\/p>\n<p>&#8211; Yonex Astrox 77 Tour Limited &#8211; Light Beige v\u1eabn k\u1ebf th\u1eeba tr\u1ecdn v\u1eb9n DNA c\u1ee7a d\u00f2ng 77 Tour v\u1edbi kh\u1ea3 n\u0103ng gia t\u0103ng l\u1ef1c \u0111\u1eadp v\u00e0 t\u1ed1i \u01b0u t\u1ed1c \u0111\u1ed9 ph\u1ee5c h\u1ed3i khung v\u1ee3t, nh\u01b0ng \u0111\u01b0\u1ee3c n\u00e2ng t\u1ea7m v\u1edbi l\u1edbp s\u01a1n Be \u0111\u1ed9c b\u1ea3n, mang phong c\u00e1ch hi\u1ec7n \u0111\u1ea1i, tinh t\u1ebf v\u00e0 kh\u00e1c bi\u1ec7t. Thi\u1ebft k\u1ebf n\u00e0y kh\u00f4ng ch\u1ec9 t\u1ea1o \u0111i\u1ec3m nh\u1ea5n n\u1ed5i b\u1eadt m\u00e0 c\u00f2n th\u1ec3 hi\u1ec7n r\u00f5 tri\u1ebft l\u00fd ph\u00e1t tri\u1ec3n m\u1edbi c\u1ee7a Yonex: k\u1ebft h\u1ee3p hi\u1ec7u su\u1ea5t thi \u0111\u1ea5u \u0111\u1ec9nh cao v\u1edbi ng\u00f4n ng\u1eef thi\u1ebft k\u1ebf t\u1ed1i gi\u1ea3n, sang tr\u1ecdng.<\/p>\n<p>&#8211; Nh\u1edd s\u1ef1 c\u00e2n b\u1eb1ng gi\u1eefa \u0111\u1ed9 b\u1ec1n, c\u1ea3m gi\u00e1c c\u1ea7u v\u00e0 kh\u1ea3 n\u0103ng ki\u1ec3m so\u00e1t, phi\u00ean b\u1ea3n Limited 2026 \u0111\u01b0\u1ee3c \u0111\u00e1nh gi\u00e1 l\u00e0 l\u1ef1a ch\u1ecdn l\u00fd t\u01b0\u1edfng cho ng\u01b0\u1eddi ch\u01a1i t\u1eeb phong tr\u00e0o n\u00e2ng cao \u0111\u1ebfn b\u00e1n chuy\u00ean, \u0111\u1ed3ng th\u1eddi \u0111\u01b0\u1ee3c d\u1ef1 b\u00e1o s\u1ebd tr\u1edf th\u00e0nh xu h\u01b0\u1edbng n\u1ed5i b\u1eadt trong th\u1ecb tr\u01b0\u1eddng v\u1ee3t c\u1ea7u l\u00f4ng nh\u1edd t\u00ednh \u0111\u1ed9c quy\u1ec1n v\u00e0 gi\u00e1 tr\u1ecb s\u01b0u t\u1ea7m cao.<\/p>\n<p><img decoding=\"async\" src=\"https:\/\/cdn.shopvnb.com\/uploads\/gallery\/vot-cau-long-yonex-astrox-77-tour-limited-light-beige-chinh-hang_1773943830.webp\" alt=\"V\u1ee3t c\u1ea7u l\u00f4ng Yonex Astrox 77 Tour Limited - Light Beige\" \/><\/p>\n<h2><strong>2. Th\u00f4ng s\u1ed1 k\u1ef9 thu\u1eadt c\u1ee7a V\u1ee3t c\u1ea7u l\u00f4ng Yonex Astrox 77 Tour Limited &#8211; Light Beige<\/strong><\/h2>\n<p>&#8211; Th\u01b0\u01a1ng hi\u1ec7u: Yonex<\/p>\n<p>&#8211; M\u00e0u s\u1eafc: Light Beige<\/p>\n<p>&#8211; \u0110\u1ed9 c\u1ee9ng: Trung b\u00ecnh<\/p>\n<p>&#8211; Khung v\u1ee3t: HM Graphite, Light Carbon Neo, Tungsten<\/p>\n<p>&#8211; Th\u00e2n v\u1ee3t : HM Graphite \/ NANOMESH NEO<\/p>\n<p>&#8211; Tr\u1ecdng l\u01b0\u1ee3ng\/ chu vi c\u00e1n v\u1ee3t : 4U\/G5, 4U\/G6<\/p>\n<p>&#8211; S\u1ee9c c\u0103ng: 28 lbs<\/p>\n<p>&#8211; Chi\u1ec1u d\u00e0i v\u1ee3t: 675mm<\/p>\n<p>Xem th\u00eam m\u1ed9t s\u1ed1 m\u1eabu\u00a0<a href=\"https:\/\/shopvnb.com\/vot-cau-long-yonex.html\">V\u1ee3t c\u1ea7u l\u00f4ng Yo<\/a>n<a href=\"https:\/\/shopvnb.com\/vot-cau-long-yonex.html\">ex<\/a>\u00a0kh\u00e1c \u0111ang \u0111\u01b0\u1ee3c b\u00e1n t\u1ea1i ShopVNB.<\/p>\n<p><strong>3.<\/strong>\u00a0<strong>C\u00f4ng ngh\u1ec7 n\u1ed5i b\u1eadt t\u00edch h\u1ee3p tr\u00ean V\u1ee3t c\u1ea7u l\u00f4ng Yonex Astrox 77 Tour Limited &#8211; Light Beige<\/strong><\/p>\n<p>&#8211;\u00a0<strong>ISOMETRIC\u00a0<\/strong>: C\u00f4ng ngh\u1ec7 thi\u1ebft k\u1ebf h\u00ecnh vu\u00f4ng gi\u00fap \u0111\u1ea3m b\u1ea3o t\u00ednh t\u01b0\u01a1ng \u0111\u1ed3ng v\u1ec1 \u0111\u1ed9 d\u00e0i v\u00e0 g\u00f3c c\u1ee7a c\u00e1c d\u00e2y d\u1ecdc c\u0169ng nh\u01b0 d\u00e2y ngang, t\u0103ng t\u1ed1i \u0111a \u0111i\u1ec3m ng\u1ecdt theo m\u1ecdi h\u01b0\u1edbng, thi\u1ebft k\u1ebf khung c\u1ee7a v\u1ee3t c\u1ea7u l\u00f4ng\u00a0<strong>Yonex Astrox 77 Tour\u00a0<\/strong>l\u1edbn h\u01a1n n\u00ean khi c\u1ea7u ch\u1ea1m m\u1eb7t v\u1ee3t \u1edf nh\u1eefng \u0111i\u1ec3m kh\u00e1c nhau tr\u00ean m\u1eb7t v\u1ee3t v\u1eabn mang l\u1ea1i c\u1ea3m gi\u00e1c \u0111\u00e1nh t\u1ed1t nh\u1ea5t.<\/p>\n<p>&#8211;\u00a0<strong>Rotation Generator System<\/strong>: L\u00e0 c\u00f4ng ngh\u1ec7 theo thuy\u1ebft \u0111\u1ed1i tr\u1ecdng. Tr\u1ecdng l\u1ef1c \u0111\u01b0\u1ee3c ph\u00e2n b\u1ed5 \u0111\u1ec1u \u1edf \u0111\u1ea7u, \u0111o\u1ea1n n\u1ed1i ch\u1eef T v\u00e0 ph\u1ea7n \u0111\u1ea7u v\u1ee3t c\u1ea7u l\u00f4ng Yonex Astrox 77 Tour. Vi\u1ec7c ph\u00e2n b\u1ed5 nh\u01b0 v\u1eady gi\u00fap cho c\u00e2y v\u1ee3t \u0111\u01b0\u1ee3c \u0111\u1ed3ng \u0111\u1ec1u, h\u1ed7 tr\u1ee3 t\u1ed1t nh\u1ea5t cho v\u1ee3t sau khi \u0111\u00e1nh xong qu\u1ea3 c\u1ea7u tr\u01b0\u1edbc v\u00e0 chu\u1ea9n b\u1ecb cho pha \u0111\u00e1nh c\u1ea7u ti\u1ebfp theo d\u1ec5 d\u00e0ng h\u01a1n. \u0110i\u1ec1u n\u00e0y gi\u00fap cho vi\u1ec7c d\u00f9 \u0111ang c\u1ea7m v\u1ee3t n\u1eb7ng \u0111\u1ea7u nh\u01b0ng v\u1eabn mang \u0111\u1ebfn c\u1ea3m gi\u00e1c c\u00e2n b\u1eb1ng, tho\u1ea3i m\u00e1i.<\/p>\n<p>&#8211;\u00a0<strong>Energy Boost CAP PLUS<\/strong>: Ch\u1ee5p m\u0169 v\u1ee3t \u0111\u01b0\u1ee3c c\u1ea3i ti\u1ebfng gi\u1ed1ng nh\u01b0 Yonex Astrox 100ZZ c\u00f3 h\u00ecnh d\u1ea1ng \u0111\u1ed9c \u0111\u00e1o gi\u00fap t\u1ed1i \u0111a h\u00f3a hi\u1ec7u su\u1ea5t c\u1ee7a \u0111\u0169a v\u1ee3t. M\u1eb7t tr\u01b0\u1edbc cho ph\u00e9p tr\u1ee5c u\u1ed1n cong, trong khi \u0111\u01b0\u1eddng cong h\u00ecnh v\u00f2m hai b\u00ean gi\u00fap \u1ed5n \u0111\u1ecbnh m\u1eb7t v\u1ee3t b\u1eb1ng c\u00e1ch ng\u0103n tr\u1ee5c xo\u1eafn. Ngo\u00e0i ra, v\u1edbi thi\u1ebft k\u1ebf n\u00e0y c\u0169ng s\u1ebd gi\u00fap Yonex\u00a0<strong>Astrox 77 Tour<\/strong>\u00a0c\u00f3 \u0111i\u1ec3m t\u1ef1a l\u1edbn h\u01a1n trong c\u00e1c pha c\u1ea7u t\u00ec \u0111\u00e8, b\u1eaft l\u01b0\u1edbi c\u1ea7n c\u1ea7m cao c\u00e1n v\u1ee3t.<\/p>\n<p>&#8211;\u00a0<strong>SUPER SLIM SHAFT<\/strong>\u00a0: \u0110\u0169a v\u1ee3t \u0111\u01b0\u1ee3c th\u1ebf k\u1ebf m\u1ecfng v\u00e0 nh\u1ecf, m\u1ee5c \u0111\u00edch l\u00e0 gi\u00fap tho\u00e1t gi\u00f3 nhanh, vung v\u1ee3t nhanh h\u01a1n, t\u0103ng s\u1ee9c m\u1ea1nh, h\u1ed7 tr\u1ee3 ng\u01b0\u1eddi ch\u01a1i d\u1ee9t \u0111i\u1ec3m nhanh h\u01a1n, m\u1ea1nh m\u1ebd h\u01a1n, gi\u00fap ki\u1ec3m so\u00e1t t\u1ed1t h\u01a1n.<\/p>\n<p>&#8211;\u00a0<strong>NANOMESH NEO<\/strong>: V\u1edbi c\u1ea5u tr\u00fac Carbon nhi\u1ec1u ng\u0103n x\u1ebfp \u0111\u01b0\u1ee3c \u0111\u1eb7t \u1edf b\u00ean hai \u0111\u1ea7u v\u1ee3t \u0111\u1ea3m b\u1ea3o khung ch\u1eafc ch\u1eafn h\u01a1n linh ho\u1ea1t h\u01a1n. Khung v\u1ee3t nhanh ch\u00f3ng l\u1ea5y l\u1ea1i h\u00ecnh d\u1ea1ng ban \u0111\u1ea7u sau m\u1ed7i c\u00fa \u0111\u00e1nh \u0111\u1ed3ng th\u1eddi \u0111\u1ed9 u\u1ed1n tr\u1ee5c t\u0103ng l\u00ean t\u1ea1o ra s\u1ee9c m\u1ea1nh t\u1ed1i \u0111a.<\/p>\n<p>&#8211;\u00a0<strong>LIGHT Feel CARBON NEO<\/strong>: K\u1ebft h\u1ee3p c\u00e1c h\u1ea1t cao su v\u1edbi s\u1ee3i carbon t\u1ea1o ra c\u1ea3m gi\u00e1c nh\u1eb9 nh\u00e0ng v\u00e0 linh ho\u1ea1t khi ch\u1ea1m v\u00e0o c\u1ea7u.<\/p>\n<h2><strong>4. \u0110\u1ed1i t\u01b0\u1ee3ng ph\u00f9 h\u1ee3p v\u1edbi V\u1ee3t c\u1ea7u l\u00f4ng Yonex Astrox 77 Tour Limited &#8211; Light Beige<\/strong><\/h2>\n<p>&#8211; V\u1ee3t c\u1ea7u l\u00f4ng Yonex Astrox 77 Tour Limited &#8211; Light Beige l\u00e0 l\u1ef1a ch\u1ecdn l\u00fd t\u01b0\u1edfng d\u00e0nh cho nh\u1eefng ng\u01b0\u1eddi ch\u01a1i theo \u0111u\u1ed5i phong c\u00e1ch c\u00f4ng th\u1ee7 to\u00e0n di\u1ec7n, thi\u00ean v\u1ec1 t\u1ea5n c\u00f4ng, \u0111\u1eb7c bi\u1ec7t ph\u00f9 h\u1ee3p v\u1edbi c\u00e1c t\u00ecnh hu\u1ed1ng d\u1ed3n \u00e9p \u0111\u1ed1i th\u1ee7 b\u1eb1ng nh\u1eefng c\u00fa \u0111\u1eadp c\u1ea7u uy l\u1ef1c ho\u1eb7c c\u00e1c pha \u0111i\u1ec1u c\u1ea7u cu\u1ed1i s\u00e2n c\u00f3 \u0111\u1ed9 ch\u00ednh x\u00e1c cao.<\/p>\n<p>&#8211; B\u00ean c\u1ea1nh \u0111\u00f3, s\u1ea3n ph\u1ea9m c\u0169ng r\u1ea5t ph\u00f9 h\u1ee3p v\u1edbi ng\u01b0\u1eddi ch\u01a1i phong tr\u00e0o c\u00f3 th\u1ec3 l\u1ef1c trung b\u00ecnh, kh\u00f4ng y\u00eau c\u1ea7u l\u1ef1c c\u1ed5 tay qu\u00e1 m\u1ea1nh nh\u01b0ng v\u1eabn mu\u1ed1n t\u1ea1o ra nh\u1eefng c\u00fa \u0111\u00e1nh c\u00f3 l\u1ef1c v\u00e0 \u0111\u1ed9 c\u1eafm t\u1ed1t, t\u1eeb \u0111\u00f3 n\u00e2ng cao hi\u1ec7u su\u1ea5t thi \u0111\u1ea5u m\u1ed9t c\u00e1ch \u1ed5n \u0111\u1ecbnh v\u00e0 b\u1ec1n b\u1ec9.<\/p>\n","protected":false},"excerpt":{"rendered":"<p>1. Gi\u1edbi thi\u1ec7u s\u1ea3n ph\u1ea9m V\u1ee3t c\u1ea7u l\u00f4ng Yonex Astrox 77 Tour Limited &#8211; Light Beige &#8211;\u00a0V\u1ee3t c\u1ea7u l\u00f4ng Yonex Astrox 77 Tour Limited &#8211; Light Beige\u00a0l\u00e0 phi\u00ean b\u1ea3n gi\u1edbi h\u1ea1n \u0111\u01b0\u1ee3c ph\u00e1t tri\u1ec3n d\u00e0nh cho ng\u01b0\u1eddi ch\u01a1i y\u00eau th\u00edch l\u1ed1i \u0111\u00e1nh t\u1ea5n c\u00f4ng to\u00e0n di\u1ec7n, \u0111\u1ed3ng th\u1eddi \u0111\u1ec1 cao y\u1ebfu t\u1ed1 th\u1ea9m m\u1ef9 v\u00e0&#8230;<\/p>\n","protected":false},"featured_media":105,"comment_status":"open","ping_status":"closed","template":"","meta":[],"product_brand":[36],"product_cat":[23,22],"product_tag":[],"class_list":{"0":"post-137","1":"product","2":"type-product","3":"status-publish","4":"has-post-thumbnail","6":"product_brand-yonex","7":"product_cat-vot-cau-long","8":"product_cat-vot-cau-long-yonex","10":"first","11":"instock","12":"shipping-taxable","13":"purchasable","14":"product-type-variable"},"yoast_head":"<!-- This site is optimized with the Yoast SEO plugin v27.3 - https:\/\/yoast.com\/product\/yoast-seo-wordpress\/ -->\n<title>V\u1ee3t c\u1ea7u l\u00f4ng Yonex Astrox 77 Tour Limited - Light Beige ch\u00ednh h\u00e3ng - one<\/title>\n<meta name=\"robots\" content=\"index, follow, max-snippet:-1, max-image-preview:large, max-video-preview:-1\" \/>\n<link rel=\"canonical\" href=\"https:\/\/n1thnltmdt21c.azdigi.shop\/index.php\/product\/vot-cau-long-yonex-astrox-77-tour-limited-light-beige-chinh-hang\/\" \/>\n<meta property=\"og:locale\" content=\"vi_VN\" \/>\n<meta property=\"og:type\" content=\"article\" \/>\n<meta property=\"og:title\" content=\"V\u1ee3t c\u1ea7u l\u00f4ng Yonex Astrox 77 Tour Limited - Light Beige ch\u00ednh h\u00e3ng - one\" \/>\n<meta property=\"og:description\" content=\"1. Gi\u1edbi thi\u1ec7u s\u1ea3n ph\u1ea9m V\u1ee3t c\u1ea7u l\u00f4ng Yonex Astrox 77 Tour Limited &#8211; Light Beige &#8211;\u00a0V\u1ee3t c\u1ea7u l\u00f4ng Yonex Astrox 77 Tour Limited &#8211; Light Beige\u00a0l\u00e0 phi\u00ean b\u1ea3n gi\u1edbi h\u1ea1n \u0111\u01b0\u1ee3c ph\u00e1t tri\u1ec3n d\u00e0nh cho ng\u01b0\u1eddi ch\u01a1i y\u00eau th\u00edch l\u1ed1i \u0111\u00e1nh t\u1ea5n c\u00f4ng to\u00e0n di\u1ec7n, \u0111\u1ed3ng th\u1eddi \u0111\u1ec1 cao y\u1ebfu t\u1ed1 th\u1ea9m m\u1ef9 v\u00e0...\" \/>\n<meta property=\"og:url\" content=\"https:\/\/n1thnltmdt21c.azdigi.shop\/index.php\/product\/vot-cau-long-yonex-astrox-77-tour-limited-light-beige-chinh-hang\/\" \/>\n<meta property=\"og:site_name\" content=\"one\" \/>\n<meta property=\"article:modified_time\" content=\"2026-04-17T05:08:26+00:00\" \/>\n<meta property=\"og:image\" content=\"https:\/\/n1thnltmdt21c.azdigi.shop\/wp-content\/uploads\/2026\/04\/6.webp\" \/>\n\t<meta property=\"og:image:width\" content=\"300\" \/>\n\t<meta property=\"og:image:height\" content=\"300\" \/>\n\t<meta property=\"og:image:type\" content=\"image\/webp\" \/>\n<meta name=\"twitter:card\" content=\"summary_large_image\" \/>\n<meta name=\"twitter:label1\" content=\"\u01af\u1edbc t\u00ednh th\u1eddi gian \u0111\u1ecdc\" \/>\n\t<meta name=\"twitter:data1\" content=\"5 ph\u00fat\" \/>\n<script type=\"application\/ld+json\" class=\"yoast-schema-graph\">{\"@context\":\"https:\\\/\\\/schema.org\",\"@graph\":[{\"@type\":\"WebPage\",\"@id\":\"https:\\\/\\\/n1thnltmdt21c.azdigi.shop\\\/index.php\\\/product\\\/vot-cau-long-yonex-astrox-77-tour-limited-light-beige-chinh-hang\\\/\",\"url\":\"https:\\\/\\\/n1thnltmdt21c.azdigi.shop\\\/index.php\\\/product\\\/vot-cau-long-yonex-astrox-77-tour-limited-light-beige-chinh-hang\\\/\",\"name\":\"V\u1ee3t c\u1ea7u l\u00f4ng Yonex Astrox 77 Tour Limited - Light Beige ch\u00ednh h\u00e3ng - one\",\"isPartOf\":{\"@id\":\"https:\\\/\\\/n1thnltmdt21c.azdigi.shop\\\/#website\"},\"primaryImageOfPage\":{\"@id\":\"https:\\\/\\\/n1thnltmdt21c.azdigi.shop\\\/index.php\\\/product\\\/vot-cau-long-yonex-astrox-77-tour-limited-light-beige-chinh-hang\\\/#primaryimage\"},\"image\":{\"@id\":\"https:\\\/\\\/n1thnltmdt21c.azdigi.shop\\\/index.php\\\/product\\\/vot-cau-long-yonex-astrox-77-tour-limited-light-beige-chinh-hang\\\/#primaryimage\"},\"thumbnailUrl\":\"https:\\\/\\\/n1thnltmdt21c.azdigi.shop\\\/wp-content\\\/uploads\\\/2026\\\/04\\\/6.webp\",\"datePublished\":\"2026-04-14T09:29:45+00:00\",\"dateModified\":\"2026-04-17T05:08:26+00:00\",\"breadcrumb\":{\"@id\":\"https:\\\/\\\/n1thnltmdt21c.azdigi.shop\\\/index.php\\\/product\\\/vot-cau-long-yonex-astrox-77-tour-limited-light-beige-chinh-hang\\\/#breadcrumb\"},\"inLanguage\":\"vi\",\"potentialAction\":[{\"@type\":\"ReadAction\",\"target\":[\"https:\\\/\\\/n1thnltmdt21c.azdigi.shop\\\/index.php\\\/product\\\/vot-cau-long-yonex-astrox-77-tour-limited-light-beige-chinh-hang\\\/\"]}]},{\"@type\":\"ImageObject\",\"inLanguage\":\"vi\",\"@id\":\"https:\\\/\\\/n1thnltmdt21c.azdigi.shop\\\/index.php\\\/product\\\/vot-cau-long-yonex-astrox-77-tour-limited-light-beige-chinh-hang\\\/#primaryimage\",\"url\":\"https:\\\/\\\/n1thnltmdt21c.azdigi.shop\\\/wp-content\\\/uploads\\\/2026\\\/04\\\/6.webp\",\"contentUrl\":\"https:\\\/\\\/n1thnltmdt21c.azdigi.shop\\\/wp-content\\\/uploads\\\/2026\\\/04\\\/6.webp\",\"width\":300,\"height\":300},{\"@type\":\"BreadcrumbList\",\"@id\":\"https:\\\/\\\/n1thnltmdt21c.azdigi.shop\\\/index.php\\\/product\\\/vot-cau-long-yonex-astrox-77-tour-limited-light-beige-chinh-hang\\\/#breadcrumb\",\"itemListElement\":[{\"@type\":\"ListItem\",\"position\":1,\"name\":\"Home\",\"item\":\"https:\\\/\\\/n1thnltmdt21c.azdigi.shop\\\/\"},{\"@type\":\"ListItem\",\"position\":2,\"name\":\"C\u1eeda h\u00e0ng\",\"item\":\"https:\\\/\\\/n1thnltmdt21c.azdigi.shop\\\/index.php\\\/cua-hang\\\/\"},{\"@type\":\"ListItem\",\"position\":3,\"name\":\"V\u1ee3t c\u1ea7u l\u00f4ng Yonex Astrox 77 Tour Limited &#8211; Light Beige ch\u00ednh h\u00e3ng\"}]},{\"@type\":\"WebSite\",\"@id\":\"https:\\\/\\\/n1thnltmdt21c.azdigi.shop\\\/#website\",\"url\":\"https:\\\/\\\/n1thnltmdt21c.azdigi.shop\\\/\",\"name\":\"one\",\"description\":\"\",\"publisher\":{\"@id\":\"https:\\\/\\\/n1thnltmdt21c.azdigi.shop\\\/#\\\/schema\\\/person\\\/f9c8d72cb37e057ca75fcb301f24775b\"},\"potentialAction\":[{\"@type\":\"SearchAction\",\"target\":{\"@type\":\"EntryPoint\",\"urlTemplate\":\"https:\\\/\\\/n1thnltmdt21c.azdigi.shop\\\/?s={search_term_string}\"},\"query-input\":{\"@type\":\"PropertyValueSpecification\",\"valueRequired\":true,\"valueName\":\"search_term_string\"}}],\"inLanguage\":\"vi\"},{\"@type\":[\"Person\",\"Organization\"],\"@id\":\"https:\\\/\\\/n1thnltmdt21c.azdigi.shop\\\/#\\\/schema\\\/person\\\/f9c8d72cb37e057ca75fcb301f24775b\",\"name\":\"avycvsxw\",\"image\":{\"@type\":\"ImageObject\",\"inLanguage\":\"vi\",\"@id\":\"https:\\\/\\\/secure.gravatar.com\\\/avatar\\\/c56eb1032dab3a3f203620cbf35d45b422a782950bfc8d85494eb01f8e118853?s=96&d=mm&r=g\",\"url\":\"https:\\\/\\\/secure.gravatar.com\\\/avatar\\\/c56eb1032dab3a3f203620cbf35d45b422a782950bfc8d85494eb01f8e118853?s=96&d=mm&r=g\",\"contentUrl\":\"https:\\\/\\\/secure.gravatar.com\\\/avatar\\\/c56eb1032dab3a3f203620cbf35d45b422a782950bfc8d85494eb01f8e118853?s=96&d=mm&r=g\",\"caption\":\"avycvsxw\"},\"logo\":{\"@id\":\"https:\\\/\\\/secure.gravatar.com\\\/avatar\\\/c56eb1032dab3a3f203620cbf35d45b422a782950bfc8d85494eb01f8e118853?s=96&d=mm&r=g\"},\"sameAs\":[\"https:\\\/\\\/n1thnltmdt21c.azdigi.shop\"]}]}<\/script>\n<!-- \/ Yoast SEO plugin. -->","yoast_head_json":{"title":"V\u1ee3t c\u1ea7u l\u00f4ng Yonex Astrox 77 Tour Limited - Light Beige ch\u00ednh h\u00e3ng - one","robots":{"index":"index","follow":"follow","max-snippet":"max-snippet:-1","max-image-preview":"max-image-preview:large","max-video-preview":"max-video-preview:-1"},"canonical":"https:\/\/n1thnltmdt21c.azdigi.shop\/index.php\/product\/vot-cau-long-yonex-astrox-77-tour-limited-light-beige-chinh-hang\/","og_locale":"vi_VN","og_type":"article","og_title":"V\u1ee3t c\u1ea7u l\u00f4ng Yonex Astrox 77 Tour Limited - Light Beige ch\u00ednh h\u00e3ng - one","og_description":"1. Gi\u1edbi thi\u1ec7u s\u1ea3n ph\u1ea9m V\u1ee3t c\u1ea7u l\u00f4ng Yonex Astrox 77 Tour Limited &#8211; Light Beige &#8211;\u00a0V\u1ee3t c\u1ea7u l\u00f4ng Yonex Astrox 77 Tour Limited &#8211; Light Beige\u00a0l\u00e0 phi\u00ean b\u1ea3n gi\u1edbi h\u1ea1n \u0111\u01b0\u1ee3c ph\u00e1t tri\u1ec3n d\u00e0nh cho ng\u01b0\u1eddi ch\u01a1i y\u00eau th\u00edch l\u1ed1i \u0111\u00e1nh t\u1ea5n c\u00f4ng to\u00e0n di\u1ec7n, \u0111\u1ed3ng th\u1eddi \u0111\u1ec1 cao y\u1ebfu t\u1ed1 th\u1ea9m m\u1ef9 v\u00e0...","og_url":"https:\/\/n1thnltmdt21c.azdigi.shop\/index.php\/product\/vot-cau-long-yonex-astrox-77-tour-limited-light-beige-chinh-hang\/","og_site_name":"one","article_modified_time":"2026-04-17T05:08:26+00:00","og_image":[{"width":300,"height":300,"url":"https:\/\/n1thnltmdt21c.azdigi.shop\/wp-content\/uploads\/2026\/04\/6.webp","type":"image\/webp"}],"twitter_card":"summary_large_image","twitter_misc":{"\u01af\u1edbc t\u00ednh th\u1eddi gian \u0111\u1ecdc":"5 ph\u00fat"},"schema":{"@context":"https:\/\/schema.org","@graph":[{"@type":"WebPage","@id":"https:\/\/n1thnltmdt21c.azdigi.shop\/index.php\/product\/vot-cau-long-yonex-astrox-77-tour-limited-light-beige-chinh-hang\/","url":"https:\/\/n1thnltmdt21c.azdigi.shop\/index.php\/product\/vot-cau-long-yonex-astrox-77-tour-limited-light-beige-chinh-hang\/","name":"V\u1ee3t c\u1ea7u l\u00f4ng Yonex Astrox 77 Tour Limited - Light Beige ch\u00ednh h\u00e3ng - one","isPartOf":{"@id":"https:\/\/n1thnltmdt21c.azdigi.shop\/#website"},"primaryImageOfPage":{"@id":"https:\/\/n1thnltmdt21c.azdigi.shop\/index.php\/product\/vot-cau-long-yonex-astrox-77-tour-limited-light-beige-chinh-hang\/#primaryimage"},"image":{"@id":"https:\/\/n1thnltmdt21c.azdigi.shop\/index.php\/product\/vot-cau-long-yonex-astrox-77-tour-limited-light-beige-chinh-hang\/#primaryimage"},"thumbnailUrl":"https:\/\/n1thnltmdt21c.azdigi.shop\/wp-content\/uploads\/2026\/04\/6.webp","datePublished":"2026-04-14T09:29:45+00:00","dateModified":"2026-04-17T05:08:26+00:00","breadcrumb":{"@id":"https:\/\/n1thnltmdt21c.azdigi.shop\/index.php\/product\/vot-cau-long-yonex-astrox-77-tour-limited-light-beige-chinh-hang\/#breadcrumb"},"inLanguage":"vi","potentialAction":[{"@type":"ReadAction","target":["https:\/\/n1thnltmdt21c.azdigi.shop\/index.php\/product\/vot-cau-long-yonex-astrox-77-tour-limited-light-beige-chinh-hang\/"]}]},{"@type":"ImageObject","inLanguage":"vi","@id":"https:\/\/n1thnltmdt21c.azdigi.shop\/index.php\/product\/vot-cau-long-yonex-astrox-77-tour-limited-light-beige-chinh-hang\/#primaryimage","url":"https:\/\/n1thnltmdt21c.azdigi.shop\/wp-content\/uploads\/2026\/04\/6.webp","contentUrl":"https:\/\/n1thnltmdt21c.azdigi.shop\/wp-content\/uploads\/2026\/04\/6.webp","width":300,"height":300},{"@type":"BreadcrumbList","@id":"https:\/\/n1thnltmdt21c.azdigi.shop\/index.php\/product\/vot-cau-long-yonex-astrox-77-tour-limited-light-beige-chinh-hang\/#breadcrumb","itemListElement":[{"@type":"ListItem","position":1,"name":"Home","item":"https:\/\/n1thnltmdt21c.azdigi.shop\/"},{"@type":"ListItem","position":2,"name":"C\u1eeda h\u00e0ng","item":"https:\/\/n1thnltmdt21c.azdigi.shop\/index.php\/cua-hang\/"},{"@type":"ListItem","position":3,"name":"V\u1ee3t c\u1ea7u l\u00f4ng Yonex Astrox 77 Tour Limited &#8211; Light Beige ch\u00ednh h\u00e3ng"}]},{"@type":"WebSite","@id":"https:\/\/n1thnltmdt21c.azdigi.shop\/#website","url":"https:\/\/n1thnltmdt21c.azdigi.shop\/","name":"one","description":"","publisher":{"@id":"https:\/\/n1thnltmdt21c.azdigi.shop\/#\/schema\/person\/f9c8d72cb37e057ca75fcb301f24775b"},"potentialAction":[{"@type":"SearchAction","target":{"@type":"EntryPoint","urlTemplate":"https:\/\/n1thnltmdt21c.azdigi.shop\/?s={search_term_string}"},"query-input":{"@type":"PropertyValueSpecification","valueRequired":true,"valueName":"search_term_string"}}],"inLanguage":"vi"},{"@type":["Person","Organization"],"@id":"https:\/\/n1thnltmdt21c.azdigi.shop\/#\/schema\/person\/f9c8d72cb37e057ca75fcb301f24775b","name":"avycvsxw","image":{"@type":"ImageObject","inLanguage":"vi","@id":"https:\/\/secure.gravatar.com\/avatar\/c56eb1032dab3a3f203620cbf35d45b422a782950bfc8d85494eb01f8e118853?s=96&d=mm&r=g","url":"https:\/\/secure.gravatar.com\/avatar\/c56eb1032dab3a3f203620cbf35d45b422a782950bfc8d85494eb01f8e118853?s=96&d=mm&r=g","contentUrl":"https:\/\/secure.gravatar.com\/avatar\/c56eb1032dab3a3f203620cbf35d45b422a782950bfc8d85494eb01f8e118853?s=96&d=mm&r=g","caption":"avycvsxw"},"logo":{"@id":"https:\/\/secure.gravatar.com\/avatar\/c56eb1032dab3a3f203620cbf35d45b422a782950bfc8d85494eb01f8e118853?s=96&d=mm&r=g"},"sameAs":["https:\/\/n1thnltmdt21c.azdigi.shop"]}]}},"_links":{"self":[{"href":"https:\/\/n1thnltmdt21c.azdigi.shop\/index.php\/wp-json\/wp\/v2\/product\/137","targetHints":{"allow":["GET"]}}],"collection":[{"href":"https:\/\/n1thnltmdt21c.azdigi.shop\/index.php\/wp-json\/wp\/v2\/product"}],"about":[{"href":"https:\/\/n1thnltmdt21c.azdigi.shop\/index.php\/wp-json\/wp\/v2\/types\/product"}],"replies":[{"embeddable":true,"href":"https:\/\/n1thnltmdt21c.azdigi.shop\/index.php\/wp-json\/wp\/v2\/comments?post=137"}],"wp:featuredmedia":[{"embeddable":true,"href":"https:\/\/n1thnltmdt21c.azdigi.shop\/index.php\/wp-json\/wp\/v2\/media\/105"}],"wp:attachment":[{"href":"https:\/\/n1thnltmdt21c.azdigi.shop\/index.php\/wp-json\/wp\/v2\/media?parent=137"}],"wp:term":[{"taxonomy":"product_brand","embeddable":true,"href":"https:\/\/n1thnltmdt21c.azdigi.shop\/index.php\/wp-json\/wp\/v2\/product_brand?post=137"},{"taxonomy":"product_cat","embeddable":true,"href":"https:\/\/n1thnltmdt21c.azdigi.shop\/index.php\/wp-json\/wp\/v2\/product_cat?post=137"},{"taxonomy":"product_tag","embeddable":true,"href":"https:\/\/n1thnltmdt21c.azdigi.shop\/index.php\/wp-json\/wp\/v2\/product_tag?post=137"}],"curies":[{"name":"wp","href":"https:\/\/api.w.org\/{rel}","templated":true}]}}