{"id":128,"date":"2026-04-14T09:20:51","date_gmt":"2026-04-14T09:20:51","guid":{"rendered":"https:\/\/n1thnltmdt21c.azdigi.shop\/?post_type=product&#038;p=128"},"modified":"2026-04-17T04:53:35","modified_gmt":"2026-04-17T04:53:35","slug":"vot-cau-long-yonex-astrox-100-tour-va","status":"publish","type":"product","link":"https:\/\/n1thnltmdt21c.azdigi.shop\/index.php\/product\/vot-cau-long-yonex-astrox-100-tour-va\/","title":{"rendered":"V\u1ee3t c\u1ea7u l\u00f4ng Yonex Astrox 100 Tour VA"},"content":{"rendered":"<h2><strong>1. Gi\u1edbi thi\u1ec7u V\u1ee3t c\u1ea7u l\u00f4ng Yonex Astrox 100 Tour VA<\/strong><\/h2>\n<p>&#8211;\u00a0V\u1ee3t c\u1ea7u l\u00f4ng Yonex Astrox 100 Tour VA\u00a0l\u00e0 m\u1ed9t trong nh\u1eefng si\u00eau ph\u1ea9m m\u1edbi nh\u1ea5t m\u00e0 Yonex v\u1eeba gi\u1edbi thi\u1ec7u, k\u1ebf th\u1eeba tr\u1ecdn v\u1eb9n tinh hoa c\u00f4ng ngh\u1ec7 c\u1ee7a d\u00f2ng Astrox \u2013 bi\u1ec3u t\u01b0\u1ee3ng c\u1ee7a l\u1ed1i ch\u01a1i t\u1ea5n c\u00f4ng m\u1ea1nh m\u1ebd v\u1edbi nh\u1eefng c\u00fa \u0111\u1eadp c\u1ea7u uy l\u1ef1c v\u00e0 g\u00f3c \u0111\u00e1nh hi\u1ec3m h\u00f3c. \u0110\u00e2y l\u00e0 phi\u00ean b\u1ea3n gi\u1edbi h\u1ea1n v\u1edbi b\u1ed9 nh\u1eadn di\u1ec7n ri\u00eang v\u1ec1 m\u00e0u s\u1eafc v\u00e0 th\u01b0\u01a1ng hi\u1ec7u, \u0111\u01b0\u1ee3c \u00e1p d\u1ee5ng cho to\u00e0n b\u1ed9 d\u00f2ng Astrox 100 VA. So v\u1edbi b\u1ea3n g\u1ed1c, Astrox 100 Tour VA v\u1eabn gi\u1eef tr\u1ecdn tinh th\u1ea7n c\u1ee7a nh\u00e0 v\u00f4 \u0111\u1ecbch nh\u01b0ng \u1edf m\u1ee9c gi\u00e1 d\u1ec5 ti\u1ebfp c\u1eadn h\u01a1n, ph\u00f9 h\u1ee3p cho ng\u01b0\u1eddi ch\u01a1i mu\u1ed1n tr\u1ea3i nghi\u1ec7m hi\u1ec7u su\u1ea5t thi \u0111\u1ea5u \u1edf \u0111\u1eb3ng c\u1ea5p cao.<\/p>\n<p>&#8211; Kh\u1ea3 n\u0103ng t\u1ea5n c\u00f4ng ch\u00ednh l\u00e0 \u0111i\u1ec3m n\u1ed5i b\u1eadt nh\u1ea5t c\u1ee7a 100VA Tour. C\u00e2y v\u1ee3t c\u00f3 \u0111i\u1ec3m c\u00e2n b\u1eb1ng n\u1eb7ng \u0111\u1ea7u, h\u1ed7 tr\u1ee3 t\u1ea1o ra nh\u1eefng c\u00fa smash m\u1ea1nh v\u00e0 nhanh. Th\u00e2n v\u1ee3t c\u1ee9ng cho ph\u00e9p t\u00edch l\u0169y n\u0103ng l\u01b0\u1ee3ng t\u1ed1t, t\u1eeb \u0111\u00f3 gi\u1ea3i ph\u00f3ng l\u1ef1c \u0111\u00e1nh v\u1edbi qu\u1ef9 \u0111\u1ea1o c\u1ea7u c\u1eafm v\u00e0 s\u1ee9c n\u1eb7ng cao. Tuy nhi\u00ean, thi\u1ebft k\u1ebf n\u00e0y \u0111\u00f2i h\u1ecfi ng\u01b0\u1eddi ch\u01a1i ph\u1ea3i c\u00f3 l\u1ef1c c\u1ed5 tay \u0111\u1ee7 kh\u1ecfe \u0111\u1ec3 khai th\u00e1c t\u1ed1i \u0111a hi\u1ec7u qu\u1ea3. Nh\u1eb1m n\u00e2ng cao hi\u1ec7u su\u1ea5t t\u1ed1i \u01b0u c\u1ee7a ng\u01b0\u1eddi ch\u01a1i tr\u00ean s\u00e2n \u0111\u1ea5u, Astrox 100 Tour VA th\u1eeba h\u01b0\u1edfng g\u1ea7n nh\u01b0 to\u00e0n b\u1ed9 c\u00e1c c\u00f4ng ngh\u1ec7 c\u1ed1t l\u00f5i t\u1eeb phi\u00ean b\u1ea3n cao c\u1ea5p nh\u01b0ng \u0111\u01b0\u1ee3c tinh ch\u1ec9nh \u0111\u1ec3 tr\u1edf n\u00ean d\u1ec5 ti\u1ebfp c\u1eadn h\u01a1n, v\u1edbi \u0111\u1ed9 c\u1ee9ng th\u1ea5p h\u01a1n m\u1ed9t ch\u00fat v\u00e0 m\u1ee9c gi\u00e1 ph\u1ea3i ch\u0103ng h\u01a1n.<\/p>\n<p>&nbsp;<\/p>\n<p><img decoding=\"async\" src=\"https:\/\/cdn.shopvnb.com\/uploads\/gallery\/vot-cau-long-yonex-astrox-100-tour-va-grayish-beige-chinh-hang_1758597703.webp\" alt=\"V\u1ee3t c\u1ea7u l\u00f4ng Yonex Astrox 100 Tour VA\" \/><\/p>\n<h2><strong>2. Th\u00f4ng s\u1ed1 V\u1ee3t c\u1ea7u l\u00f4ng Yonex Astrox 100 Tour VA<\/strong><\/h2>\n<p>&#8211; \u0110\u1ed9 c\u1ee9ng: C\u1ee9ng<\/p>\n<p>&#8211; \u0110i\u1ec3m c\u00e2n b\u1eb1ng: N\u1eb7ng \u0111\u1ea7u<\/p>\n<p>&#8211; Khung m\u1eb7t v\u1ee3t: HM Graphite, NANOMESH NEO, VOLUME CUT RESIN, Tungsten<\/p>\n<p>&#8211; \u0110\u0169a v\u1ee3t: HM Graphite, Namd<\/p>\n<p>&#8211; Joint: Built-in T-Joint<\/p>\n<p>&#8211; Tr\u1ecdng l\u01b0\u1ee3ng: 3U, 4U<\/p>\n<p>&#8211; Chu vi c\u00e1n v\u1ee3t: 3U &#8211; G4, 5, 6<\/p>\n<p>4U &#8211; G5, 6<\/p>\n<p>&#8211; M\u00e0u s\u1eafc: Dark Olive<\/p>\n<p>&#8211; S\u1ee9c c\u0103ng v\u1ee3t: 4U: 20 &#8211; 28 lbs<\/p>\n<p>3U: 21 &#8211; 29 lbs<\/p>\n<p><img decoding=\"async\" src=\"https:\/\/cdn.shopvnb.com\/uploads\/gallery\/vot-cau-long-yonex-astrox-100-tour-va-grayish-beige-chinh-hang-1_1758597708.webp\" alt=\"V\u1ee3t c\u1ea7u l\u00f4ng Yonex Astrox 100 Tour VA\" \/><\/p>\n<p>Xem th\u00eam m\u1ed9t s\u1ed1 m\u1eabu\u00a0<a href=\"https:\/\/shopvnb.com\/vot-cau-long-yonex.html\">V\u1ee3t c\u1ea7u l\u00f4ng Yonex<\/a>\u00a0kh\u00e1c \u0111ang \u0111\u01b0\u1ee3c b\u00e1n t\u1ea1i ShopVNB.<\/p>\n<h2><strong>3. C\u00f4ng ngh\u1ec7 t\u00edch h\u1ee3p tr\u00ean V\u1ee3t c\u1ea7u l\u00f4ng Yonex Astrox 100 Tour VA<\/strong><\/h2>\n<p><strong>&#8211; NAMD:<\/strong>\u00a0L\u00e0 c\u00f4ng ngh\u1ec7 ph\u1ee7 v\u1eadt li\u1ec7u nano l\u00ean tr\u1ef1c ti\u1ebfp v\u00e0o s\u1ee3i than ch\u00ec c\u1ea3i thi\u1ec7n s\u1ef1 k\u1ebft d\u00ednh gi\u1eefa than ch\u00ec v\u00e0 nh\u1ef1a gi\u00fap t\u0103ng \u0111\u1ed9 \u0111\u00e0n h\u1ed3i cho ph\u1ea7n \u0111\u0169a c\u1ee7a v\u1ee3t c\u1ea7u l\u00f4ng Yonex Astrox 100 Tour VA v\u00e0 gi\u00fap \u0111\u0169a v\u1ee3t quay l\u1ea1i tr\u1ea1ng th\u00e1i \u1ed5n \u0111\u1ecbnh nh\u1ea5t.<\/p>\n<p><img decoding=\"async\" src=\"https:\/\/cdn.shopvnb.com\/uploads\/images\/cong-nghe-namd-cua-vot-cau-long-yonex-astrox-100zz-kurenai-do-xach-tay.webp\" alt=\"C\u00f4ng ngh\u1ec7 NAMD c\u1ee7a V\u1ee3t c\u1ea7u l\u00f4ng Yonex Astrox 100ZZ Kurenai\" \/><\/p>\n<p><strong>&#8211; C\u00f4ng ngh\u1ec7 NANOMESH NEO\u00a0<\/strong>c\u1ee7a Yonex s\u1eed d\u1ee5ng ch\u1ea5t k\u1ebft d\u00ednh gi\u00fap k\u1ebft h\u1ee3p s\u1ee3i Graphite v\u1edbi nh\u1ef1a cho khung v\u1ee3t ch\u1eafc ch\u1eafn v\u00e0 linh ho\u1ea1t h\u01a1n, trong khi \u0111\u1ed9 u\u1ed1n th\u00e2n v\u1ee3t t\u0103ng l\u00ean t\u1ea1o ra s\u1ee9c m\u1ea1nh t\u1ed1i \u0111a.<\/p>\n<p><strong>&#8211; AERO-BOX FRAME:<\/strong>\u00a0M\u1ee5c \u0111\u00edch c\u1ee7a vi\u1ec7c thi\u1ebft k\u1ebf m\u1eb7t khung h\u00ecnh oval l\u00e0 \u0111\u1ec3 khi \u0111\u00e1nh v\u1ee3t s\u1ebd l\u01b0\u1edbt gi\u00f3 cho kh\u00f4ng kh\u00ed qua, BOX FRAME v\u00e1t 2 b\u00ean gi\u00fap v\u1ee3t c\u1ee9ng c\u00e1p h\u01a1n. Thi\u1ebft k\u1ebf gi\u00fap t\u0103ng kh\u00ed \u0111\u1ed9ng l\u1ef1c h\u1ecdc, gi\u00fap ch\u00fang ta vung v\u1ee3t nhanh h\u01a1n, \u0111\u1eadp c\u1ea7u m\u1ea1nh h\u01a1n<\/p>\n<p><img decoding=\"async\" src=\"https:\/\/cdn.shopvnb.com\/uploads\/images\/cong-nghe-aero-box-frame-cua-vot-cau-long-yonex-astrox-100zz-kurenai-do-xach-tay.webp\" alt=\"C\u00f4ng ngh\u1ec7 AERO-BOX FRAME c\u1ee7a V\u1ee3t c\u1ea7u l\u00f4ng Yonex Astrox 100ZZ Kurenai\" \/><\/p>\n<p><strong>&#8211; ISOMETRIC:\u00a0<\/strong>C\u00f4ng ngh\u1ec7 thi\u1ebft k\u1ebf h\u00ecnh vu\u00f4ng gi\u00fap \u0111\u1ea3m b\u1ea3o t\u00ednh t\u01b0\u01a1ng \u0111\u1ed3ng v\u1ec1 \u0111\u1ed9 d\u00e0i v\u00e0 g\u00f3c c\u1ee7a c\u00e1c d\u00e2y d\u1ecdc c\u0169ng nh\u01b0 d\u00e2y ngang, t\u0103ng t\u1ed1i \u0111a \u0111i\u1ec3m ng\u1ecdt theo m\u1ecdi h\u01b0\u1edbng, ph\u1ea7n khung c\u1ee7a v\u1ee3t Yonex Astrox 100 Tour VA vu\u00f4ng h\u01a1n n\u00ean khi c\u1ea7u ch\u1ea1m m\u1eb7t v\u1ee3t \u1edf nh\u1eefng \u0111i\u1ec3m kh\u00e1c nhau tr\u00ean m\u1eb7t v\u1ee3t v\u1eabn mang l\u1ea1i c\u1ea3m gi\u00e1c \u0111\u00e1nh t\u1ed1t nh\u1ea5t.<\/p>\n<p><img decoding=\"async\" src=\"https:\/\/cdn.shopvnb.com\/uploads\/images\/cong-nghe-isometric-cua-vot-cau-long-yonex-astrox-100zz-kurenai-do-xach-tay.webp\" alt=\"C\u00f4ng ngh\u1ec7 ISOMETRIC c\u1ee7a V\u1ee3t c\u1ea7u l\u00f4ng Yonex Astrox 100ZZ Kurenai\" \/><\/p>\n<p><strong>&#8211; ROTATIONAL GENARATOR SYSTEM:\u00a0<\/strong>L\u00e0 c\u00f4ng ngh\u1ec7 theo thuy\u1ebft \u0111\u1ed1i tr\u1ecdng. Tr\u1ecdng l\u1ef1c \u0111\u01b0\u1ee3c ph\u00e2n b\u1ed5 \u1edf \u0111\u1ea7u, \u0111o\u1ea1n n\u1ed1i ch\u1eef T v\u00e0 ph\u1ea7n \u0111\u1ea7u v\u1ee3t Yonex Astrox 100. Vi\u1ec7c ph\u00e2n b\u1ed5 nh\u01b0 v\u1eady gi\u00fap cho c\u00e2y v\u1ee3t \u0111\u01b0\u1ee3c \u0111\u1ed3ng \u0111\u1ec1u, h\u1ed7 tr\u1ee3 t\u1ed1t nh\u1ea5t cho v\u1ee3t sau khi \u0111\u00e1nh xong qu\u1ea3 c\u1ea7u tr\u01b0\u1edbc v\u00e0 chu\u1ea9n b\u1ecb cho pha \u0111\u00e1nh c\u1ea7u ti\u1ebfp theo d\u1ec5 d\u00e0ng h\u01a1n. \u0110i\u1ec1u n\u00e0y gi\u00fap cho vi\u1ec7c d\u00f9 \u0111ang c\u1ea7m v\u1ee3t n\u1eb7ng \u0111\u1ea7u nh\u01b0ng v\u1eabn mang \u0111\u1ebfn c\u1ea3m gi\u00e1c c\u00e2n b\u1eb1ng, tho\u1ea3i m\u00e1i.<\/p>\n<p><img decoding=\"async\" src=\"https:\/\/cdn.shopvnb.com\/uploads\/images\/cong-nghe-rotational-generator-system-cua-vot-cau-long-yonex-astrox-100zz-kurenai-do-xach-tay.webp\" alt=\"C\u00f4ng ngh\u1ec7 ROTATIONAL GENARATOR SYSTEM c\u1ee7a V\u1ee3t c\u1ea7u l\u00f4ng Yonex Astrox 100ZZ Kurenai\" \/><\/p>\n<p><strong>&#8211; SOLID FEEL CORE:\u00a0<\/strong>C\u00f4ng ngh\u1ec7 \u0111\u01b0\u1ee3c \u00e1p d\u1ee5ng b\u00ean trong l\u00f5i c\u1ee7a khung c\u00e2y v\u1ee3t c\u1ea7u l\u00f4ng. B\u00ean trong l\u00f5i c\u00f3 l\u1edbp x\u1ed1p. L\u1edbp x\u1ed1p n\u00e0y c\u00f3 vai tr\u00f2 c\u1eaft gi\u1ea3m nh\u1eefng rung \u0111\u1ed9ng c\u00f3 h\u1ea1i, m\u1ee5c \u0111\u1ecbch ch\u00ednh l\u00e0 gi\u00fap h\u1ea5p th\u1ee5 ch\u1ea5n, ch\u1ed1ng s\u1ed1c l\u00ean tay khi tay ph\u1ea3i ch\u1ecbu \u00e1p l\u1ef1c t\u1eeb th\u00e2n v\u1ee3t c\u1ee9ng. SOLIC FEEL CORE \u0111\u01b0\u1ee3c \u00e1p d\u1ee5ng trong t\u1ea5t c\u1ea3 c\u00e1c c\u00e2y v\u1ee3t \u0111\u01b0\u1ee3c s\u1ea3n xu\u1ea5t t\u1ea1i Nh\u1eadt B\u1ea3n.<\/p>\n<p><img decoding=\"async\" src=\"https:\/\/cdn.shopvnb.com\/uploads\/images\/cong-nghe-solid-feel-core-cua-vot-cau-long-yonex-astrox-100zz-kurenai-do-xach-tay.webp\" alt=\"C\u00f4ng ngh\u1ec7 SOLID FEEL CORE c\u1ee7a V\u1ee3t c\u1ea7u l\u00f4ng Yonex Astrox 100ZZ Kurenai\" \/><\/p>\n<p><strong>&#8211; EXTRA SLIM SHAFTS<\/strong>\u00a0l\u00e0 c\u00f4ng ngh\u1ec7 \u0111\u01b0\u1ee3c thi\u1ebft k\u1ebf b\u1edfi nh\u00e0 Yonex t\u1ea1o n\u00ean \u0111\u0169a v\u1ee3t m\u1ecfng \u0111\u1ec3 c\u1eaft kh\u00ed v\u00e0 t\u1ea1o ra s\u1ee9c m\u1ea1nh nhanh ch\u00f3ng cho m\u1ed7i c\u00fa \u0111\u1eadp v\u00e0 s\u1ef1 linh ho\u1ea1t trong nh\u1eefng pha ph\u1ea3n t\u1ea1t, ph\u00f2ng th\u1ee7 v\u1edbi nh\u1ecbp \u0111\u1ed9 nhanh.<\/p>\n<p><strong>&#8211; Energy Boost CAP PLUS:<\/strong>\u00a0Ch\u1ee5p m\u0169 v\u1ee3t tr\u00ean Yonex Astrox 100 Tour VA c\u00f3 h\u00ecnh d\u1ea1ng \u0111\u1ed9c \u0111\u00e1o gi\u00fap t\u1ed1i \u0111a h\u00f3a hi\u1ec7u su\u1ea5t c\u1ee7a tr\u1ee5c. M\u1eb7t tr\u01b0\u1edbc cho ph\u00e9p tr\u1ee5c u\u1ed1n cong, trong khi \u0111\u01b0\u1eddng cong h\u00ecnh v\u00f2m hai b\u00ean gi\u00fap \u1ed5n \u0111\u1ecbnh m\u1eb7t v\u1ee3t b\u1eb1ng c\u00e1ch ng\u0103n tr\u1ee5c xo\u1eafn. Ngo\u00e0i ra, v\u1edbi thi\u1ebft k\u1ebf n\u00e0y c\u0169ng s\u1ebd gi\u00fap c\u00e2y v\u1ee3t c\u00f3 \u0111i\u1ec3m t\u1ef1a l\u1edbn h\u01a1n trong c\u00e1c pha c\u1ea7u t\u00ec \u0111\u00e8, b\u1eaft l\u01b0\u1edbi c\u1ea7n c\u1ea7m cao c\u00e1n v\u1ee3t.<\/p>\n<p><img decoding=\"async\" src=\"https:\/\/cdn.shopvnb.com\/uploads\/images\/cong-nghe-energy-boost-cap-plus-cua-vot-cau-long-yonex-astrox-100zz-kurenai-do-xach-tay.webp\" alt=\"C\u00f4ng ngh\u1ec7 Energy Boost CAP PLUS c\u1ee7a V\u1ee3t c\u1ea7u l\u00f4ng Yonex Astrox 100ZZ Kurenai\" \/><\/p>\n<p><strong>&#8211; REXIS SHAFT<\/strong>\u00a0l\u00e0 c\u00f4ng ngh\u1ec7 \u0111\u01b0\u1ee3c ph\u00e1t minh b\u1edfi h\u00e3ng Yonex t\u1ea1o ra m\u1ed9t lo\u1ea1i th\u00e2n v\u1ee3t hi\u1ec7u su\u1ea5t cao \u0111\u01b0\u1ee3c thi\u1ebft k\u1ebf ch\u00ednh x\u00e1c v\u00e0 t\u1ec9 m\u0129 v\u1edbi k\u1ef9 thu\u1eadt \u0111\u00fang m\u1eabu h\u00ecnh Yonex nguy\u00ean b\u1ea3n. C\u1ea3i thi\u1ec7n hi\u1ec7u su\u1ea5t \u0111\u00e1nh c\u1ea7u v\u00e0 l\u00e0m ch\u1ee7 tr\u1eadn \u0111\u1ea5u.<\/p>\n<p><strong>&#8211; NEW BIULT-IN T-JOINT:<\/strong>\u00a0\u0110\u01b0\u1ee3c s\u1ea3n xu\u1ea5t t\u1eeb m\u1ed9t lo\u1ea1i nh\u1ef1a nh\u1eb9 \u0111\u1eb7c bi\u1ec7t k\u1ebft h\u1ee3p v\u1edbi nh\u1ef1a Epoxy v\u00e0 ch\u1ea5t t\u1ea1o b\u1ecdt gi\u00fap t\u0103ng c\u01b0\u1eddng ch\u1ea5t l\u01b0\u1ee3ng v\u00e0 hi\u1ec7u su\u1ea5t b\u1eb1ng c\u00e1ch t\u0103ng \u0111\u1ed9 \u1ed5n \u0111\u1ecbnh c\u1ee7a qu\u1ea3 c\u1ea7u tr\u00ean m\u1eb7t v\u1ee3t. C\u00f4ng ngh\u1ec7 \u0111\u01b0\u1ee3c \u00e1p d\u1ee5ng \u1edf ph\u1ea7n ch\u1eef T c\u1ee7a v\u1ee3t gi\u00fap h\u1ed7 tr\u1ee3 v\u1ee3t tr\u00e1nh xo\u1eafn v\u1ee3t sau khi th\u1ef1c hi\u1ec7n c\u00fa \u0111\u00e1nh tr\u01b0\u1edbc \u0111\u00f3 gi\u00fap v\u1ee3t nhanh ch\u00f3ng l\u1ea5y l\u1ea1i \u1ed5n \u0111\u1ecbnh cho nh\u1eefng c\u00fa \u0111\u00e1nh ti\u1ebfp theo v\u00e0 gi\u00fap t\u0103ng ki\u1ec3m so\u00e1t c\u1ea7u.<\/p>\n<p><img decoding=\"async\" src=\"https:\/\/cdn.shopvnb.com\/uploads\/images\/cong-nghe-new-built-t-in-joint-cua-vot-cau-long-yonex-astrox-100zz-kurenai-do-xach-tay.webp\" alt=\"C\u00f4ng ngh\u1ec7 NEW BIULT-IN T-JOINT c\u1ee7a V\u1ee3t c\u1ea7u l\u00f4ng Yonex Astrox 100ZZ Kurenai \u0110\u1ecf - X\u00e1ch tay\" \/><\/p>\n<h2><strong>4. \u0110\u1ed1i t\u01b0\u1ee3ng ph\u00f9 h\u1ee3p v\u1edbi V\u1ee3t c\u1ea7u l\u00f4ng Yonex Astrox 100 Tour VA<\/strong><\/h2>\n<p>&#8211; V\u1ee3t c\u1ea7u l\u00f4ng Yonex Astrox 100 Tour VA d\u00e0nh cho nh\u1eefng ng\u01b0\u1eddi mong mu\u1ed1n s\u1edf h\u1eefu m\u1ed9t c\u00e2y v\u1ee3t c\u1ea7u l\u00f4ng t\u1ea5n c\u00f4ng h\u00e0ng \u0111\u1ea7u m\u00e0 kh\u00f4ng qu\u00e1 kh\u00f3 ch\u01a1i c\u00f9ng m\u1ee9c gi\u00e1 h\u1ee3p l\u00fd, Astrox 100VA Tour s\u1ebd l\u00e0 m\u1ed9t trong nh\u1eefng l\u1ef1a ch\u1ecdn \u0111\u00e1ng \u0111\u1ea7u t\u01b0 nh\u1ea5t tr\u00ean th\u1ecb tr\u01b0\u1eddng hi\u1ec7n nay.<\/p>\n<p>&#8211; V\u1edbi phi\u00ean b\u1ea3n 4U mang l\u1ea1i s\u1ef1 c\u00e2n b\u1eb1ng t\u1ed1t h\u01a1n gi\u1eefa s\u1ee9c m\u1ea1nh v\u00e0 kh\u1ea3 n\u0103ng xoay s\u1edf, \u0111\u01b0\u1ee3c khuy\u1ebfn ngh\u1ecb trong \u0111\u00e1nh \u0111\u00f4i., c\u00f2n phi\u00ean b\u1ea3n 3U th\u00ec d\u00e0nh cho nh\u1eefng ng\u01b0\u1eddi ch\u01a1i c\u00f3 c\u1ed5 tay kh\u1ecfe v\u00e0 \u0111\u00f2i h\u1ecfi th\u1ec3 l\u1ef1c cao, nh\u1eefng ng\u01b0\u1eddi mu\u1ed1n t\u1ed1i \u0111a h\u00f3a s\u1ee9c m\u1ea1nh \u0111\u1eadp c\u1ea7u.<\/p>\n","protected":false},"excerpt":{"rendered":"<p>1. Gi\u1edbi thi\u1ec7u V\u1ee3t c\u1ea7u l\u00f4ng Yonex Astrox 100 Tour VA &#8211;\u00a0V\u1ee3t c\u1ea7u l\u00f4ng Yonex Astrox 100 Tour VA\u00a0l\u00e0 m\u1ed9t trong nh\u1eefng si\u00eau ph\u1ea9m m\u1edbi nh\u1ea5t m\u00e0 Yonex v\u1eeba gi\u1edbi thi\u1ec7u, k\u1ebf th\u1eeba tr\u1ecdn v\u1eb9n tinh hoa c\u00f4ng ngh\u1ec7 c\u1ee7a d\u00f2ng Astrox \u2013 bi\u1ec3u t\u01b0\u1ee3ng c\u1ee7a l\u1ed1i ch\u01a1i t\u1ea5n c\u00f4ng m\u1ea1nh m\u1ebd v\u1edbi nh\u1eefng c\u00fa&#8230;<\/p>\n","protected":false},"featured_media":107,"comment_status":"open","ping_status":"closed","template":"","meta":[],"product_brand":[36],"product_cat":[23,22],"product_tag":[],"class_list":{"0":"post-128","1":"product","2":"type-product","3":"status-publish","4":"has-post-thumbnail","6":"product_brand-yonex","7":"product_cat-vot-cau-long","8":"product_cat-vot-cau-long-yonex","10":"first","11":"instock","12":"shipping-taxable","13":"purchasable","14":"product-type-variable"},"yoast_head":"<!-- This site is optimized with the Yoast SEO plugin v27.3 - https:\/\/yoast.com\/product\/yoast-seo-wordpress\/ -->\n<title>V\u1ee3t c\u1ea7u l\u00f4ng Yonex Astrox 100 Tour VA - one<\/title>\n<meta name=\"robots\" content=\"index, follow, max-snippet:-1, max-image-preview:large, max-video-preview:-1\" \/>\n<link rel=\"canonical\" href=\"https:\/\/n1thnltmdt21c.azdigi.shop\/index.php\/product\/vot-cau-long-yonex-astrox-100-tour-va\/\" \/>\n<meta property=\"og:locale\" content=\"vi_VN\" \/>\n<meta property=\"og:type\" content=\"article\" \/>\n<meta property=\"og:title\" content=\"V\u1ee3t c\u1ea7u l\u00f4ng Yonex Astrox 100 Tour VA - one\" \/>\n<meta property=\"og:description\" content=\"1. Gi\u1edbi thi\u1ec7u V\u1ee3t c\u1ea7u l\u00f4ng Yonex Astrox 100 Tour VA &#8211;\u00a0V\u1ee3t c\u1ea7u l\u00f4ng Yonex Astrox 100 Tour VA\u00a0l\u00e0 m\u1ed9t trong nh\u1eefng si\u00eau ph\u1ea9m m\u1edbi nh\u1ea5t m\u00e0 Yonex v\u1eeba gi\u1edbi thi\u1ec7u, k\u1ebf th\u1eeba tr\u1ecdn v\u1eb9n tinh hoa c\u00f4ng ngh\u1ec7 c\u1ee7a d\u00f2ng Astrox \u2013 bi\u1ec3u t\u01b0\u1ee3ng c\u1ee7a l\u1ed1i ch\u01a1i t\u1ea5n c\u00f4ng m\u1ea1nh m\u1ebd v\u1edbi nh\u1eefng c\u00fa...\" \/>\n<meta property=\"og:url\" content=\"https:\/\/n1thnltmdt21c.azdigi.shop\/index.php\/product\/vot-cau-long-yonex-astrox-100-tour-va\/\" \/>\n<meta property=\"og:site_name\" content=\"one\" \/>\n<meta property=\"article:modified_time\" content=\"2026-04-17T04:53:35+00:00\" \/>\n<meta property=\"og:image\" content=\"https:\/\/n1thnltmdt21c.azdigi.shop\/wp-content\/uploads\/2026\/04\/4.webp\" \/>\n\t<meta property=\"og:image:width\" content=\"300\" \/>\n\t<meta property=\"og:image:height\" content=\"300\" \/>\n\t<meta property=\"og:image:type\" content=\"image\/webp\" \/>\n<meta name=\"twitter:card\" content=\"summary_large_image\" \/>\n<meta name=\"twitter:label1\" content=\"\u01af\u1edbc t\u00ednh th\u1eddi gian \u0111\u1ecdc\" \/>\n\t<meta name=\"twitter:data1\" content=\"9 ph\u00fat\" \/>\n<script type=\"application\/ld+json\" class=\"yoast-schema-graph\">{\"@context\":\"https:\\\/\\\/schema.org\",\"@graph\":[{\"@type\":\"WebPage\",\"@id\":\"https:\\\/\\\/n1thnltmdt21c.azdigi.shop\\\/index.php\\\/product\\\/vot-cau-long-yonex-astrox-100-tour-va\\\/\",\"url\":\"https:\\\/\\\/n1thnltmdt21c.azdigi.shop\\\/index.php\\\/product\\\/vot-cau-long-yonex-astrox-100-tour-va\\\/\",\"name\":\"V\u1ee3t c\u1ea7u l\u00f4ng Yonex Astrox 100 Tour VA - one\",\"isPartOf\":{\"@id\":\"https:\\\/\\\/n1thnltmdt21c.azdigi.shop\\\/#website\"},\"primaryImageOfPage\":{\"@id\":\"https:\\\/\\\/n1thnltmdt21c.azdigi.shop\\\/index.php\\\/product\\\/vot-cau-long-yonex-astrox-100-tour-va\\\/#primaryimage\"},\"image\":{\"@id\":\"https:\\\/\\\/n1thnltmdt21c.azdigi.shop\\\/index.php\\\/product\\\/vot-cau-long-yonex-astrox-100-tour-va\\\/#primaryimage\"},\"thumbnailUrl\":\"https:\\\/\\\/n1thnltmdt21c.azdigi.shop\\\/wp-content\\\/uploads\\\/2026\\\/04\\\/4.webp\",\"datePublished\":\"2026-04-14T09:20:51+00:00\",\"dateModified\":\"2026-04-17T04:53:35+00:00\",\"breadcrumb\":{\"@id\":\"https:\\\/\\\/n1thnltmdt21c.azdigi.shop\\\/index.php\\\/product\\\/vot-cau-long-yonex-astrox-100-tour-va\\\/#breadcrumb\"},\"inLanguage\":\"vi\",\"potentialAction\":[{\"@type\":\"ReadAction\",\"target\":[\"https:\\\/\\\/n1thnltmdt21c.azdigi.shop\\\/index.php\\\/product\\\/vot-cau-long-yonex-astrox-100-tour-va\\\/\"]}]},{\"@type\":\"ImageObject\",\"inLanguage\":\"vi\",\"@id\":\"https:\\\/\\\/n1thnltmdt21c.azdigi.shop\\\/index.php\\\/product\\\/vot-cau-long-yonex-astrox-100-tour-va\\\/#primaryimage\",\"url\":\"https:\\\/\\\/n1thnltmdt21c.azdigi.shop\\\/wp-content\\\/uploads\\\/2026\\\/04\\\/4.webp\",\"contentUrl\":\"https:\\\/\\\/n1thnltmdt21c.azdigi.shop\\\/wp-content\\\/uploads\\\/2026\\\/04\\\/4.webp\",\"width\":300,\"height\":300},{\"@type\":\"BreadcrumbList\",\"@id\":\"https:\\\/\\\/n1thnltmdt21c.azdigi.shop\\\/index.php\\\/product\\\/vot-cau-long-yonex-astrox-100-tour-va\\\/#breadcrumb\",\"itemListElement\":[{\"@type\":\"ListItem\",\"position\":1,\"name\":\"Home\",\"item\":\"https:\\\/\\\/n1thnltmdt21c.azdigi.shop\\\/\"},{\"@type\":\"ListItem\",\"position\":2,\"name\":\"C\u1eeda h\u00e0ng\",\"item\":\"https:\\\/\\\/n1thnltmdt21c.azdigi.shop\\\/index.php\\\/cua-hang\\\/\"},{\"@type\":\"ListItem\",\"position\":3,\"name\":\"V\u1ee3t c\u1ea7u l\u00f4ng Yonex Astrox 100 Tour VA\"}]},{\"@type\":\"WebSite\",\"@id\":\"https:\\\/\\\/n1thnltmdt21c.azdigi.shop\\\/#website\",\"url\":\"https:\\\/\\\/n1thnltmdt21c.azdigi.shop\\\/\",\"name\":\"one\",\"description\":\"\",\"publisher\":{\"@id\":\"https:\\\/\\\/n1thnltmdt21c.azdigi.shop\\\/#\\\/schema\\\/person\\\/f9c8d72cb37e057ca75fcb301f24775b\"},\"potentialAction\":[{\"@type\":\"SearchAction\",\"target\":{\"@type\":\"EntryPoint\",\"urlTemplate\":\"https:\\\/\\\/n1thnltmdt21c.azdigi.shop\\\/?s={search_term_string}\"},\"query-input\":{\"@type\":\"PropertyValueSpecification\",\"valueRequired\":true,\"valueName\":\"search_term_string\"}}],\"inLanguage\":\"vi\"},{\"@type\":[\"Person\",\"Organization\"],\"@id\":\"https:\\\/\\\/n1thnltmdt21c.azdigi.shop\\\/#\\\/schema\\\/person\\\/f9c8d72cb37e057ca75fcb301f24775b\",\"name\":\"avycvsxw\",\"image\":{\"@type\":\"ImageObject\",\"inLanguage\":\"vi\",\"@id\":\"https:\\\/\\\/secure.gravatar.com\\\/avatar\\\/c56eb1032dab3a3f203620cbf35d45b422a782950bfc8d85494eb01f8e118853?s=96&d=mm&r=g\",\"url\":\"https:\\\/\\\/secure.gravatar.com\\\/avatar\\\/c56eb1032dab3a3f203620cbf35d45b422a782950bfc8d85494eb01f8e118853?s=96&d=mm&r=g\",\"contentUrl\":\"https:\\\/\\\/secure.gravatar.com\\\/avatar\\\/c56eb1032dab3a3f203620cbf35d45b422a782950bfc8d85494eb01f8e118853?s=96&d=mm&r=g\",\"caption\":\"avycvsxw\"},\"logo\":{\"@id\":\"https:\\\/\\\/secure.gravatar.com\\\/avatar\\\/c56eb1032dab3a3f203620cbf35d45b422a782950bfc8d85494eb01f8e118853?s=96&d=mm&r=g\"},\"sameAs\":[\"https:\\\/\\\/n1thnltmdt21c.azdigi.shop\"]}]}<\/script>\n<!-- \/ Yoast SEO plugin. -->","yoast_head_json":{"title":"V\u1ee3t c\u1ea7u l\u00f4ng Yonex Astrox 100 Tour VA - one","robots":{"index":"index","follow":"follow","max-snippet":"max-snippet:-1","max-image-preview":"max-image-preview:large","max-video-preview":"max-video-preview:-1"},"canonical":"https:\/\/n1thnltmdt21c.azdigi.shop\/index.php\/product\/vot-cau-long-yonex-astrox-100-tour-va\/","og_locale":"vi_VN","og_type":"article","og_title":"V\u1ee3t c\u1ea7u l\u00f4ng Yonex Astrox 100 Tour VA - one","og_description":"1. Gi\u1edbi thi\u1ec7u V\u1ee3t c\u1ea7u l\u00f4ng Yonex Astrox 100 Tour VA &#8211;\u00a0V\u1ee3t c\u1ea7u l\u00f4ng Yonex Astrox 100 Tour VA\u00a0l\u00e0 m\u1ed9t trong nh\u1eefng si\u00eau ph\u1ea9m m\u1edbi nh\u1ea5t m\u00e0 Yonex v\u1eeba gi\u1edbi thi\u1ec7u, k\u1ebf th\u1eeba tr\u1ecdn v\u1eb9n tinh hoa c\u00f4ng ngh\u1ec7 c\u1ee7a d\u00f2ng Astrox \u2013 bi\u1ec3u t\u01b0\u1ee3ng c\u1ee7a l\u1ed1i ch\u01a1i t\u1ea5n c\u00f4ng m\u1ea1nh m\u1ebd v\u1edbi nh\u1eefng c\u00fa...","og_url":"https:\/\/n1thnltmdt21c.azdigi.shop\/index.php\/product\/vot-cau-long-yonex-astrox-100-tour-va\/","og_site_name":"one","article_modified_time":"2026-04-17T04:53:35+00:00","og_image":[{"width":300,"height":300,"url":"https:\/\/n1thnltmdt21c.azdigi.shop\/wp-content\/uploads\/2026\/04\/4.webp","type":"image\/webp"}],"twitter_card":"summary_large_image","twitter_misc":{"\u01af\u1edbc t\u00ednh th\u1eddi gian \u0111\u1ecdc":"9 ph\u00fat"},"schema":{"@context":"https:\/\/schema.org","@graph":[{"@type":"WebPage","@id":"https:\/\/n1thnltmdt21c.azdigi.shop\/index.php\/product\/vot-cau-long-yonex-astrox-100-tour-va\/","url":"https:\/\/n1thnltmdt21c.azdigi.shop\/index.php\/product\/vot-cau-long-yonex-astrox-100-tour-va\/","name":"V\u1ee3t c\u1ea7u l\u00f4ng Yonex Astrox 100 Tour VA - one","isPartOf":{"@id":"https:\/\/n1thnltmdt21c.azdigi.shop\/#website"},"primaryImageOfPage":{"@id":"https:\/\/n1thnltmdt21c.azdigi.shop\/index.php\/product\/vot-cau-long-yonex-astrox-100-tour-va\/#primaryimage"},"image":{"@id":"https:\/\/n1thnltmdt21c.azdigi.shop\/index.php\/product\/vot-cau-long-yonex-astrox-100-tour-va\/#primaryimage"},"thumbnailUrl":"https:\/\/n1thnltmdt21c.azdigi.shop\/wp-content\/uploads\/2026\/04\/4.webp","datePublished":"2026-04-14T09:20:51+00:00","dateModified":"2026-04-17T04:53:35+00:00","breadcrumb":{"@id":"https:\/\/n1thnltmdt21c.azdigi.shop\/index.php\/product\/vot-cau-long-yonex-astrox-100-tour-va\/#breadcrumb"},"inLanguage":"vi","potentialAction":[{"@type":"ReadAction","target":["https:\/\/n1thnltmdt21c.azdigi.shop\/index.php\/product\/vot-cau-long-yonex-astrox-100-tour-va\/"]}]},{"@type":"ImageObject","inLanguage":"vi","@id":"https:\/\/n1thnltmdt21c.azdigi.shop\/index.php\/product\/vot-cau-long-yonex-astrox-100-tour-va\/#primaryimage","url":"https:\/\/n1thnltmdt21c.azdigi.shop\/wp-content\/uploads\/2026\/04\/4.webp","contentUrl":"https:\/\/n1thnltmdt21c.azdigi.shop\/wp-content\/uploads\/2026\/04\/4.webp","width":300,"height":300},{"@type":"BreadcrumbList","@id":"https:\/\/n1thnltmdt21c.azdigi.shop\/index.php\/product\/vot-cau-long-yonex-astrox-100-tour-va\/#breadcrumb","itemListElement":[{"@type":"ListItem","position":1,"name":"Home","item":"https:\/\/n1thnltmdt21c.azdigi.shop\/"},{"@type":"ListItem","position":2,"name":"C\u1eeda h\u00e0ng","item":"https:\/\/n1thnltmdt21c.azdigi.shop\/index.php\/cua-hang\/"},{"@type":"ListItem","position":3,"name":"V\u1ee3t c\u1ea7u l\u00f4ng Yonex Astrox 100 Tour VA"}]},{"@type":"WebSite","@id":"https:\/\/n1thnltmdt21c.azdigi.shop\/#website","url":"https:\/\/n1thnltmdt21c.azdigi.shop\/","name":"one","description":"","publisher":{"@id":"https:\/\/n1thnltmdt21c.azdigi.shop\/#\/schema\/person\/f9c8d72cb37e057ca75fcb301f24775b"},"potentialAction":[{"@type":"SearchAction","target":{"@type":"EntryPoint","urlTemplate":"https:\/\/n1thnltmdt21c.azdigi.shop\/?s={search_term_string}"},"query-input":{"@type":"PropertyValueSpecification","valueRequired":true,"valueName":"search_term_string"}}],"inLanguage":"vi"},{"@type":["Person","Organization"],"@id":"https:\/\/n1thnltmdt21c.azdigi.shop\/#\/schema\/person\/f9c8d72cb37e057ca75fcb301f24775b","name":"avycvsxw","image":{"@type":"ImageObject","inLanguage":"vi","@id":"https:\/\/secure.gravatar.com\/avatar\/c56eb1032dab3a3f203620cbf35d45b422a782950bfc8d85494eb01f8e118853?s=96&d=mm&r=g","url":"https:\/\/secure.gravatar.com\/avatar\/c56eb1032dab3a3f203620cbf35d45b422a782950bfc8d85494eb01f8e118853?s=96&d=mm&r=g","contentUrl":"https:\/\/secure.gravatar.com\/avatar\/c56eb1032dab3a3f203620cbf35d45b422a782950bfc8d85494eb01f8e118853?s=96&d=mm&r=g","caption":"avycvsxw"},"logo":{"@id":"https:\/\/secure.gravatar.com\/avatar\/c56eb1032dab3a3f203620cbf35d45b422a782950bfc8d85494eb01f8e118853?s=96&d=mm&r=g"},"sameAs":["https:\/\/n1thnltmdt21c.azdigi.shop"]}]}},"_links":{"self":[{"href":"https:\/\/n1thnltmdt21c.azdigi.shop\/index.php\/wp-json\/wp\/v2\/product\/128","targetHints":{"allow":["GET"]}}],"collection":[{"href":"https:\/\/n1thnltmdt21c.azdigi.shop\/index.php\/wp-json\/wp\/v2\/product"}],"about":[{"href":"https:\/\/n1thnltmdt21c.azdigi.shop\/index.php\/wp-json\/wp\/v2\/types\/product"}],"replies":[{"embeddable":true,"href":"https:\/\/n1thnltmdt21c.azdigi.shop\/index.php\/wp-json\/wp\/v2\/comments?post=128"}],"wp:featuredmedia":[{"embeddable":true,"href":"https:\/\/n1thnltmdt21c.azdigi.shop\/index.php\/wp-json\/wp\/v2\/media\/107"}],"wp:attachment":[{"href":"https:\/\/n1thnltmdt21c.azdigi.shop\/index.php\/wp-json\/wp\/v2\/media?parent=128"}],"wp:term":[{"taxonomy":"product_brand","embeddable":true,"href":"https:\/\/n1thnltmdt21c.azdigi.shop\/index.php\/wp-json\/wp\/v2\/product_brand?post=128"},{"taxonomy":"product_cat","embeddable":true,"href":"https:\/\/n1thnltmdt21c.azdigi.shop\/index.php\/wp-json\/wp\/v2\/product_cat?post=128"},{"taxonomy":"product_tag","embeddable":true,"href":"https:\/\/n1thnltmdt21c.azdigi.shop\/index.php\/wp-json\/wp\/v2\/product_tag?post=128"}],"curies":[{"name":"wp","href":"https:\/\/api.w.org\/{rel}","templated":true}]}}