{"id":124,"date":"2026-04-14T09:15:38","date_gmt":"2026-04-14T09:15:38","guid":{"rendered":"https:\/\/n1thnltmdt21c.azdigi.shop\/?post_type=product&#038;p=124"},"modified":"2026-04-17T04:48:48","modified_gmt":"2026-04-17T04:48:48","slug":"vot-cau-long-yonex-astrox-22-lite-bk-rd-chinh-hang","status":"publish","type":"product","link":"https:\/\/n1thnltmdt21c.azdigi.shop\/index.php\/product\/vot-cau-long-yonex-astrox-22-lite-bk-rd-chinh-hang\/","title":{"rendered":"V\u1ee3t c\u1ea7u l\u00f4ng Yonex Astrox 22 Lite (BK\/RD) ch\u00ednh h\u00e3ng"},"content":{"rendered":"<h2><strong>1. Gi\u1edbi thi\u1ec7u v\u1ec1 V\u1ee3t c\u1ea7u l\u00f4ng Yonex Astrox 22 Lite (BK\/RD)<\/strong><\/h2>\n<p>&#8211;\u00a0<a href=\"https:\/\/shopvnb.com\/vot-cau-long-yonex-astrox-22-lite-bk-rd-chinh-hang.html\">V\u1ee3t c\u1ea7u l\u00f4ng Yonex Astrox 22 Lite (BK\/RD)<\/a>\u00a0l\u00e0 m\u1ed9t trong nh\u1eefng c\u00e2y v\u1ee3t c\u1ea7u l\u00f4ng nh\u1eb9 nh\u1ea5t tr\u00ean Th\u1ebf gi\u1edbi n\u00ean s\u1ebd \u0111\u1eb7c bi\u1ec7t d\u00e0nh ri\u00eang cho c\u00e1c b\u1ea1n n\u1eef, nh\u1ea5t l\u00e0 v\u1ecb tr\u00ed c\u1ea7u tr\u01b0\u1edbc trong \u0111\u00f4i nam n\u1eef ch\u1eafc ch\u1eafn s\u1ebd gi\u00fap c\u00e1c b\u1ea1n c\u00f3 nh\u1eefng pha c\u1ea7u d\u1ee9t \u0111i\u1ec3m tr\u00ean l\u01b0\u1edbi c\u1ef1c k\u00ec t\u1ed1t.<\/p>\n<p>&#8211; Kh\u00f4ng ch\u1ec9 c\u00f3 kh\u1ed1i l\u01b0\u1ee3ng si\u00eau nh\u1eb9, Yonex Astrox 22 Lite (BK\/RD) c\u00f2n \u0111\u01b0\u1ee3c t\u00edch h\u1ee3p th\u00eam c\u00f4ng ngh\u1ec7\u00a0<strong>ROTATIONAL GENARATOR SYSTEM.\u00a0<\/strong>\u0110\u00e2y l\u00e0<strong>\u00a0<\/strong>c\u00f4ng ngh\u1ec7 theo thuy\u1ebft \u0111\u1ed1i tr\u1ecdng, tr\u1ecdng l\u1ef1c \u0111\u01b0\u1ee3c ph\u00e2n b\u1ed5 \u1edf \u0111\u1ea7u v\u1ee3t, \u0111o\u1ea1n n\u1ed1i ch\u1eef T v\u00e0 ph\u1ea7n cu\u1ed1i c\u00e1n v\u1ee3t. Vi\u1ec7c ph\u00e2n b\u1ed5 nh\u01b0 v\u1eady gi\u00fap cho c\u00e2y v\u1ee3t \u0111\u01b0\u1ee3c \u0111\u1ed3ng \u0111\u1ec1u, h\u1ed7 tr\u1ee3 t\u1ed1t nh\u1ea5t cho v\u1ee3t sau khi \u0111\u00e1nh xong qu\u1ea3 c\u1ea7u tr\u01b0\u1edbc v\u00e0 chu\u1ea9n b\u1ecb cho pha \u0111\u00e1nh c\u1ea7u ti\u1ebfp theo d\u1ec5 d\u00e0ng h\u01a1n. \u0110i\u1ec1u n\u00e0y gi\u00fap cho vi\u1ec7c d\u00f9 \u0111ang c\u1ea7m v\u1ee3t n\u1eb7ng \u0111\u1ea7u nh\u01b0ng v\u1eabn mang \u0111\u1ebfn c\u1ea3m gi\u00e1c c\u00e2n b\u1eb1ng, tho\u1ea3i m\u00e1i.<\/p>\n<p><img decoding=\"async\" src=\"https:\/\/cdn.shopvnb.com\/uploads\/gallery\/vot-cau-long-yonex-astrox-22-lite-bk-rd-chinh-hang_1761954974.webp\" alt=\"V\u1ee3t c\u1ea7u l\u00f4ng Yonex Astrox 22 Lite (BK\/RD)\" \/><\/p>\n<h2><strong>2. Th\u00f4ng s\u1ed1 k\u1ef9 thu\u1eadt c\u1ee7a V\u1ee3t c\u1ea7u l\u00f4ng Yonex Astrox 22 Lite (BK\/RD)<\/strong><\/h2>\n<p>&#8211; \u0110\u1ed9 c\u1ee9ng: Trung b\u00ecnh<\/p>\n<p>&#8211; Khung v\u1ee3t: HM Graphite \/ Tungsten<\/p>\n<p>&#8211; Th\u00e2n v\u1ee3t : HM Graphite \/ NANOMESH NEO<\/p>\n<p>&#8211; Tr\u1ecdng l\u01b0\u1ee3ng: 3F (Avg. 63g)<\/p>\n<p>&#8211; Chu vi c\u00e1n v\u1ee3t: G5<\/p>\n<p>&#8211; S\u1ee9c c\u0103ng: 26 LBS<\/p>\n<p>&#8211; M\u00e0u s\u1eafc: \u0110en \u0111\u1ecf<\/p>\n<p><img decoding=\"async\" src=\"https:\/\/cdn.shopvnb.com\/uploads\/gallery\/vot-cau-long-yonex-astrox-22-lite-bk-rd-chinh-hang-1_1761954985.webp\" alt=\"V\u1ee3t c\u1ea7u l\u00f4ng Yonex Astrox 22 Lite (BK\/RD)\" \/><\/p>\n<p>Xem th\u00eam m\u1ed9t s\u1ed1 s\u1ea3n ph\u1ea9m\u00a0<a href=\"https:\/\/shopvnb.com\/vot-cau-long-yonex.html\">V\u1ee3t c\u1ea7u l\u00f4ng Yonex<\/a>\u00a0kh\u00e1c \u0111ang \u0111\u01b0\u1ee3c b\u00e1n t\u1ea1i ShopVNB.<\/p>\n<h2><strong>3. C\u00f4ng ngh\u1ec7 n\u1ed5i b\u1eadt t\u00edch h\u1ee3p tr\u00ean V\u1ee3t c\u1ea7u l\u00f4ng Yonex Astrox 22 Lite (BK\/RD)<\/strong><\/h2>\n<p>&#8211;\u00a0<strong>Aero Box Frame<\/strong>: M\u1ee5c \u0111\u00edch c\u1ee7a vi\u1ec7c thi\u1ebft k\u1ebf m\u1eb7t khung h\u00ecnh oval l\u00e0 \u0111\u1ec3 khi \u0111\u00e1nh v\u1ee3t s\u1ebd l\u01b0\u1edbt gi\u00f3 cho kh\u00f4ng kh\u00ed qua, BOX FRAME v\u00e1t 2 b\u00ean gi\u00fap v\u1ee3t c\u1ee9ng c\u00e1p h\u01a1n. Thi\u1ebft k\u1ebf gi\u00fap t\u0103ng kh\u00ed \u0111\u1ed9ng l\u1ef1c h\u1ecdc, gi\u00fap ch\u00fang ta vung v\u1ee3t nhanh h\u01a1n, \u0111\u1eadp c\u1ea7u m\u1ea1nh h\u01a1n.<\/p>\n<p><img decoding=\"async\" src=\"https:\/\/cdn.shopvnb.com\/uploads\/images\/tin_tuc\/vot-cau-long-yonex-astrox-22-lite-chinh-hang-2.webp\" alt=\"\" \/><\/p>\n<p>&#8211;\u00a0<strong>ISOMETRIC<\/strong>: C\u00f4ng ngh\u1ec7 thi\u1ebft k\u1ebf h\u00ecnh vu\u00f4ng gi\u00fap \u0111\u1ea3m b\u1ea3o t\u00ednh t\u01b0\u01a1ng \u0111\u1ed3ng v\u1ec1 \u0111\u1ed9 d\u00e0i v\u00e0 g\u00f3c c\u1ee7a c\u00e1c d\u00e2y d\u1ecdc c\u0169ng nh\u01b0 d\u00e2y ngang, t\u0103ng t\u1ed1i \u0111a \u0111i\u1ec3m ng\u1ecdt theo m\u1ecdi h\u01b0\u1edbng, thi\u1ebft k\u1ebf khung c\u1ee7a Yonex\u00a0<strong>Astrox 22 Lite\u00a0<\/strong>l\u1edbn h\u01a1n n\u00ean khi c\u1ea7u ch\u1ea1m m\u1eb7t v\u1ee3t \u1edf nh\u1eefng \u0111i\u1ec3m kh\u00e1c nhau tr\u00ean m\u1eb7t v\u1ee3t v\u1eabn mang l\u1ea1i c\u1ea3m gi\u00e1c \u0111\u00e1nh t\u1ed1t nh\u1ea5t.<\/p>\n<p><img decoding=\"async\" src=\"https:\/\/cdn.shopvnb.com\/uploads\/images\/tin_tuc\/vot-cau-long-yonex-astrox-22-lite-chinh-hang-3.webp\" alt=\"\" \/><\/p>\n<p>&#8211;\u00a0<strong>Rotation Generator System<\/strong>: L\u00e0 c\u00f4ng ngh\u1ec7 theo thuy\u1ebft \u0111\u1ed1i tr\u1ecdng. Tr\u1ecdng l\u1ef1c \u0111\u01b0\u1ee3c ph\u00e2n b\u1ed5 \u0111\u1ec1u \u1edf \u0111\u1ea7u, \u0111o\u1ea1n n\u1ed1i ch\u1eef T v\u00e0 ph\u1ea7n \u0111\u1ea7u v\u1ee3t c\u1ea7u l\u00f4ng Yonex\u00a0<strong>Astrox 22 Lite<\/strong>. Vi\u1ec7c ph\u00e2n b\u1ed5 nh\u01b0 v\u1eady gi\u00fap cho c\u00e2y v\u1ee3t \u0111\u01b0\u1ee3c \u0111\u1ed3ng \u0111\u1ec1u, h\u1ed7 tr\u1ee3 t\u1ed1t nh\u1ea5t cho v\u1ee3t sau khi \u0111\u00e1nh xong qu\u1ea3 c\u1ea7u tr\u01b0\u1edbc v\u00e0 chu\u1ea9n b\u1ecb cho pha \u0111\u00e1nh c\u1ea7u ti\u1ebfp theo d\u1ec5 d\u00e0ng h\u01a1n. \u0110i\u1ec1u n\u00e0y gi\u00fap cho vi\u1ec7c d\u00f9 \u0111ang c\u1ea7m v\u1ee3t n\u1eb7ng \u0111\u1ea7u nh\u01b0ng v\u1eabn mang \u0111\u1ebfn c\u1ea3m gi\u00e1c c\u00e2n b\u1eb1ng, tho\u1ea3i m\u00e1i.<\/p>\n<p><img decoding=\"async\" src=\"https:\/\/cdn.shopvnb.com\/uploads\/images\/tin_tuc\/vot-cau-long-yonex-astrox-22-lite-chinh-hang-4.webp\" alt=\"\" \/><\/p>\n<p>&#8211;\u00a0<strong>NANOMESH NEO<\/strong>: V\u1edbi c\u1ea5u tr\u00fac Carbon nhi\u1ec1u ng\u0103n x\u1ebfp \u0111\u01b0\u1ee3c \u0111\u1eb7t \u1edf b\u00ean hai \u0111\u1ea7u v\u1ee3t \u0111\u1ea3m b\u1ea3o khung ch\u1eafc ch\u1eafn h\u01a1n linh ho\u1ea1t h\u01a1n. Khung v\u1ee3t nhanh ch\u00f3ng l\u1ea5y l\u1ea1i h\u00ecnh d\u1ea1ng ban \u0111\u1ea7u sau m\u1ed7i c\u00fa \u0111\u00e1nh \u0111\u1ed3ng th\u1eddi \u0111\u1ed9 u\u1ed1n tr\u1ee5c t\u0103ng l\u00ean t\u1ea1o ra s\u1ee9c m\u1ea1nh t\u1ed1i \u0111a.<\/p>\n<p>&#8211;\u00a0<strong>CONTROL SUPER CAP<\/strong>: N\u1eafp h\u1ed7 tr\u1ee3 \u0111i\u1ec1u khi\u1ec3n cung c\u1ea5p b\u1ec1 m\u1eb7t ph\u1eb3ng r\u1ed9ng h\u01a1n 88% so v\u1edbi m\u1ed9t c\u00e2y v\u1ee3t th\u00f4ng th\u01b0\u1eddng \u0111\u1ec3 d\u1ec5 c\u1ea7m h\u01a1n, theo d\u00f5i nhanh v\u00e0 kh\u1ea3 n\u0103ng c\u01a1 \u0111\u1ed9ng s\u1eafc n\u00e9t nh\u1ea5t.<\/p>\n<h2><strong>4. \u0110\u1ed1i t\u01b0\u1ee3ng ph\u00f9 h\u1ee3p v\u1edbi V\u1ee3t c\u1ea7u l\u00f4ng Yonex Astrox 22 Lite (BK\/RD)<\/strong><\/h2>\n<p>&#8211; N\u1ebfu b\u1ea1n \u0111ang t\u00ecm ki\u1ebfm m\u1ed9t c\u00e2y v\u1ee3t nh\u1eb9, d\u1ec5 ki\u1ec3m so\u00e1t \u0111\u1ec3 n\u00e2ng cao k\u1ef9 n\u0103ng ph\u1ea3n t\u1ea1t v\u00e0 b\u1eaft c\u1ea7u tr\u00ean l\u01b0\u1edbi, \u0111\u00e2y ch\u1eafc ch\u1eafn l\u00e0 l\u1ef1a ch\u1ecdn l\u00fd t\u01b0\u1edfng.<\/p>\n<p>&#8211; Ph\u00f9 h\u1ee3p trong \u0111\u00f4i nam, \u0111\u00f4i nam n\u1eef v\u1edbi v\u1ecb tr\u00ed c\u1ea7u tr\u01b0\u1edbc, y\u00eau c\u1ea7u ng\u01b0\u1eddi ch\u01a1i c\u00f3 l\u1ef1c c\u1ed5 tay b\u00ecnh tr\u1edf l\u00ean, \u0111\u00e3 c\u00f3 kinh nghi\u1ec7m ch\u01a1i c\u1ea7u l\u00f4ng v\u00ec \u0111\u00e2y l\u00e0 m\u1ed9t c\u00e2y v\u1ee3t r\u1ea5t nh\u1eb9 \u0111\u00f2i h\u1ecfi ng\u01b0\u1eddi ch\u01a1i c\u1ea7u l\u00f4ng \u0111\u00e3 th\u00e0nh th\u1ee5c c\u00e1c \u0111\u1ed9ng t\u00e1c k\u0129 thu\u1eadt \u1edf m\u1ee9c trung binh &#8211; kh\u00e1<\/p>\n","protected":false},"excerpt":{"rendered":"<p>1. Gi\u1edbi thi\u1ec7u v\u1ec1 V\u1ee3t c\u1ea7u l\u00f4ng Yonex Astrox 22 Lite (BK\/RD) &#8211;\u00a0V\u1ee3t c\u1ea7u l\u00f4ng Yonex Astrox 22 Lite (BK\/RD)\u00a0l\u00e0 m\u1ed9t trong nh\u1eefng c\u00e2y v\u1ee3t c\u1ea7u l\u00f4ng nh\u1eb9 nh\u1ea5t tr\u00ean Th\u1ebf gi\u1edbi n\u00ean s\u1ebd \u0111\u1eb7c bi\u1ec7t d\u00e0nh ri\u00eang cho c\u00e1c b\u1ea1n n\u1eef, nh\u1ea5t l\u00e0 v\u1ecb tr\u00ed c\u1ea7u tr\u01b0\u1edbc trong \u0111\u00f4i nam n\u1eef ch\u1eafc ch\u1eafn s\u1ebd&#8230;<\/p>\n","protected":false},"featured_media":108,"comment_status":"open","ping_status":"closed","template":"","meta":[],"product_brand":[36],"product_cat":[23,22],"product_tag":[],"class_list":{"0":"post-124","1":"product","2":"type-product","3":"status-publish","4":"has-post-thumbnail","6":"product_brand-yonex","7":"product_cat-vot-cau-long","8":"product_cat-vot-cau-long-yonex","10":"first","11":"instock","12":"shipping-taxable","13":"purchasable","14":"product-type-variable"},"yoast_head":"<!-- This site is optimized with the Yoast SEO plugin v27.3 - https:\/\/yoast.com\/product\/yoast-seo-wordpress\/ -->\n<title>V\u1ee3t c\u1ea7u l\u00f4ng Yonex Astrox 22 Lite (BK\/RD) ch\u00ednh h\u00e3ng - one<\/title>\n<meta name=\"robots\" content=\"index, follow, max-snippet:-1, max-image-preview:large, max-video-preview:-1\" \/>\n<link rel=\"canonical\" href=\"https:\/\/n1thnltmdt21c.azdigi.shop\/index.php\/product\/vot-cau-long-yonex-astrox-22-lite-bk-rd-chinh-hang\/\" \/>\n<meta property=\"og:locale\" content=\"vi_VN\" \/>\n<meta property=\"og:type\" content=\"article\" \/>\n<meta property=\"og:title\" content=\"V\u1ee3t c\u1ea7u l\u00f4ng Yonex Astrox 22 Lite (BK\/RD) ch\u00ednh h\u00e3ng - one\" \/>\n<meta property=\"og:description\" content=\"1. Gi\u1edbi thi\u1ec7u v\u1ec1 V\u1ee3t c\u1ea7u l\u00f4ng Yonex Astrox 22 Lite (BK\/RD) &#8211;\u00a0V\u1ee3t c\u1ea7u l\u00f4ng Yonex Astrox 22 Lite (BK\/RD)\u00a0l\u00e0 m\u1ed9t trong nh\u1eefng c\u00e2y v\u1ee3t c\u1ea7u l\u00f4ng nh\u1eb9 nh\u1ea5t tr\u00ean Th\u1ebf gi\u1edbi n\u00ean s\u1ebd \u0111\u1eb7c bi\u1ec7t d\u00e0nh ri\u00eang cho c\u00e1c b\u1ea1n n\u1eef, nh\u1ea5t l\u00e0 v\u1ecb tr\u00ed c\u1ea7u tr\u01b0\u1edbc trong \u0111\u00f4i nam n\u1eef ch\u1eafc ch\u1eafn s\u1ebd...\" \/>\n<meta property=\"og:url\" content=\"https:\/\/n1thnltmdt21c.azdigi.shop\/index.php\/product\/vot-cau-long-yonex-astrox-22-lite-bk-rd-chinh-hang\/\" \/>\n<meta property=\"og:site_name\" content=\"one\" \/>\n<meta property=\"article:modified_time\" content=\"2026-04-17T04:48:48+00:00\" \/>\n<meta property=\"og:image\" content=\"https:\/\/n1thnltmdt21c.azdigi.shop\/wp-content\/uploads\/2026\/04\/3.webp\" \/>\n\t<meta property=\"og:image:width\" content=\"300\" \/>\n\t<meta property=\"og:image:height\" content=\"300\" \/>\n\t<meta property=\"og:image:type\" content=\"image\/webp\" \/>\n<meta name=\"twitter:card\" content=\"summary_large_image\" \/>\n<meta name=\"twitter:label1\" content=\"\u01af\u1edbc t\u00ednh th\u1eddi gian \u0111\u1ecdc\" \/>\n\t<meta name=\"twitter:data1\" content=\"5 ph\u00fat\" \/>\n<script type=\"application\/ld+json\" class=\"yoast-schema-graph\">{\"@context\":\"https:\\\/\\\/schema.org\",\"@graph\":[{\"@type\":\"WebPage\",\"@id\":\"https:\\\/\\\/n1thnltmdt21c.azdigi.shop\\\/index.php\\\/product\\\/vot-cau-long-yonex-astrox-22-lite-bk-rd-chinh-hang\\\/\",\"url\":\"https:\\\/\\\/n1thnltmdt21c.azdigi.shop\\\/index.php\\\/product\\\/vot-cau-long-yonex-astrox-22-lite-bk-rd-chinh-hang\\\/\",\"name\":\"V\u1ee3t c\u1ea7u l\u00f4ng Yonex Astrox 22 Lite (BK\\\/RD) ch\u00ednh h\u00e3ng - one\",\"isPartOf\":{\"@id\":\"https:\\\/\\\/n1thnltmdt21c.azdigi.shop\\\/#website\"},\"primaryImageOfPage\":{\"@id\":\"https:\\\/\\\/n1thnltmdt21c.azdigi.shop\\\/index.php\\\/product\\\/vot-cau-long-yonex-astrox-22-lite-bk-rd-chinh-hang\\\/#primaryimage\"},\"image\":{\"@id\":\"https:\\\/\\\/n1thnltmdt21c.azdigi.shop\\\/index.php\\\/product\\\/vot-cau-long-yonex-astrox-22-lite-bk-rd-chinh-hang\\\/#primaryimage\"},\"thumbnailUrl\":\"https:\\\/\\\/n1thnltmdt21c.azdigi.shop\\\/wp-content\\\/uploads\\\/2026\\\/04\\\/3.webp\",\"datePublished\":\"2026-04-14T09:15:38+00:00\",\"dateModified\":\"2026-04-17T04:48:48+00:00\",\"breadcrumb\":{\"@id\":\"https:\\\/\\\/n1thnltmdt21c.azdigi.shop\\\/index.php\\\/product\\\/vot-cau-long-yonex-astrox-22-lite-bk-rd-chinh-hang\\\/#breadcrumb\"},\"inLanguage\":\"vi\",\"potentialAction\":[{\"@type\":\"ReadAction\",\"target\":[\"https:\\\/\\\/n1thnltmdt21c.azdigi.shop\\\/index.php\\\/product\\\/vot-cau-long-yonex-astrox-22-lite-bk-rd-chinh-hang\\\/\"]}]},{\"@type\":\"ImageObject\",\"inLanguage\":\"vi\",\"@id\":\"https:\\\/\\\/n1thnltmdt21c.azdigi.shop\\\/index.php\\\/product\\\/vot-cau-long-yonex-astrox-22-lite-bk-rd-chinh-hang\\\/#primaryimage\",\"url\":\"https:\\\/\\\/n1thnltmdt21c.azdigi.shop\\\/wp-content\\\/uploads\\\/2026\\\/04\\\/3.webp\",\"contentUrl\":\"https:\\\/\\\/n1thnltmdt21c.azdigi.shop\\\/wp-content\\\/uploads\\\/2026\\\/04\\\/3.webp\",\"width\":300,\"height\":300},{\"@type\":\"BreadcrumbList\",\"@id\":\"https:\\\/\\\/n1thnltmdt21c.azdigi.shop\\\/index.php\\\/product\\\/vot-cau-long-yonex-astrox-22-lite-bk-rd-chinh-hang\\\/#breadcrumb\",\"itemListElement\":[{\"@type\":\"ListItem\",\"position\":1,\"name\":\"Home\",\"item\":\"https:\\\/\\\/n1thnltmdt21c.azdigi.shop\\\/\"},{\"@type\":\"ListItem\",\"position\":2,\"name\":\"C\u1eeda h\u00e0ng\",\"item\":\"https:\\\/\\\/n1thnltmdt21c.azdigi.shop\\\/index.php\\\/cua-hang\\\/\"},{\"@type\":\"ListItem\",\"position\":3,\"name\":\"V\u1ee3t c\u1ea7u l\u00f4ng Yonex Astrox 22 Lite (BK\\\/RD) ch\u00ednh h\u00e3ng\"}]},{\"@type\":\"WebSite\",\"@id\":\"https:\\\/\\\/n1thnltmdt21c.azdigi.shop\\\/#website\",\"url\":\"https:\\\/\\\/n1thnltmdt21c.azdigi.shop\\\/\",\"name\":\"one\",\"description\":\"\",\"publisher\":{\"@id\":\"https:\\\/\\\/n1thnltmdt21c.azdigi.shop\\\/#\\\/schema\\\/person\\\/f9c8d72cb37e057ca75fcb301f24775b\"},\"potentialAction\":[{\"@type\":\"SearchAction\",\"target\":{\"@type\":\"EntryPoint\",\"urlTemplate\":\"https:\\\/\\\/n1thnltmdt21c.azdigi.shop\\\/?s={search_term_string}\"},\"query-input\":{\"@type\":\"PropertyValueSpecification\",\"valueRequired\":true,\"valueName\":\"search_term_string\"}}],\"inLanguage\":\"vi\"},{\"@type\":[\"Person\",\"Organization\"],\"@id\":\"https:\\\/\\\/n1thnltmdt21c.azdigi.shop\\\/#\\\/schema\\\/person\\\/f9c8d72cb37e057ca75fcb301f24775b\",\"name\":\"avycvsxw\",\"image\":{\"@type\":\"ImageObject\",\"inLanguage\":\"vi\",\"@id\":\"https:\\\/\\\/secure.gravatar.com\\\/avatar\\\/c56eb1032dab3a3f203620cbf35d45b422a782950bfc8d85494eb01f8e118853?s=96&d=mm&r=g\",\"url\":\"https:\\\/\\\/secure.gravatar.com\\\/avatar\\\/c56eb1032dab3a3f203620cbf35d45b422a782950bfc8d85494eb01f8e118853?s=96&d=mm&r=g\",\"contentUrl\":\"https:\\\/\\\/secure.gravatar.com\\\/avatar\\\/c56eb1032dab3a3f203620cbf35d45b422a782950bfc8d85494eb01f8e118853?s=96&d=mm&r=g\",\"caption\":\"avycvsxw\"},\"logo\":{\"@id\":\"https:\\\/\\\/secure.gravatar.com\\\/avatar\\\/c56eb1032dab3a3f203620cbf35d45b422a782950bfc8d85494eb01f8e118853?s=96&d=mm&r=g\"},\"sameAs\":[\"https:\\\/\\\/n1thnltmdt21c.azdigi.shop\"]}]}<\/script>\n<!-- \/ Yoast SEO plugin. -->","yoast_head_json":{"title":"V\u1ee3t c\u1ea7u l\u00f4ng Yonex Astrox 22 Lite (BK\/RD) ch\u00ednh h\u00e3ng - one","robots":{"index":"index","follow":"follow","max-snippet":"max-snippet:-1","max-image-preview":"max-image-preview:large","max-video-preview":"max-video-preview:-1"},"canonical":"https:\/\/n1thnltmdt21c.azdigi.shop\/index.php\/product\/vot-cau-long-yonex-astrox-22-lite-bk-rd-chinh-hang\/","og_locale":"vi_VN","og_type":"article","og_title":"V\u1ee3t c\u1ea7u l\u00f4ng Yonex Astrox 22 Lite (BK\/RD) ch\u00ednh h\u00e3ng - one","og_description":"1. Gi\u1edbi thi\u1ec7u v\u1ec1 V\u1ee3t c\u1ea7u l\u00f4ng Yonex Astrox 22 Lite (BK\/RD) &#8211;\u00a0V\u1ee3t c\u1ea7u l\u00f4ng Yonex Astrox 22 Lite (BK\/RD)\u00a0l\u00e0 m\u1ed9t trong nh\u1eefng c\u00e2y v\u1ee3t c\u1ea7u l\u00f4ng nh\u1eb9 nh\u1ea5t tr\u00ean Th\u1ebf gi\u1edbi n\u00ean s\u1ebd \u0111\u1eb7c bi\u1ec7t d\u00e0nh ri\u00eang cho c\u00e1c b\u1ea1n n\u1eef, nh\u1ea5t l\u00e0 v\u1ecb tr\u00ed c\u1ea7u tr\u01b0\u1edbc trong \u0111\u00f4i nam n\u1eef ch\u1eafc ch\u1eafn s\u1ebd...","og_url":"https:\/\/n1thnltmdt21c.azdigi.shop\/index.php\/product\/vot-cau-long-yonex-astrox-22-lite-bk-rd-chinh-hang\/","og_site_name":"one","article_modified_time":"2026-04-17T04:48:48+00:00","og_image":[{"width":300,"height":300,"url":"https:\/\/n1thnltmdt21c.azdigi.shop\/wp-content\/uploads\/2026\/04\/3.webp","type":"image\/webp"}],"twitter_card":"summary_large_image","twitter_misc":{"\u01af\u1edbc t\u00ednh th\u1eddi gian \u0111\u1ecdc":"5 ph\u00fat"},"schema":{"@context":"https:\/\/schema.org","@graph":[{"@type":"WebPage","@id":"https:\/\/n1thnltmdt21c.azdigi.shop\/index.php\/product\/vot-cau-long-yonex-astrox-22-lite-bk-rd-chinh-hang\/","url":"https:\/\/n1thnltmdt21c.azdigi.shop\/index.php\/product\/vot-cau-long-yonex-astrox-22-lite-bk-rd-chinh-hang\/","name":"V\u1ee3t c\u1ea7u l\u00f4ng Yonex Astrox 22 Lite (BK\/RD) ch\u00ednh h\u00e3ng - one","isPartOf":{"@id":"https:\/\/n1thnltmdt21c.azdigi.shop\/#website"},"primaryImageOfPage":{"@id":"https:\/\/n1thnltmdt21c.azdigi.shop\/index.php\/product\/vot-cau-long-yonex-astrox-22-lite-bk-rd-chinh-hang\/#primaryimage"},"image":{"@id":"https:\/\/n1thnltmdt21c.azdigi.shop\/index.php\/product\/vot-cau-long-yonex-astrox-22-lite-bk-rd-chinh-hang\/#primaryimage"},"thumbnailUrl":"https:\/\/n1thnltmdt21c.azdigi.shop\/wp-content\/uploads\/2026\/04\/3.webp","datePublished":"2026-04-14T09:15:38+00:00","dateModified":"2026-04-17T04:48:48+00:00","breadcrumb":{"@id":"https:\/\/n1thnltmdt21c.azdigi.shop\/index.php\/product\/vot-cau-long-yonex-astrox-22-lite-bk-rd-chinh-hang\/#breadcrumb"},"inLanguage":"vi","potentialAction":[{"@type":"ReadAction","target":["https:\/\/n1thnltmdt21c.azdigi.shop\/index.php\/product\/vot-cau-long-yonex-astrox-22-lite-bk-rd-chinh-hang\/"]}]},{"@type":"ImageObject","inLanguage":"vi","@id":"https:\/\/n1thnltmdt21c.azdigi.shop\/index.php\/product\/vot-cau-long-yonex-astrox-22-lite-bk-rd-chinh-hang\/#primaryimage","url":"https:\/\/n1thnltmdt21c.azdigi.shop\/wp-content\/uploads\/2026\/04\/3.webp","contentUrl":"https:\/\/n1thnltmdt21c.azdigi.shop\/wp-content\/uploads\/2026\/04\/3.webp","width":300,"height":300},{"@type":"BreadcrumbList","@id":"https:\/\/n1thnltmdt21c.azdigi.shop\/index.php\/product\/vot-cau-long-yonex-astrox-22-lite-bk-rd-chinh-hang\/#breadcrumb","itemListElement":[{"@type":"ListItem","position":1,"name":"Home","item":"https:\/\/n1thnltmdt21c.azdigi.shop\/"},{"@type":"ListItem","position":2,"name":"C\u1eeda h\u00e0ng","item":"https:\/\/n1thnltmdt21c.azdigi.shop\/index.php\/cua-hang\/"},{"@type":"ListItem","position":3,"name":"V\u1ee3t c\u1ea7u l\u00f4ng Yonex Astrox 22 Lite (BK\/RD) ch\u00ednh h\u00e3ng"}]},{"@type":"WebSite","@id":"https:\/\/n1thnltmdt21c.azdigi.shop\/#website","url":"https:\/\/n1thnltmdt21c.azdigi.shop\/","name":"one","description":"","publisher":{"@id":"https:\/\/n1thnltmdt21c.azdigi.shop\/#\/schema\/person\/f9c8d72cb37e057ca75fcb301f24775b"},"potentialAction":[{"@type":"SearchAction","target":{"@type":"EntryPoint","urlTemplate":"https:\/\/n1thnltmdt21c.azdigi.shop\/?s={search_term_string}"},"query-input":{"@type":"PropertyValueSpecification","valueRequired":true,"valueName":"search_term_string"}}],"inLanguage":"vi"},{"@type":["Person","Organization"],"@id":"https:\/\/n1thnltmdt21c.azdigi.shop\/#\/schema\/person\/f9c8d72cb37e057ca75fcb301f24775b","name":"avycvsxw","image":{"@type":"ImageObject","inLanguage":"vi","@id":"https:\/\/secure.gravatar.com\/avatar\/c56eb1032dab3a3f203620cbf35d45b422a782950bfc8d85494eb01f8e118853?s=96&d=mm&r=g","url":"https:\/\/secure.gravatar.com\/avatar\/c56eb1032dab3a3f203620cbf35d45b422a782950bfc8d85494eb01f8e118853?s=96&d=mm&r=g","contentUrl":"https:\/\/secure.gravatar.com\/avatar\/c56eb1032dab3a3f203620cbf35d45b422a782950bfc8d85494eb01f8e118853?s=96&d=mm&r=g","caption":"avycvsxw"},"logo":{"@id":"https:\/\/secure.gravatar.com\/avatar\/c56eb1032dab3a3f203620cbf35d45b422a782950bfc8d85494eb01f8e118853?s=96&d=mm&r=g"},"sameAs":["https:\/\/n1thnltmdt21c.azdigi.shop"]}]}},"_links":{"self":[{"href":"https:\/\/n1thnltmdt21c.azdigi.shop\/index.php\/wp-json\/wp\/v2\/product\/124","targetHints":{"allow":["GET"]}}],"collection":[{"href":"https:\/\/n1thnltmdt21c.azdigi.shop\/index.php\/wp-json\/wp\/v2\/product"}],"about":[{"href":"https:\/\/n1thnltmdt21c.azdigi.shop\/index.php\/wp-json\/wp\/v2\/types\/product"}],"replies":[{"embeddable":true,"href":"https:\/\/n1thnltmdt21c.azdigi.shop\/index.php\/wp-json\/wp\/v2\/comments?post=124"}],"wp:featuredmedia":[{"embeddable":true,"href":"https:\/\/n1thnltmdt21c.azdigi.shop\/index.php\/wp-json\/wp\/v2\/media\/108"}],"wp:attachment":[{"href":"https:\/\/n1thnltmdt21c.azdigi.shop\/index.php\/wp-json\/wp\/v2\/media?parent=124"}],"wp:term":[{"taxonomy":"product_brand","embeddable":true,"href":"https:\/\/n1thnltmdt21c.azdigi.shop\/index.php\/wp-json\/wp\/v2\/product_brand?post=124"},{"taxonomy":"product_cat","embeddable":true,"href":"https:\/\/n1thnltmdt21c.azdigi.shop\/index.php\/wp-json\/wp\/v2\/product_cat?post=124"},{"taxonomy":"product_tag","embeddable":true,"href":"https:\/\/n1thnltmdt21c.azdigi.shop\/index.php\/wp-json\/wp\/v2\/product_tag?post=124"}],"curies":[{"name":"wp","href":"https:\/\/api.w.org\/{rel}","templated":true}]}}