{"id":102,"date":"2026-04-14T09:00:53","date_gmt":"2026-04-14T09:00:53","guid":{"rendered":"https:\/\/n1thnltmdt21c.azdigi.shop\/?post_type=product&#038;p=102"},"modified":"2026-04-15T03:52:52","modified_gmt":"2026-04-15T03:52:52","slug":"vot-cau-long-yonex-astrox-77-play-limited-light-beige-chinh-hang","status":"publish","type":"product","link":"https:\/\/n1thnltmdt21c.azdigi.shop\/index.php\/product\/vot-cau-long-yonex-astrox-77-play-limited-light-beige-chinh-hang\/","title":{"rendered":"V\u1ee3t c\u1ea7u l\u00f4ng Yonex Astrox 77 Play Limited &#8211; Light Beige ch\u00ednh h\u00e3ng"},"content":{"rendered":"<h2><strong>1. Gi\u1edbi thi\u1ec7u v\u1ec1 V\u1ee3t c\u1ea7u l\u00f4ng Yonex Astrox 77 Play Limited &#8211; Light Beige<\/strong><\/h2>\n<p>&#8211;\u00a0V\u1ee3t c\u1ea7u l\u00f4ng Yonex Astrox 77 Play Limited &#8211; Light Beige\u00a0l\u00e0 phi\u00ean b\u1ea3n \u0111\u1eb7c bi\u1ec7t \u0111\u01b0\u1ee3c ph\u00e1t tri\u1ec3n t\u1eeb n\u1ec1n t\u1ea3ng Astrox 77. \u1ede phi\u00ean b\u1ea3n Limited, c\u00e2y v\u1ee3t kh\u00f4ng ch\u1ec9 gi\u1eef l\u1ea1i nh\u1eefng \u0111\u1eb7c tr\u01b0ng c\u1ed1t l\u00f5i v\u1ec1 hi\u1ec7u n\u0103ng m\u00e0 c\u00f2n \u0111\u01b0\u1ee3c tinh ch\u1ec9nh \u0111\u1ec3 tr\u1edf n\u00ean th\u00e2n thi\u1ec7n h\u01a1n v\u1edbi ng\u01b0\u1eddi m\u1edbi v\u00e0 ng\u01b0\u1eddi ch\u01a1i phong tr\u00e0o. V\u1ee3t thu\u1ed9c d\u00f2ng \u201cPlay\u201d, s\u1ea3n ph\u1ea9m h\u01b0\u1edbng \u0111\u1ebfn tr\u1ea3i nghi\u1ec7m d\u1ec5 ti\u1ebfp c\u1eadn, h\u1ed7 tr\u1ee3 ng\u01b0\u1eddi ch\u01a1i ki\u1ec3m so\u00e1t t\u1ed1t h\u01a1n m\u00e0 kh\u00f4ng \u0111\u00f2i h\u1ecfi k\u1ef9 thu\u1eadt qu\u00e1 cao.<\/p>\n<p>&#8211; V\u1ee3t c\u1ea7u l\u00f4ng Yonex Astrox 77 Play Limited &#8211; Light Beige mang l\u1ea1i hi\u1ec7u n\u0103ng to\u00e0n di\u1ec7n v\u1edbi kh\u1ea3 n\u0103ng h\u1ed7 tr\u1ee3 l\u1ef1c t\u1ed1t trong c\u00e1c pha t\u1ea5n c\u00f4ng nh\u1edd th\u00e2n v\u1ee3t d\u1ebbo Hi-Flex, gi\u00fap ng\u01b0\u1eddi ch\u01a1i d\u1ec5 d\u00e0ng th\u1ef1c hi\u1ec7n nh\u1eefng c\u00fa smash nhanh, c\u1eafm m\u00e0 kh\u00f4ng t\u1ed1n qu\u00e1 nhi\u1ec1u s\u1ee9c; \u0111\u1ed3ng th\u1eddi, thi\u1ebft k\u1ebf th\u00e2n m\u1ecfng Slim Shaft t\u0103ng \u0111\u1ed9 linh ho\u1ea1t trong ph\u00f2ng th\u1ee7 v\u00e0 ph\u1ea3n t\u1ea1t, k\u1ebft h\u1ee3p c\u00f9ng \u0111\u1ea7u v\u1ee3t h\u01a1i \u0111\u1ea7m \u0111\u1eb7c tr\u01b0ng d\u00f2ng Astrox gi\u00fap \u1ed5n \u0111\u1ecbnh qu\u1ef9 \u0111\u1ea1o c\u1ea7u v\u00e0 c\u1ea3i thi\u1ec7n \u0111\u00e1ng k\u1ec3 \u0111\u1ed9 ch\u00ednh x\u00e1c ngay c\u1ea3 khi ti\u1ebfp x\u00fac l\u1ec7ch t\u00e2m, mang l\u1ea1i c\u1ea3m gi\u00e1c \u0111\u00e1nh ch\u1eafc tay v\u00e0 t\u1ef1 tin trong m\u1ecdi t\u00ecnh hu\u1ed1ng.<\/p>\n<p><img decoding=\"async\" src=\"https:\/\/cdn.shopvnb.com\/uploads\/gallery\/vot-cau-long-yonex-astrox-77-play-limited-light-beige-chinh-hang_1773945577.webp\" alt=\"V\u1ee3t c\u1ea7u l\u00f4ng Yonex Astrox 77 Play Limited - Light Beige\" \/><\/p>\n<h2><strong>2. Th\u00f4ng s\u1ed1 k\u1ef9 thu\u1eadt c\u1ee7a V\u1ee3t c\u1ea7u l\u00f4ng Yonex Astrox 77 Play Limited &#8211; Light Beige<\/strong><\/h2>\n<p>&#8211; Th\u01b0\u01a1ng hi\u1ec7u: Yonex<\/p>\n<p>&#8211; \u0110\u1ed9 c\u1ee9ng: Trung b\u00ecnh<\/p>\n<p>&#8211; Khung v\u1ee3t: Graphite<\/p>\n<p>&#8211; Th\u00e2n v\u1ee3t c\u1ea7u l\u00f4ng Yonex Astrox 77 Play Limited &#8211; Light Beige: Graphite<\/p>\n<p>&#8211; Kh\u1edbp n\u1ed1i: Built-in T-Joint, T-ANCHOR<\/p>\n<p>&#8211; Tr\u1ecdng l\u01b0\u1ee3ng: 4U<\/p>\n<p>&#8211; Chu vi c\u00e1n v\u1ee3t: G5, G6<\/p>\n<p>&#8211; S\u1ee9c c\u0103ng khuy\u1ebfn ngh\u1ecb: 20 \u2013 28 lbs (9\u2013 12.5kg)<\/p>\n<p>Xem th\u00eam m\u1ed9t s\u1ed1 s\u1ea3n ph\u1ea9m\u00a0V\u1ee3t c\u1ea7u l\u00f4ng Yonex\u00a0kh\u00e1c \u0111ang \u0111\u01b0\u1ee3c b\u00e1n t\u1ea1i ShopVNB.<\/p>\n<h2><strong>3. C\u00f4ng ngh\u1ec7 n\u1ed5i b\u1eadt t\u00edch h\u1ee3p tr\u00ean V\u1ee3t c\u1ea7u l\u00f4ng Yonex Astrox 77 Play Limited &#8211; Light Beige<\/strong><\/h2>\n<p>&#8211;\u00a0<strong>Rotational Generator System<\/strong>: C\u00f4ng ngh\u1ec7 ph\u00e2n b\u1ed5 tr\u1ecdng l\u01b0\u1ee3ng theo 3 \u0111i\u1ec3m tr\u1ecdng y\u1ebfu g\u1ed3m \u0111\u1ea7u v\u1ee3t, kh\u1edbp ch\u1eef T v\u00e0 cu\u1ed1i c\u00e1n gi\u00fap c\u00e2n b\u1eb1ng to\u00e0n di\u1ec7n. Nh\u1edd \u0111\u00f3, v\u1ee3t c\u00f3 kh\u1ea3 n\u0103ng ph\u1ee5c h\u1ed3i nhanh sau m\u1ed7i c\u00fa \u0111\u00e1nh, h\u1ed7 tr\u1ee3 chuy\u1ec3n tr\u1ea1ng th\u00e1i linh ho\u1ea1t gi\u1eefa t\u1ea5n c\u00f4ng v\u00e0 ph\u00f2ng th\u1ee7.<\/p>\n<p>&#8211;\u00a0<strong>ISOMETRIC Frame<\/strong>: Thi\u1ebft k\u1ebf khung v\u1ee3t \u0111\u1eb7c tr\u01b0ng gi\u00fap m\u1edf r\u1ed9ng v\u00f9ng \u0111i\u1ec3m ng\u1ecdt so v\u1edbi khung tr\u00f2n truy\u1ec1n th\u1ed1ng. \u0110i\u1ec1u n\u00e0y gi\u00fap c\u1ea3i thi\u1ec7n \u0111\u1ed9 \u1ed5n \u0111\u1ecbnh v\u00e0 \u0111\u1ed9 ch\u00ednh x\u00e1c, \u0111\u1eb7c bi\u1ec7t h\u1eefu \u00edch cho nh\u1eefng c\u00fa \u0111\u00e1nh ch\u01b0a chu\u1ea9n t\u00e2m.<\/p>\n<p><img decoding=\"async\" src=\"https:\/\/cdn.shopvnb.com\/uploads\/images\/bai_viet\/vot-cau-long-yonex-astrox-77-play-limited-light-beige-chinh-hang-2-1774517633.jpg\" alt=\"ISOMETRIC Frame\" \/><\/p>\n<p>&#8211;\u00a0<strong>AERO+BOX Frame<\/strong>: S\u1ef1 k\u1ebft h\u1ee3p gi\u1eefa hai d\u1ea1ng khung Aero v\u00e0 Box mang l\u1ea1i hi\u1ec7u qu\u1ea3 k\u00e9p: gi\u1ea3m l\u1ef1c c\u1ea3n kh\u00f4ng kh\u00ed \u0111\u1ec3 t\u0103ng t\u1ed1c \u0111\u1ed9 vung v\u1ee3t, \u0111\u1ed3ng th\u1eddi duy tr\u00ec \u0111\u1ed9 ch\u1eafc ch\u1eafn khi ti\u1ebfp c\u1ea7u, gi\u00fap c\u00fa \u0111\u00e1nh v\u1eeba nhanh v\u1eeba \u1ed5n \u0111\u1ecbnh.<\/p>\n<p><img decoding=\"async\" src=\"https:\/\/cdn.shopvnb.com\/uploads\/images\/bai_viet\/vot-cau-long-yonex-astrox-77-play-limited-light-beige-chinh-hang-3-1774517633.jpg\" alt=\"AERO+BOX Frame\" \/><\/p>\n<p>&#8211;\u00a0<strong>Slim Shaft<\/strong>: Th\u00e2n v\u1ee3t \u0111\u01b0\u1ee3c thi\u1ebft k\u1ebf m\u1ecfng gi\u00fap gi\u1ea3m l\u1ef1c c\u1ea3n gi\u00f3, t\u0103ng t\u1ed1c \u0111\u1ed9 x\u1eed l\u00fd trong c\u00e1c t\u00ecnh hu\u1ed1ng ph\u1ea3n t\u1ea1t v\u00e0 \u0111i\u1ec1u c\u1ea7u nhanh. \u0110\u00e2y l\u00e0 y\u1ebfu t\u1ed1 quan tr\u1ecdng gi\u00fap ng\u01b0\u1eddi ch\u01a1i d\u1ec5 d\u00e0ng ki\u1ec3m so\u00e1t nh\u1ecbp \u0111\u1ed9 tr\u1eadn \u0111\u1ea5u.<\/p>\n<h2><strong>4. \u0110\u1ed1i t\u01b0\u1ee3ng ph\u00f9 h\u1ee3p v\u1edbi V\u1ee3t c\u1ea7u l\u00f4ng Yonex Astrox 77 Play Limited &#8211; Light Beige<\/strong><\/h2>\n<p>&#8211; V\u1ee3t c\u1ea7u l\u00f4ng Yonex Astrox 77 Play Limited &#8211; Light Beige ph\u00f9 h\u1ee3p v\u1edbi ng\u01b0\u1eddi m\u1edbi b\u1eaft \u0111\u1ea7u v\u00e0 ng\u01b0\u1eddi ch\u01a1i phong tr\u00e0o nh\u1edd th\u00e2n v\u1ee3t d\u1ebbo, h\u1ed7 tr\u1ee3 l\u1ef1c t\u1ed1t, gi\u00fap gi\u1ea3m \u00e1p l\u1ef1c l\u00ean c\u1ed5 tay khi th\u1ef1c hi\u1ec7n c\u00e1c c\u00fa \u0111\u00e1nh t\u1eeb cu\u1ed1i s\u00e2n.<\/p>\n<p>&#8211; \u0110\u1ed1i v\u1edbi h\u1ecdc sinh, sinh vi\u00ean ho\u1eb7c ng\u01b0\u1eddi ch\u01a1i b\u00e1n chuy\u00ean, \u0111\u00e2y l\u00e0 l\u1ef1a ch\u1ecdn c\u00e2n b\u1eb1ng gi\u1eefa hi\u1ec7u n\u0103ng v\u00e0 chi ph\u00ed. V\u1ee3t \u0111\u00e1p \u1ee9ng t\u1ed1t c\u1ea3 nhu c\u1ea7u luy\u1ec7n t\u1eadp l\u1eabn thi \u0111\u1ea5u phong tr\u00e0o nh\u1edd kh\u1ea3 n\u0103ng c\u00f4ng th\u1ee7 to\u00e0n di\u1ec7n.<\/p>\n<p>Xem th\u00eam m\u1ed9t s\u1ed1 m\u1eabu\u00a0V\u1ee3t c\u1ea7u l\u00f4ng\u00a0kh\u00e1c \u0111ang \u0111\u01b0\u1ee3c b\u00e1n t\u1ea1i ShopVNB.<\/p>\n","protected":false},"excerpt":{"rendered":"<p>1. Gi\u1edbi thi\u1ec7u v\u1ec1 V\u1ee3t c\u1ea7u l\u00f4ng Yonex Astrox 77 Play Limited &#8211; Light Beige &#8211;\u00a0V\u1ee3t c\u1ea7u l\u00f4ng Yonex Astrox 77 Play Limited &#8211; Light Beige\u00a0l\u00e0 phi\u00ean b\u1ea3n \u0111\u1eb7c bi\u1ec7t \u0111\u01b0\u1ee3c ph\u00e1t tri\u1ec3n t\u1eeb n\u1ec1n t\u1ea3ng Astrox 77. \u1ede phi\u00ean b\u1ea3n Limited, c\u00e2y v\u1ee3t kh\u00f4ng ch\u1ec9 gi\u1eef l\u1ea1i nh\u1eefng \u0111\u1eb7c tr\u01b0ng c\u1ed1t l\u00f5i v\u1ec1 hi\u1ec7u&#8230;<\/p>\n","protected":false},"featured_media":110,"comment_status":"open","ping_status":"closed","template":"","meta":[],"product_brand":[36],"product_cat":[23,22],"product_tag":[],"class_list":{"0":"post-102","1":"product","2":"type-product","3":"status-publish","4":"has-post-thumbnail","6":"product_brand-yonex","7":"product_cat-vot-cau-long","8":"product_cat-vot-cau-long-yonex","10":"first","11":"instock","12":"shipping-taxable","13":"purchasable","14":"product-type-variable"},"yoast_head":"<!-- This site is optimized with the Yoast SEO plugin v27.3 - https:\/\/yoast.com\/product\/yoast-seo-wordpress\/ -->\n<title>V\u1ee3t c\u1ea7u l\u00f4ng Yonex Astrox 77 Play Limited - Light Beige ch\u00ednh h\u00e3ng - one<\/title>\n<meta name=\"robots\" content=\"index, follow, max-snippet:-1, max-image-preview:large, max-video-preview:-1\" \/>\n<link rel=\"canonical\" href=\"https:\/\/n1thnltmdt21c.azdigi.shop\/index.php\/product\/vot-cau-long-yonex-astrox-77-play-limited-light-beige-chinh-hang\/\" \/>\n<meta property=\"og:locale\" content=\"vi_VN\" \/>\n<meta property=\"og:type\" content=\"article\" \/>\n<meta property=\"og:title\" content=\"V\u1ee3t c\u1ea7u l\u00f4ng Yonex Astrox 77 Play Limited - Light Beige ch\u00ednh h\u00e3ng - one\" \/>\n<meta property=\"og:description\" content=\"1. Gi\u1edbi thi\u1ec7u v\u1ec1 V\u1ee3t c\u1ea7u l\u00f4ng Yonex Astrox 77 Play Limited &#8211; Light Beige &#8211;\u00a0V\u1ee3t c\u1ea7u l\u00f4ng Yonex Astrox 77 Play Limited &#8211; Light Beige\u00a0l\u00e0 phi\u00ean b\u1ea3n \u0111\u1eb7c bi\u1ec7t \u0111\u01b0\u1ee3c ph\u00e1t tri\u1ec3n t\u1eeb n\u1ec1n t\u1ea3ng Astrox 77. \u1ede phi\u00ean b\u1ea3n Limited, c\u00e2y v\u1ee3t kh\u00f4ng ch\u1ec9 gi\u1eef l\u1ea1i nh\u1eefng \u0111\u1eb7c tr\u01b0ng c\u1ed1t l\u00f5i v\u1ec1 hi\u1ec7u...\" \/>\n<meta property=\"og:url\" content=\"https:\/\/n1thnltmdt21c.azdigi.shop\/index.php\/product\/vot-cau-long-yonex-astrox-77-play-limited-light-beige-chinh-hang\/\" \/>\n<meta property=\"og:site_name\" content=\"one\" \/>\n<meta property=\"article:modified_time\" content=\"2026-04-15T03:52:52+00:00\" \/>\n<meta property=\"og:image\" content=\"https:\/\/n1thnltmdt21c.azdigi.shop\/wp-content\/uploads\/2026\/04\/1.webp\" \/>\n\t<meta property=\"og:image:width\" content=\"300\" \/>\n\t<meta property=\"og:image:height\" content=\"300\" \/>\n\t<meta property=\"og:image:type\" content=\"image\/webp\" \/>\n<meta name=\"twitter:card\" content=\"summary_large_image\" \/>\n<meta name=\"twitter:label1\" content=\"\u01af\u1edbc t\u00ednh th\u1eddi gian \u0111\u1ecdc\" \/>\n\t<meta name=\"twitter:data1\" content=\"5 ph\u00fat\" \/>\n<script type=\"application\/ld+json\" class=\"yoast-schema-graph\">{\"@context\":\"https:\\\/\\\/schema.org\",\"@graph\":[{\"@type\":\"WebPage\",\"@id\":\"https:\\\/\\\/n1thnltmdt21c.azdigi.shop\\\/index.php\\\/product\\\/vot-cau-long-yonex-astrox-77-play-limited-light-beige-chinh-hang\\\/\",\"url\":\"https:\\\/\\\/n1thnltmdt21c.azdigi.shop\\\/index.php\\\/product\\\/vot-cau-long-yonex-astrox-77-play-limited-light-beige-chinh-hang\\\/\",\"name\":\"V\u1ee3t c\u1ea7u l\u00f4ng Yonex Astrox 77 Play Limited - Light Beige ch\u00ednh h\u00e3ng - one\",\"isPartOf\":{\"@id\":\"https:\\\/\\\/n1thnltmdt21c.azdigi.shop\\\/#website\"},\"primaryImageOfPage\":{\"@id\":\"https:\\\/\\\/n1thnltmdt21c.azdigi.shop\\\/index.php\\\/product\\\/vot-cau-long-yonex-astrox-77-play-limited-light-beige-chinh-hang\\\/#primaryimage\"},\"image\":{\"@id\":\"https:\\\/\\\/n1thnltmdt21c.azdigi.shop\\\/index.php\\\/product\\\/vot-cau-long-yonex-astrox-77-play-limited-light-beige-chinh-hang\\\/#primaryimage\"},\"thumbnailUrl\":\"https:\\\/\\\/n1thnltmdt21c.azdigi.shop\\\/wp-content\\\/uploads\\\/2026\\\/04\\\/1.webp\",\"datePublished\":\"2026-04-14T09:00:53+00:00\",\"dateModified\":\"2026-04-15T03:52:52+00:00\",\"breadcrumb\":{\"@id\":\"https:\\\/\\\/n1thnltmdt21c.azdigi.shop\\\/index.php\\\/product\\\/vot-cau-long-yonex-astrox-77-play-limited-light-beige-chinh-hang\\\/#breadcrumb\"},\"inLanguage\":\"vi\",\"potentialAction\":[{\"@type\":\"ReadAction\",\"target\":[\"https:\\\/\\\/n1thnltmdt21c.azdigi.shop\\\/index.php\\\/product\\\/vot-cau-long-yonex-astrox-77-play-limited-light-beige-chinh-hang\\\/\"]}]},{\"@type\":\"ImageObject\",\"inLanguage\":\"vi\",\"@id\":\"https:\\\/\\\/n1thnltmdt21c.azdigi.shop\\\/index.php\\\/product\\\/vot-cau-long-yonex-astrox-77-play-limited-light-beige-chinh-hang\\\/#primaryimage\",\"url\":\"https:\\\/\\\/n1thnltmdt21c.azdigi.shop\\\/wp-content\\\/uploads\\\/2026\\\/04\\\/1.webp\",\"contentUrl\":\"https:\\\/\\\/n1thnltmdt21c.azdigi.shop\\\/wp-content\\\/uploads\\\/2026\\\/04\\\/1.webp\",\"width\":300,\"height\":300},{\"@type\":\"BreadcrumbList\",\"@id\":\"https:\\\/\\\/n1thnltmdt21c.azdigi.shop\\\/index.php\\\/product\\\/vot-cau-long-yonex-astrox-77-play-limited-light-beige-chinh-hang\\\/#breadcrumb\",\"itemListElement\":[{\"@type\":\"ListItem\",\"position\":1,\"name\":\"Home\",\"item\":\"https:\\\/\\\/n1thnltmdt21c.azdigi.shop\\\/\"},{\"@type\":\"ListItem\",\"position\":2,\"name\":\"C\u1eeda h\u00e0ng\",\"item\":\"https:\\\/\\\/n1thnltmdt21c.azdigi.shop\\\/index.php\\\/cua-hang\\\/\"},{\"@type\":\"ListItem\",\"position\":3,\"name\":\"V\u1ee3t c\u1ea7u l\u00f4ng Yonex Astrox 77 Play Limited &#8211; Light Beige ch\u00ednh h\u00e3ng\"}]},{\"@type\":\"WebSite\",\"@id\":\"https:\\\/\\\/n1thnltmdt21c.azdigi.shop\\\/#website\",\"url\":\"https:\\\/\\\/n1thnltmdt21c.azdigi.shop\\\/\",\"name\":\"one\",\"description\":\"\",\"publisher\":{\"@id\":\"https:\\\/\\\/n1thnltmdt21c.azdigi.shop\\\/#\\\/schema\\\/person\\\/f9c8d72cb37e057ca75fcb301f24775b\"},\"potentialAction\":[{\"@type\":\"SearchAction\",\"target\":{\"@type\":\"EntryPoint\",\"urlTemplate\":\"https:\\\/\\\/n1thnltmdt21c.azdigi.shop\\\/?s={search_term_string}\"},\"query-input\":{\"@type\":\"PropertyValueSpecification\",\"valueRequired\":true,\"valueName\":\"search_term_string\"}}],\"inLanguage\":\"vi\"},{\"@type\":[\"Person\",\"Organization\"],\"@id\":\"https:\\\/\\\/n1thnltmdt21c.azdigi.shop\\\/#\\\/schema\\\/person\\\/f9c8d72cb37e057ca75fcb301f24775b\",\"name\":\"avycvsxw\",\"image\":{\"@type\":\"ImageObject\",\"inLanguage\":\"vi\",\"@id\":\"https:\\\/\\\/secure.gravatar.com\\\/avatar\\\/c56eb1032dab3a3f203620cbf35d45b422a782950bfc8d85494eb01f8e118853?s=96&d=mm&r=g\",\"url\":\"https:\\\/\\\/secure.gravatar.com\\\/avatar\\\/c56eb1032dab3a3f203620cbf35d45b422a782950bfc8d85494eb01f8e118853?s=96&d=mm&r=g\",\"contentUrl\":\"https:\\\/\\\/secure.gravatar.com\\\/avatar\\\/c56eb1032dab3a3f203620cbf35d45b422a782950bfc8d85494eb01f8e118853?s=96&d=mm&r=g\",\"caption\":\"avycvsxw\"},\"logo\":{\"@id\":\"https:\\\/\\\/secure.gravatar.com\\\/avatar\\\/c56eb1032dab3a3f203620cbf35d45b422a782950bfc8d85494eb01f8e118853?s=96&d=mm&r=g\"},\"sameAs\":[\"https:\\\/\\\/n1thnltmdt21c.azdigi.shop\"]}]}<\/script>\n<!-- \/ Yoast SEO plugin. -->","yoast_head_json":{"title":"V\u1ee3t c\u1ea7u l\u00f4ng Yonex Astrox 77 Play Limited - Light Beige ch\u00ednh h\u00e3ng - one","robots":{"index":"index","follow":"follow","max-snippet":"max-snippet:-1","max-image-preview":"max-image-preview:large","max-video-preview":"max-video-preview:-1"},"canonical":"https:\/\/n1thnltmdt21c.azdigi.shop\/index.php\/product\/vot-cau-long-yonex-astrox-77-play-limited-light-beige-chinh-hang\/","og_locale":"vi_VN","og_type":"article","og_title":"V\u1ee3t c\u1ea7u l\u00f4ng Yonex Astrox 77 Play Limited - Light Beige ch\u00ednh h\u00e3ng - one","og_description":"1. Gi\u1edbi thi\u1ec7u v\u1ec1 V\u1ee3t c\u1ea7u l\u00f4ng Yonex Astrox 77 Play Limited &#8211; Light Beige &#8211;\u00a0V\u1ee3t c\u1ea7u l\u00f4ng Yonex Astrox 77 Play Limited &#8211; Light Beige\u00a0l\u00e0 phi\u00ean b\u1ea3n \u0111\u1eb7c bi\u1ec7t \u0111\u01b0\u1ee3c ph\u00e1t tri\u1ec3n t\u1eeb n\u1ec1n t\u1ea3ng Astrox 77. \u1ede phi\u00ean b\u1ea3n Limited, c\u00e2y v\u1ee3t kh\u00f4ng ch\u1ec9 gi\u1eef l\u1ea1i nh\u1eefng \u0111\u1eb7c tr\u01b0ng c\u1ed1t l\u00f5i v\u1ec1 hi\u1ec7u...","og_url":"https:\/\/n1thnltmdt21c.azdigi.shop\/index.php\/product\/vot-cau-long-yonex-astrox-77-play-limited-light-beige-chinh-hang\/","og_site_name":"one","article_modified_time":"2026-04-15T03:52:52+00:00","og_image":[{"width":300,"height":300,"url":"https:\/\/n1thnltmdt21c.azdigi.shop\/wp-content\/uploads\/2026\/04\/1.webp","type":"image\/webp"}],"twitter_card":"summary_large_image","twitter_misc":{"\u01af\u1edbc t\u00ednh th\u1eddi gian \u0111\u1ecdc":"5 ph\u00fat"},"schema":{"@context":"https:\/\/schema.org","@graph":[{"@type":"WebPage","@id":"https:\/\/n1thnltmdt21c.azdigi.shop\/index.php\/product\/vot-cau-long-yonex-astrox-77-play-limited-light-beige-chinh-hang\/","url":"https:\/\/n1thnltmdt21c.azdigi.shop\/index.php\/product\/vot-cau-long-yonex-astrox-77-play-limited-light-beige-chinh-hang\/","name":"V\u1ee3t c\u1ea7u l\u00f4ng Yonex Astrox 77 Play Limited - Light Beige ch\u00ednh h\u00e3ng - one","isPartOf":{"@id":"https:\/\/n1thnltmdt21c.azdigi.shop\/#website"},"primaryImageOfPage":{"@id":"https:\/\/n1thnltmdt21c.azdigi.shop\/index.php\/product\/vot-cau-long-yonex-astrox-77-play-limited-light-beige-chinh-hang\/#primaryimage"},"image":{"@id":"https:\/\/n1thnltmdt21c.azdigi.shop\/index.php\/product\/vot-cau-long-yonex-astrox-77-play-limited-light-beige-chinh-hang\/#primaryimage"},"thumbnailUrl":"https:\/\/n1thnltmdt21c.azdigi.shop\/wp-content\/uploads\/2026\/04\/1.webp","datePublished":"2026-04-14T09:00:53+00:00","dateModified":"2026-04-15T03:52:52+00:00","breadcrumb":{"@id":"https:\/\/n1thnltmdt21c.azdigi.shop\/index.php\/product\/vot-cau-long-yonex-astrox-77-play-limited-light-beige-chinh-hang\/#breadcrumb"},"inLanguage":"vi","potentialAction":[{"@type":"ReadAction","target":["https:\/\/n1thnltmdt21c.azdigi.shop\/index.php\/product\/vot-cau-long-yonex-astrox-77-play-limited-light-beige-chinh-hang\/"]}]},{"@type":"ImageObject","inLanguage":"vi","@id":"https:\/\/n1thnltmdt21c.azdigi.shop\/index.php\/product\/vot-cau-long-yonex-astrox-77-play-limited-light-beige-chinh-hang\/#primaryimage","url":"https:\/\/n1thnltmdt21c.azdigi.shop\/wp-content\/uploads\/2026\/04\/1.webp","contentUrl":"https:\/\/n1thnltmdt21c.azdigi.shop\/wp-content\/uploads\/2026\/04\/1.webp","width":300,"height":300},{"@type":"BreadcrumbList","@id":"https:\/\/n1thnltmdt21c.azdigi.shop\/index.php\/product\/vot-cau-long-yonex-astrox-77-play-limited-light-beige-chinh-hang\/#breadcrumb","itemListElement":[{"@type":"ListItem","position":1,"name":"Home","item":"https:\/\/n1thnltmdt21c.azdigi.shop\/"},{"@type":"ListItem","position":2,"name":"C\u1eeda h\u00e0ng","item":"https:\/\/n1thnltmdt21c.azdigi.shop\/index.php\/cua-hang\/"},{"@type":"ListItem","position":3,"name":"V\u1ee3t c\u1ea7u l\u00f4ng Yonex Astrox 77 Play Limited &#8211; Light Beige ch\u00ednh h\u00e3ng"}]},{"@type":"WebSite","@id":"https:\/\/n1thnltmdt21c.azdigi.shop\/#website","url":"https:\/\/n1thnltmdt21c.azdigi.shop\/","name":"one","description":"","publisher":{"@id":"https:\/\/n1thnltmdt21c.azdigi.shop\/#\/schema\/person\/f9c8d72cb37e057ca75fcb301f24775b"},"potentialAction":[{"@type":"SearchAction","target":{"@type":"EntryPoint","urlTemplate":"https:\/\/n1thnltmdt21c.azdigi.shop\/?s={search_term_string}"},"query-input":{"@type":"PropertyValueSpecification","valueRequired":true,"valueName":"search_term_string"}}],"inLanguage":"vi"},{"@type":["Person","Organization"],"@id":"https:\/\/n1thnltmdt21c.azdigi.shop\/#\/schema\/person\/f9c8d72cb37e057ca75fcb301f24775b","name":"avycvsxw","image":{"@type":"ImageObject","inLanguage":"vi","@id":"https:\/\/secure.gravatar.com\/avatar\/c56eb1032dab3a3f203620cbf35d45b422a782950bfc8d85494eb01f8e118853?s=96&d=mm&r=g","url":"https:\/\/secure.gravatar.com\/avatar\/c56eb1032dab3a3f203620cbf35d45b422a782950bfc8d85494eb01f8e118853?s=96&d=mm&r=g","contentUrl":"https:\/\/secure.gravatar.com\/avatar\/c56eb1032dab3a3f203620cbf35d45b422a782950bfc8d85494eb01f8e118853?s=96&d=mm&r=g","caption":"avycvsxw"},"logo":{"@id":"https:\/\/secure.gravatar.com\/avatar\/c56eb1032dab3a3f203620cbf35d45b422a782950bfc8d85494eb01f8e118853?s=96&d=mm&r=g"},"sameAs":["https:\/\/n1thnltmdt21c.azdigi.shop"]}]}},"_links":{"self":[{"href":"https:\/\/n1thnltmdt21c.azdigi.shop\/index.php\/wp-json\/wp\/v2\/product\/102","targetHints":{"allow":["GET"]}}],"collection":[{"href":"https:\/\/n1thnltmdt21c.azdigi.shop\/index.php\/wp-json\/wp\/v2\/product"}],"about":[{"href":"https:\/\/n1thnltmdt21c.azdigi.shop\/index.php\/wp-json\/wp\/v2\/types\/product"}],"replies":[{"embeddable":true,"href":"https:\/\/n1thnltmdt21c.azdigi.shop\/index.php\/wp-json\/wp\/v2\/comments?post=102"}],"wp:featuredmedia":[{"embeddable":true,"href":"https:\/\/n1thnltmdt21c.azdigi.shop\/index.php\/wp-json\/wp\/v2\/media\/110"}],"wp:attachment":[{"href":"https:\/\/n1thnltmdt21c.azdigi.shop\/index.php\/wp-json\/wp\/v2\/media?parent=102"}],"wp:term":[{"taxonomy":"product_brand","embeddable":true,"href":"https:\/\/n1thnltmdt21c.azdigi.shop\/index.php\/wp-json\/wp\/v2\/product_brand?post=102"},{"taxonomy":"product_cat","embeddable":true,"href":"https:\/\/n1thnltmdt21c.azdigi.shop\/index.php\/wp-json\/wp\/v2\/product_cat?post=102"},{"taxonomy":"product_tag","embeddable":true,"href":"https:\/\/n1thnltmdt21c.azdigi.shop\/index.php\/wp-json\/wp\/v2\/product_tag?post=102"}],"curies":[{"name":"wp","href":"https:\/\/api.w.org\/{rel}","templated":true}]}}